{"id":4169,"date":"1970-01-01T00:00:00","date_gmt":"1970-01-01T00:00:00","guid":{"rendered":"https:\/\/4-20.mx\/?post_type=product&#038;p=4169"},"modified":"2025-12-01T12:26:20","modified_gmt":"2025-12-01T18:26:20","slug":"pure-gotero-aceite-1000-mg-cbd","status":"publish","type":"product","link":"https:\/\/4-20.mx\/index.php\/producto\/pure-gotero-aceite-1000-mg-cbd\/","title":{"rendered":"Pure Gotero Aceite 1000 MG CBD"},"content":{"rendered":"<p>Pure Gotero Aceite 1000 MG CBD<\/p>\n<h3 class=\"mb-4 \">PURE<label>(500mg, 1000mg, 3000mg, 6000mg)<\/label><\/h3>\n<div class=\"col wow fadeInUp\" data-wow-delay=\"0.1s\">\n<p class=\"text\">Nuestras l\u00edneas de aceite en gotero Pure, es una extracci\u00f3n pura de CBD de la planta del C\u00e1\u00f1amo Especializado para tratar a personas con padecimientos y dolores cr\u00f3nicos. Contamos con diferentes concentraciones para diferentes padecimientos.<\/p>\n<p><button id=\"one\" class=\"tittle\"><b>INGREDIENTES<\/b><\/button><\/p>\n<div class=\"\">\n<p class=\"text\">Aceite de Hemp (ca\u00f1amo).Concentraciones de 500mg, 1000mg, 3000mg, 6000mg de CBD.Sabor Menta.<\/p>\n<\/div>\n<p><button id=\"two\" class=\"tittle\"><b>PRESENTACI\u00d3N<\/b><\/button><\/p>\n<div class=\"\">\n<p class=\"text\">Frasco gotero de 30ml en concentraciones de 500mg, 1000mg, 3000mg, 6000mg.<\/p>\n<\/div>\n<p><button id=\"tree\" class=\"tittle\"><b>BENEFICIOS<\/b><\/button><\/p>\n<div class=\"\">\n<p class=\"text\">Te ayuda a mantenerte sereno durante el d\u00eda.Combate el estr\u00e9s y la ansiedad.Rico en nutrientes como Omega3 y grasas saludables que ayudan a regular el colesterol y sin causar acidez estomacal.Gran valor en salud y bienestar a nivel cardiovascular y cerebral por la proporci\u00f3n de \u00e1cidos grasos poliinsaturados y amino\u00e1cidos esenciales.Reduce el riesgo de ataques al coraz\u00f3n, debido a que reduce los efectos de coagulaci\u00f3n de la sangre y mejora los perfiles del colesterol.<\/p>\n<\/div>\n<p><button id=\"four\" class=\"tittle\"><b>MODO DE USO<\/b><\/button><\/p>\n<div class=\"\">\n<p class=\"text\">Sublingual, Se podr\u00e1n sentir los efectos a partir de los 20 minutos de la toma con una duraci\u00f3n de varias horas.<\/p>\n<\/div>\n<p><button id=\"five\" class=\"tittle\"><b>DOSIS<\/b><\/button><\/p>\n<div class=\"\">\n<p class=\"text\">2 a 3 veces al d\u00eda. La Dosis de CBD var\u00eda para cualquier persona de acuerdo a su estatura, peso, edad, sexo y padecimiento. Se recomienda comenzar con dosis bajas e ir aumentando en gotas hasta lograr los efectos deseados.<\/p>\n<\/div>\n<ul>\n<li class=\"text\"><b>Probados en Laboratorio.<\/b><\/li>\n<li class=\"text\"><b>Fabricados en M\u00e9xico.<\/b><\/li>\n<li class=\"text\"><b>Veganos y sin maltrato animal.<\/b><\/li>\n<li class=\"text\"><b>Libres de pesticidas, metales pesados o toxinas.<\/b><\/li>\n<li class=\"text\"><b>Sin GMO.<\/b><\/li>\n<li class=\"text\"><b>Sin Gluten.<\/b><\/li>\n<\/ul>\n<p><img decoding=\"async\" class=\"alignnone size-medium wp-image-482 lazyload\" data-src=\"https:\/\/4-20.mx\/wp-content\/uploads\/2023\/05\/Image-036-300x82.png\" alt=\"\" width=\"300\" height=\"82\" data-srcset=\"https:\/\/4-20.mx\/wp-content\/uploads\/2023\/05\/Image-036-300x82.png 300w, https:\/\/4-20.mx\/wp-content\/uploads\/2023\/05\/Image-036.png 461w\" data-sizes=\"(max-width: 300px) 100vw, 300px\" src=\"data:image\/svg+xml;base64,PHN2ZyB3aWR0aD0iMSIgaGVpZ2h0PSIxIiB4bWxucz0iaHR0cDovL3d3dy53My5vcmcvMjAwMC9zdmciPjwvc3ZnPg==\" style=\"--smush-placeholder-width: 300px; --smush-placeholder-aspect-ratio: 300\/82;\" \/><\/div>\n","protected":false},"excerpt":{"rendered":"<p>Pure Gotero Aceite 1000 MG CBD PURE(500mg, 1000mg, 3000mg, 6000mg) Nuestras l\u00edneas de aceite en gotero Pure, es una extracci\u00f3n pura de CBD de la planta del C\u00e1\u00f1amo Especializado para tratar a personas con padecimientos y dolores cr\u00f3nicos. Contamos con diferentes concentraciones para diferentes padecimientos. INGREDIENTES Aceite de Hemp (ca\u00f1amo).Concentraciones de 500mg, 1000mg, 3000mg, 6000mg<a class=\"more-link\" href=\"https:\/\/4-20.mx\/index.php\/producto\/pure-gotero-aceite-1000-mg-cbd\/\">Ver m\u00e1s  &#10230;<\/a><\/p>\n","protected":false},"featured_media":539,"comment_status":"open","ping_status":"closed","template":"","meta":{"_angie_page":false,"_editorskit_title_hidden":false,"_editorskit_reading_time":0,"_editorskit_is_block_options_detached":false,"_editorskit_block_options_position":"{}","inline_featured_image":false},"product_brand":[],"product_cat":[41,42],"product_tag":[],"class_list":{"0":"post-4169","1":"product","2":"type-product","3":"status-publish","4":"has-post-thumbnail","6":"product_cat-aceite-sublingual-cbd","7":"product_cat-aceite-sublingual-cbd-pure","9":"first","10":"outofstock","11":"shipping-taxable","12":"purchasable","13":"product-type-simple"},"yoast_head":"<!-- This site is optimized with the Yoast SEO plugin v26.4 - https:\/\/yoast.com\/wordpress\/plugins\/seo\/ -->\n<title>Pure Gotero Aceite 1000 MG CBD - 4 20<\/title>\n<meta name=\"description\" content=\"Descubre la forma m\u00e1s pura de extracci\u00f3n de CBD con nuestra l\u00ednea de Aceite Puro Gotero 6000 MG CBD. Nuestra f\u00f3rmula especializada est\u00e1 dise\u00f1ada para tratar dolencias y dolores cr\u00f3nicos, proporcionando alivio a quienes m\u00e1s lo necesitan. Experimente el poder de la naturaleza con nuestro extracto de planta de c\u00e1\u00f1amo de primera calidad. Haga su pedido ahora y empiece a vivir su mejor vida.\" \/>\n<meta name=\"robots\" content=\"index, follow, max-snippet:-1, max-image-preview:large, max-video-preview:-1\" \/>\n<link rel=\"canonical\" href=\"https:\/\/4-20.tempurl.host\/index.php\/producto\/pure-gotero-aceite-1000-mg-cbd\/\" \/>\n<meta property=\"og:locale\" content=\"es_ES\" \/>\n<meta property=\"og:type\" content=\"article\" \/>\n<meta property=\"og:title\" content=\"Pure Gotero Aceite 1000 MG CBD - 4 20\" \/>\n<meta property=\"og:description\" content=\"Descubre la forma m\u00e1s pura de extracci\u00f3n de CBD con nuestra l\u00ednea de Aceite Puro Gotero 6000 MG CBD. Nuestra f\u00f3rmula especializada est\u00e1 dise\u00f1ada para tratar dolencias y dolores cr\u00f3nicos, proporcionando alivio a quienes m\u00e1s lo necesitan. Experimente el poder de la naturaleza con nuestro extracto de planta de c\u00e1\u00f1amo de primera calidad. Haga su pedido ahora y empiece a vivir su mejor vida.\" \/>\n<meta property=\"og:url\" content=\"https:\/\/4-20.tempurl.host\/index.php\/producto\/pure-gotero-aceite-1000-mg-cbd\/\" \/>\n<meta property=\"og:site_name\" content=\"4 20\" \/>\n<meta property=\"article:modified_time\" content=\"2025-12-01T18:26:20+00:00\" \/>\n<meta property=\"og:image\" content=\"https:\/\/4-20.tempurl.host\/wp-content\/uploads\/2023\/05\/pure-500_depix.png\" \/>\n\t<meta property=\"og:image:width\" content=\"2000\" \/>\n\t<meta property=\"og:image:height\" content=\"2000\" \/>\n\t<meta property=\"og:image:type\" content=\"image\/png\" \/>\n<meta name=\"twitter:card\" content=\"summary_large_image\" \/>\n<meta name=\"twitter:label1\" content=\"Tiempo de lectura\" \/>\n\t<meta name=\"twitter:data1\" content=\"1 minuto\" \/>\n<script type=\"application\/ld+json\" class=\"yoast-schema-graph\">{\"@context\":\"https:\/\/schema.org\",\"@graph\":[{\"@type\":\"WebPage\",\"@id\":\"https:\/\/4-20.tempurl.host\/index.php\/producto\/pure-gotero-aceite-1000-mg-cbd\/\",\"url\":\"https:\/\/4-20.tempurl.host\/index.php\/producto\/pure-gotero-aceite-1000-mg-cbd\/\",\"name\":\"Pure Gotero Aceite 1000 MG CBD - 4 20\",\"isPartOf\":{\"@id\":\"https:\/\/4-20.tempurl.host\/#website\"},\"primaryImageOfPage\":{\"@id\":\"https:\/\/4-20.tempurl.host\/index.php\/producto\/pure-gotero-aceite-1000-mg-cbd\/#primaryimage\"},\"image\":{\"@id\":\"https:\/\/4-20.tempurl.host\/index.php\/producto\/pure-gotero-aceite-1000-mg-cbd\/#primaryimage\"},\"thumbnailUrl\":\"https:\/\/4-20.mx\/wp-content\/uploads\/2023\/05\/pure-500_depix.png\",\"datePublished\":\"1970-01-01T00:00:00+00:00\",\"dateModified\":\"2025-12-01T18:26:20+00:00\",\"description\":\"Descubre la forma m\u00e1s pura de extracci\u00f3n de CBD con nuestra l\u00ednea de Aceite Puro Gotero 6000 MG CBD. Nuestra f\u00f3rmula especializada est\u00e1 dise\u00f1ada para tratar dolencias y dolores cr\u00f3nicos, proporcionando alivio a quienes m\u00e1s lo necesitan. Experimente el poder de la naturaleza con nuestro extracto de planta de c\u00e1\u00f1amo de primera calidad. Haga su pedido ahora y empiece a vivir su mejor vida.\",\"breadcrumb\":{\"@id\":\"https:\/\/4-20.tempurl.host\/index.php\/producto\/pure-gotero-aceite-1000-mg-cbd\/#breadcrumb\"},\"inLanguage\":\"es\",\"potentialAction\":[{\"@type\":\"ReadAction\",\"target\":[\"https:\/\/4-20.tempurl.host\/index.php\/producto\/pure-gotero-aceite-1000-mg-cbd\/\"]}]},{\"@type\":\"ImageObject\",\"inLanguage\":\"es\",\"@id\":\"https:\/\/4-20.tempurl.host\/index.php\/producto\/pure-gotero-aceite-1000-mg-cbd\/#primaryimage\",\"url\":\"https:\/\/4-20.mx\/wp-content\/uploads\/2023\/05\/pure-500_depix.png\",\"contentUrl\":\"https:\/\/4-20.mx\/wp-content\/uploads\/2023\/05\/pure-500_depix.png\",\"width\":2000,\"height\":2000},{\"@type\":\"BreadcrumbList\",\"@id\":\"https:\/\/4-20.tempurl.host\/index.php\/producto\/pure-gotero-aceite-1000-mg-cbd\/#breadcrumb\",\"itemListElement\":[{\"@type\":\"ListItem\",\"position\":1,\"name\":\"Portada\",\"item\":\"https:\/\/4-20.mx\/\"},{\"@type\":\"ListItem\",\"position\":2,\"name\":\"Shop\",\"item\":\"https:\/\/4-20.tempurl.host\/index.php\/shop\/\"},{\"@type\":\"ListItem\",\"position\":3,\"name\":\"Pure Gotero Aceite 1000 MG CBD\"}]},{\"@type\":\"WebSite\",\"@id\":\"https:\/\/4-20.tempurl.host\/#website\",\"url\":\"https:\/\/4-20.tempurl.host\/\",\"name\":\"4 20\",\"description\":\"Descubre la magia del cannabis y d\u00e9jate llevar por la experiencia.\",\"publisher\":{\"@id\":\"https:\/\/4-20.tempurl.host\/#organization\"},\"potentialAction\":[{\"@type\":\"SearchAction\",\"target\":{\"@type\":\"EntryPoint\",\"urlTemplate\":\"https:\/\/4-20.tempurl.host\/?s={search_term_string}\"},\"query-input\":{\"@type\":\"PropertyValueSpecification\",\"valueRequired\":true,\"valueName\":\"search_term_string\"}}],\"inLanguage\":\"es\"},{\"@type\":\"Organization\",\"@id\":\"https:\/\/4-20.tempurl.host\/#organization\",\"name\":\"4 20\",\"url\":\"https:\/\/4-20.tempurl.host\/\",\"logo\":{\"@type\":\"ImageObject\",\"inLanguage\":\"es\",\"@id\":\"https:\/\/4-20.tempurl.host\/#\/schema\/logo\/image\/\",\"url\":\"https:\/\/4-20.mx\/wp-content\/uploads\/2023\/05\/logo-1.png\",\"contentUrl\":\"https:\/\/4-20.mx\/wp-content\/uploads\/2023\/05\/logo-1.png\",\"width\":205,\"height\":102,\"caption\":\"4 20\"},\"image\":{\"@id\":\"https:\/\/4-20.tempurl.host\/#\/schema\/logo\/image\/\"}}]}<\/script>\n<!-- \/ Yoast SEO plugin. -->","yoast_head_json":{"title":"Pure Gotero Aceite 1000 MG CBD - 4 20","description":"Descubre la forma m\u00e1s pura de extracci\u00f3n de CBD con nuestra l\u00ednea de Aceite Puro Gotero 6000 MG CBD. Nuestra f\u00f3rmula especializada est\u00e1 dise\u00f1ada para tratar dolencias y dolores cr\u00f3nicos, proporcionando alivio a quienes m\u00e1s lo necesitan. Experimente el poder de la naturaleza con nuestro extracto de planta de c\u00e1\u00f1amo de primera calidad. Haga su pedido ahora y empiece a vivir su mejor vida.","robots":{"index":"index","follow":"follow","max-snippet":"max-snippet:-1","max-image-preview":"max-image-preview:large","max-video-preview":"max-video-preview:-1"},"canonical":"https:\/\/4-20.tempurl.host\/index.php\/producto\/pure-gotero-aceite-1000-mg-cbd\/","og_locale":"es_ES","og_type":"article","og_title":"Pure Gotero Aceite 1000 MG CBD - 4 20","og_description":"Descubre la forma m\u00e1s pura de extracci\u00f3n de CBD con nuestra l\u00ednea de Aceite Puro Gotero 6000 MG CBD. Nuestra f\u00f3rmula especializada est\u00e1 dise\u00f1ada para tratar dolencias y dolores cr\u00f3nicos, proporcionando alivio a quienes m\u00e1s lo necesitan. Experimente el poder de la naturaleza con nuestro extracto de planta de c\u00e1\u00f1amo de primera calidad. Haga su pedido ahora y empiece a vivir su mejor vida.","og_url":"https:\/\/4-20.tempurl.host\/index.php\/producto\/pure-gotero-aceite-1000-mg-cbd\/","og_site_name":"4 20","article_modified_time":"2025-12-01T18:26:20+00:00","og_image":[{"width":2000,"height":2000,"url":"https:\/\/4-20.tempurl.host\/wp-content\/uploads\/2023\/05\/pure-500_depix.png","type":"image\/png"}],"twitter_card":"summary_large_image","twitter_misc":{"Tiempo de lectura":"1 minuto"},"schema":{"@context":"https:\/\/schema.org","@graph":[{"@type":"WebPage","@id":"https:\/\/4-20.tempurl.host\/index.php\/producto\/pure-gotero-aceite-1000-mg-cbd\/","url":"https:\/\/4-20.tempurl.host\/index.php\/producto\/pure-gotero-aceite-1000-mg-cbd\/","name":"Pure Gotero Aceite 1000 MG CBD - 4 20","isPartOf":{"@id":"https:\/\/4-20.tempurl.host\/#website"},"primaryImageOfPage":{"@id":"https:\/\/4-20.tempurl.host\/index.php\/producto\/pure-gotero-aceite-1000-mg-cbd\/#primaryimage"},"image":{"@id":"https:\/\/4-20.tempurl.host\/index.php\/producto\/pure-gotero-aceite-1000-mg-cbd\/#primaryimage"},"thumbnailUrl":"https:\/\/4-20.mx\/wp-content\/uploads\/2023\/05\/pure-500_depix.png","datePublished":"1970-01-01T00:00:00+00:00","dateModified":"2025-12-01T18:26:20+00:00","description":"Descubre la forma m\u00e1s pura de extracci\u00f3n de CBD con nuestra l\u00ednea de Aceite Puro Gotero 6000 MG CBD. Nuestra f\u00f3rmula especializada est\u00e1 dise\u00f1ada para tratar dolencias y dolores cr\u00f3nicos, proporcionando alivio a quienes m\u00e1s lo necesitan. Experimente el poder de la naturaleza con nuestro extracto de planta de c\u00e1\u00f1amo de primera calidad. Haga su pedido ahora y empiece a vivir su mejor vida.","breadcrumb":{"@id":"https:\/\/4-20.tempurl.host\/index.php\/producto\/pure-gotero-aceite-1000-mg-cbd\/#breadcrumb"},"inLanguage":"es","potentialAction":[{"@type":"ReadAction","target":["https:\/\/4-20.tempurl.host\/index.php\/producto\/pure-gotero-aceite-1000-mg-cbd\/"]}]},{"@type":"ImageObject","inLanguage":"es","@id":"https:\/\/4-20.tempurl.host\/index.php\/producto\/pure-gotero-aceite-1000-mg-cbd\/#primaryimage","url":"https:\/\/4-20.mx\/wp-content\/uploads\/2023\/05\/pure-500_depix.png","contentUrl":"https:\/\/4-20.mx\/wp-content\/uploads\/2023\/05\/pure-500_depix.png","width":2000,"height":2000},{"@type":"BreadcrumbList","@id":"https:\/\/4-20.tempurl.host\/index.php\/producto\/pure-gotero-aceite-1000-mg-cbd\/#breadcrumb","itemListElement":[{"@type":"ListItem","position":1,"name":"Portada","item":"https:\/\/4-20.mx\/"},{"@type":"ListItem","position":2,"name":"Shop","item":"https:\/\/4-20.tempurl.host\/index.php\/shop\/"},{"@type":"ListItem","position":3,"name":"Pure Gotero Aceite 1000 MG CBD"}]},{"@type":"WebSite","@id":"https:\/\/4-20.tempurl.host\/#website","url":"https:\/\/4-20.tempurl.host\/","name":"4 20","description":"Descubre la magia del cannabis y d\u00e9jate llevar por la experiencia.","publisher":{"@id":"https:\/\/4-20.tempurl.host\/#organization"},"potentialAction":[{"@type":"SearchAction","target":{"@type":"EntryPoint","urlTemplate":"https:\/\/4-20.tempurl.host\/?s={search_term_string}"},"query-input":{"@type":"PropertyValueSpecification","valueRequired":true,"valueName":"search_term_string"}}],"inLanguage":"es"},{"@type":"Organization","@id":"https:\/\/4-20.tempurl.host\/#organization","name":"4 20","url":"https:\/\/4-20.tempurl.host\/","logo":{"@type":"ImageObject","inLanguage":"es","@id":"https:\/\/4-20.tempurl.host\/#\/schema\/logo\/image\/","url":"https:\/\/4-20.mx\/wp-content\/uploads\/2023\/05\/logo-1.png","contentUrl":"https:\/\/4-20.mx\/wp-content\/uploads\/2023\/05\/logo-1.png","width":205,"height":102,"caption":"4 20"},"image":{"@id":"https:\/\/4-20.tempurl.host\/#\/schema\/logo\/image\/"}}]}},"_links":{"self":[{"href":"https:\/\/4-20.mx\/index.php\/wp-json\/wp\/v2\/product\/4169","targetHints":{"allow":["GET"]}}],"collection":[{"href":"https:\/\/4-20.mx\/index.php\/wp-json\/wp\/v2\/product"}],"about":[{"href":"https:\/\/4-20.mx\/index.php\/wp-json\/wp\/v2\/types\/product"}],"replies":[{"embeddable":true,"href":"https:\/\/4-20.mx\/index.php\/wp-json\/wp\/v2\/comments?post=4169"}],"wp:featuredmedia":[{"embeddable":true,"href":"https:\/\/4-20.mx\/index.php\/wp-json\/wp\/v2\/media\/539"}],"wp:attachment":[{"href":"https:\/\/4-20.mx\/index.php\/wp-json\/wp\/v2\/media?parent=4169"}],"wp:term":[{"taxonomy":"product_brand","embeddable":true,"href":"https:\/\/4-20.mx\/index.php\/wp-json\/wp\/v2\/product_brand?post=4169"},{"taxonomy":"product_cat","embeddable":true,"href":"https:\/\/4-20.mx\/index.php\/wp-json\/wp\/v2\/product_cat?post=4169"},{"taxonomy":"product_tag","embeddable":true,"href":"https:\/\/4-20.mx\/index.php\/wp-json\/wp\/v2\/product_tag?post=4169"}],"curies":[{"name":"wp","href":"https:\/\/api.w.org\/{rel}","templated":true}]}}