{"id":4166,"date":"1970-01-01T00:00:00","date_gmt":"1970-01-01T00:00:00","guid":{"rendered":"https:\/\/4-20.mx\/?post_type=product&#038;p=4166"},"modified":"2025-12-01T12:26:28","modified_gmt":"2025-12-01T18:26:28","slug":"energy-broad-gotero-aceite-6000-mg-cbd","status":"publish","type":"product","link":"https:\/\/4-20.mx\/index.php\/producto\/energy-broad-gotero-aceite-6000-mg-cbd\/","title":{"rendered":"Energy Broad Gotero Aceite 6000 MG CBD"},"content":{"rendered":"<p><img decoding=\"async\" class=\"alignnone size-medium wp-image-534 lazyload\" data-src=\"https:\/\/4-20.mx\/wp-content\/uploads\/2023\/05\/energy-300x162.png\" alt=\"\" width=\"300\" height=\"162\" data-srcset=\"https:\/\/4-20.mx\/wp-content\/uploads\/2023\/05\/energy-300x162.png 300w, https:\/\/4-20.mx\/wp-content\/uploads\/2023\/05\/energy-768x415.png 768w, https:\/\/4-20.mx\/wp-content\/uploads\/2023\/05\/energy-600x324.png 600w, https:\/\/4-20.mx\/wp-content\/uploads\/2023\/05\/energy.png 895w\" data-sizes=\"(max-width: 300px) 100vw, 300px\" src=\"data:image\/svg+xml;base64,PHN2ZyB3aWR0aD0iMSIgaGVpZ2h0PSIxIiB4bWxucz0iaHR0cDovL3d3dy53My5vcmcvMjAwMC9zdmciPjwvc3ZnPg==\" style=\"--smush-placeholder-width: 300px; --smush-placeholder-aspect-ratio: 300\/162;\" \/>Energy Broad Gotero Aceite 6000 MG CBD<\/p>\n<p class=\"text\">Nuestras aceite en gotero Energy Broad con mezcla de terpenos Pineapple Express, es la f\u00f3rmula que ayuda en los procesos cognitivos ideal para lograr la concentraci\u00f3n \u00f3ptima durante el d\u00eda.Terpenos Pinneaple Express: Es una base de terpenos ideal para el rendimiento de los deportistas. Ayuda restaurando los niveles \u00f3ptimos de energ\u00eda entre cuerpo y mente, levantando tu \u00e1nimo y llen\u00e1ndote de energ\u00eda.<\/p>\n<p><button id=\"one_energy\" class=\"tittle\"><b>INGREDIENTES:<\/b><\/button><\/p>\n<div class=\"\">\n<p class=\"text\">Triglic\u00e9ridos de cadena media MCT Oil (aceite de coco).6000mg de CBD de Amplio Espectro con todos los Cannabinoides disponibles en la extracci\u00f3n sin THC.Sabor Frutos Tropicales.<\/p>\n<\/div>\n<p><button id=\"two_energy\" class=\"tittle\"><b>PRESENTACI\u00d3N<\/b><\/button><\/p>\n<div class=\"\">\n<p class=\"text\">Frasco gotero de 30ml con 6000mg de concentrado CBD<\/p>\n<\/div>\n<p><button id=\"tree_energy\" class=\"tittle\"><b>BENEFICIOS<\/b><\/button><\/p>\n<div class=\"\">\n<p class=\"text\">Te ayuda a regular tus niveles de energ\u00eda durante el d\u00eda.Levanta tu estado de \u00e1nimo.Recupera la energ\u00eda despu\u00e9s del ejercicio.Recuperaci\u00f3n muscular.Mejora tu rendimiento.<\/p>\n<\/div>\n<p><button id=\"four_energy\" class=\"tittle\"><b>MODO DE USO<\/b><\/button><\/p>\n<div class=\"\">\n<p class=\"text\">\u00a0Sublingual, Se podr\u00e1n sentir los efectos a partir de los 20 minutos de la toma con una duraci\u00f3n de varias horas.<\/p>\n<\/div>\n<p><button id=\"five_energy\" class=\"tittle\"><b>DOSIS<\/b><\/button><\/p>\n<div class=\"\">\n<p class=\"text\">:\u00a0 1 a 2 veces al d\u00eda, se recomienda una dosis inicial de 3 gotas por evento, 1 vez por la ma\u00f1ana y otra por la tarde. En caso de requerir un efecto mayor, aumentar la dosis poco a poco hasta 6 gotitas por dosis.<\/p>\n<ul>\n<li class=\"text\"><b>Probados en Laboratorio.<\/b><\/li>\n<li class=\"text\"><b>Fabricados en M\u00e9xico.<\/b><\/li>\n<li class=\"text\"><b>Veganos y sin maltrato animal.<\/b><\/li>\n<li class=\"text\"><b>Libres de pesticidas, metales pesados o toxinas.<\/b><\/li>\n<li class=\"text\"><b>Sin GMO.<\/b><\/li>\n<li class=\"text\"><b>Sin Gluten.<\/b><\/li>\n<\/ul>\n<p><img decoding=\"async\" class=\"alignnone size-medium wp-image-482 lazyload\" data-src=\"https:\/\/4-20.mx\/wp-content\/uploads\/2023\/05\/Image-036-300x82.png\" alt=\"\" width=\"300\" height=\"82\" data-srcset=\"https:\/\/4-20.mx\/wp-content\/uploads\/2023\/05\/Image-036-300x82.png 300w, https:\/\/4-20.mx\/wp-content\/uploads\/2023\/05\/Image-036.png 461w\" data-sizes=\"(max-width: 300px) 100vw, 300px\" src=\"data:image\/svg+xml;base64,PHN2ZyB3aWR0aD0iMSIgaGVpZ2h0PSIxIiB4bWxucz0iaHR0cDovL3d3dy53My5vcmcvMjAwMC9zdmciPjwvc3ZnPg==\" style=\"--smush-placeholder-width: 300px; --smush-placeholder-aspect-ratio: 300\/82;\" \/><\/div>\n","protected":false},"excerpt":{"rendered":"<p>Energy Broad Gotero Aceite 6000 MG CBD Nuestras aceite en gotero Energy Broad con mezcla de terpenos Pineapple Express, es la f\u00f3rmula que ayuda en los procesos cognitivos ideal para lograr la concentraci\u00f3n \u00f3ptima durante el d\u00eda.Terpenos Pinneaple Express: Es una base de terpenos ideal para el rendimiento de los deportistas. Ayuda restaurando los niveles<a class=\"more-link\" href=\"https:\/\/4-20.mx\/index.php\/producto\/energy-broad-gotero-aceite-6000-mg-cbd\/\">Ver m\u00e1s  &#10230;<\/a><\/p>\n","protected":false},"featured_media":532,"comment_status":"open","ping_status":"closed","template":"","meta":{"_angie_page":false,"_editorskit_title_hidden":false,"_editorskit_reading_time":0,"_editorskit_is_block_options_detached":false,"_editorskit_block_options_position":"{}","inline_featured_image":false},"product_brand":[],"product_cat":[41,46],"product_tag":[44,47,48,49,50],"class_list":{"0":"post-4166","1":"product","2":"type-product","3":"status-publish","4":"has-post-thumbnail","6":"product_cat-aceite-sublingual-cbd","7":"product_cat-aceite-sublingual-cbd-broad","8":"product_tag-aceite-cbd","9":"product_tag-aceite-cbd-broad","10":"product_tag-aceite-cbd-broad-energy","11":"product_tag-aceite-cbd-energy","12":"product_tag-energy","14":"first","15":"outofstock","16":"shipping-taxable","17":"purchasable","18":"product-type-simple"},"yoast_head":"<!-- This site is optimized with the Yoast SEO plugin v26.4 - https:\/\/yoast.com\/wordpress\/plugins\/seo\/ -->\n<title>Energy Broad Gotero Aceite 6000 MG CBD - 4 20<\/title>\n<meta name=\"description\" content=\"\u00bfBuscas una inyecci\u00f3n de energ\u00eda? No busques m\u00e1s, nuestro aceite gotero Energy Broad Goteroaceite 6000 MG CBD. Con una mezcla \u00fanica de terpenos de Pineapple Express, esta potente f\u00f3rmula est\u00e1 dise\u00f1ada para vigorizar tu mente y tu cuerpo. Nuestro extracto de CBD de alta calidad procede de plantas de c\u00e1\u00f1amo org\u00e1nico, lo que garantiza la m\u00e1xima potencia y eficacia. As\u00ed que, tanto si quieres entrenar como si simplemente necesitas un poco de energ\u00eda extra para pasar el d\u00eda, nuestro aceite Energy Broad con cuentagotas es la soluci\u00f3n perfecta. Pru\u00e9belo hoy mismo y experimente la diferencia por s\u00ed mismo.\" \/>\n<meta name=\"robots\" content=\"index, follow, max-snippet:-1, max-image-preview:large, max-video-preview:-1\" \/>\n<link rel=\"canonical\" href=\"https:\/\/4-20.tempurl.host\/index.php\/producto\/energy-broad-gotero-aceite-6000-mg-cbd\/\" \/>\n<meta property=\"og:locale\" content=\"es_ES\" \/>\n<meta property=\"og:type\" content=\"article\" \/>\n<meta property=\"og:title\" content=\"Energy Broad Gotero Aceite 6000 MG CBD - 4 20\" \/>\n<meta property=\"og:description\" content=\"\u00bfBuscas una inyecci\u00f3n de energ\u00eda? No busques m\u00e1s, nuestro aceite gotero Energy Broad Goteroaceite 6000 MG CBD. Con una mezcla \u00fanica de terpenos de Pineapple Express, esta potente f\u00f3rmula est\u00e1 dise\u00f1ada para vigorizar tu mente y tu cuerpo. Nuestro extracto de CBD de alta calidad procede de plantas de c\u00e1\u00f1amo org\u00e1nico, lo que garantiza la m\u00e1xima potencia y eficacia. As\u00ed que, tanto si quieres entrenar como si simplemente necesitas un poco de energ\u00eda extra para pasar el d\u00eda, nuestro aceite Energy Broad con cuentagotas es la soluci\u00f3n perfecta. Pru\u00e9belo hoy mismo y experimente la diferencia por s\u00ed mismo.\" \/>\n<meta property=\"og:url\" content=\"https:\/\/4-20.tempurl.host\/index.php\/producto\/energy-broad-gotero-aceite-6000-mg-cbd\/\" \/>\n<meta property=\"og:site_name\" content=\"4 20\" \/>\n<meta property=\"article:modified_time\" content=\"2025-12-01T18:26:28+00:00\" \/>\n<meta property=\"og:image\" content=\"https:\/\/4-20.tempurl.host\/wp-content\/uploads\/2023\/05\/broad-energy_depix.png\" \/>\n\t<meta property=\"og:image:width\" content=\"2000\" \/>\n\t<meta property=\"og:image:height\" content=\"2000\" \/>\n\t<meta property=\"og:image:type\" content=\"image\/png\" \/>\n<meta name=\"twitter:card\" content=\"summary_large_image\" \/>\n<meta name=\"twitter:label1\" content=\"Tiempo de lectura\" \/>\n\t<meta name=\"twitter:data1\" content=\"1 minuto\" \/>\n<script type=\"application\/ld+json\" class=\"yoast-schema-graph\">{\"@context\":\"https:\/\/schema.org\",\"@graph\":[{\"@type\":\"WebPage\",\"@id\":\"https:\/\/4-20.tempurl.host\/index.php\/producto\/energy-broad-gotero-aceite-6000-mg-cbd\/\",\"url\":\"https:\/\/4-20.tempurl.host\/index.php\/producto\/energy-broad-gotero-aceite-6000-mg-cbd\/\",\"name\":\"Energy Broad Gotero Aceite 6000 MG CBD - 4 20\",\"isPartOf\":{\"@id\":\"https:\/\/4-20.tempurl.host\/#website\"},\"primaryImageOfPage\":{\"@id\":\"https:\/\/4-20.tempurl.host\/index.php\/producto\/energy-broad-gotero-aceite-6000-mg-cbd\/#primaryimage\"},\"image\":{\"@id\":\"https:\/\/4-20.tempurl.host\/index.php\/producto\/energy-broad-gotero-aceite-6000-mg-cbd\/#primaryimage\"},\"thumbnailUrl\":\"https:\/\/4-20.mx\/wp-content\/uploads\/2023\/05\/broad-energy_depix.png\",\"datePublished\":\"1970-01-01T00:00:00+00:00\",\"dateModified\":\"2025-12-01T18:26:28+00:00\",\"description\":\"\u00bfBuscas una inyecci\u00f3n de energ\u00eda? No busques m\u00e1s, nuestro aceite gotero Energy Broad Goteroaceite 6000 MG CBD. Con una mezcla \u00fanica de terpenos de Pineapple Express, esta potente f\u00f3rmula est\u00e1 dise\u00f1ada para vigorizar tu mente y tu cuerpo. Nuestro extracto de CBD de alta calidad procede de plantas de c\u00e1\u00f1amo org\u00e1nico, lo que garantiza la m\u00e1xima potencia y eficacia. As\u00ed que, tanto si quieres entrenar como si simplemente necesitas un poco de energ\u00eda extra para pasar el d\u00eda, nuestro aceite Energy Broad con cuentagotas es la soluci\u00f3n perfecta. Pru\u00e9belo hoy mismo y experimente la diferencia por s\u00ed mismo.\",\"breadcrumb\":{\"@id\":\"https:\/\/4-20.tempurl.host\/index.php\/producto\/energy-broad-gotero-aceite-6000-mg-cbd\/#breadcrumb\"},\"inLanguage\":\"es\",\"potentialAction\":[{\"@type\":\"ReadAction\",\"target\":[\"https:\/\/4-20.tempurl.host\/index.php\/producto\/energy-broad-gotero-aceite-6000-mg-cbd\/\"]}]},{\"@type\":\"ImageObject\",\"inLanguage\":\"es\",\"@id\":\"https:\/\/4-20.tempurl.host\/index.php\/producto\/energy-broad-gotero-aceite-6000-mg-cbd\/#primaryimage\",\"url\":\"https:\/\/4-20.mx\/wp-content\/uploads\/2023\/05\/broad-energy_depix.png\",\"contentUrl\":\"https:\/\/4-20.mx\/wp-content\/uploads\/2023\/05\/broad-energy_depix.png\",\"width\":2000,\"height\":2000},{\"@type\":\"BreadcrumbList\",\"@id\":\"https:\/\/4-20.tempurl.host\/index.php\/producto\/energy-broad-gotero-aceite-6000-mg-cbd\/#breadcrumb\",\"itemListElement\":[{\"@type\":\"ListItem\",\"position\":1,\"name\":\"Portada\",\"item\":\"https:\/\/4-20.mx\/\"},{\"@type\":\"ListItem\",\"position\":2,\"name\":\"Shop\",\"item\":\"https:\/\/4-20.tempurl.host\/index.php\/shop\/\"},{\"@type\":\"ListItem\",\"position\":3,\"name\":\"Energy Broad Gotero Aceite 6000 MG CBD\"}]},{\"@type\":\"WebSite\",\"@id\":\"https:\/\/4-20.tempurl.host\/#website\",\"url\":\"https:\/\/4-20.tempurl.host\/\",\"name\":\"4 20\",\"description\":\"Descubre la magia del cannabis y d\u00e9jate llevar por la experiencia.\",\"publisher\":{\"@id\":\"https:\/\/4-20.tempurl.host\/#organization\"},\"potentialAction\":[{\"@type\":\"SearchAction\",\"target\":{\"@type\":\"EntryPoint\",\"urlTemplate\":\"https:\/\/4-20.tempurl.host\/?s={search_term_string}\"},\"query-input\":{\"@type\":\"PropertyValueSpecification\",\"valueRequired\":true,\"valueName\":\"search_term_string\"}}],\"inLanguage\":\"es\"},{\"@type\":\"Organization\",\"@id\":\"https:\/\/4-20.tempurl.host\/#organization\",\"name\":\"4 20\",\"url\":\"https:\/\/4-20.tempurl.host\/\",\"logo\":{\"@type\":\"ImageObject\",\"inLanguage\":\"es\",\"@id\":\"https:\/\/4-20.tempurl.host\/#\/schema\/logo\/image\/\",\"url\":\"https:\/\/4-20.mx\/wp-content\/uploads\/2023\/05\/logo-1.png\",\"contentUrl\":\"https:\/\/4-20.mx\/wp-content\/uploads\/2023\/05\/logo-1.png\",\"width\":205,\"height\":102,\"caption\":\"4 20\"},\"image\":{\"@id\":\"https:\/\/4-20.tempurl.host\/#\/schema\/logo\/image\/\"}}]}<\/script>\n<!-- \/ Yoast SEO plugin. -->","yoast_head_json":{"title":"Energy Broad Gotero Aceite 6000 MG CBD - 4 20","description":"\u00bfBuscas una inyecci\u00f3n de energ\u00eda? No busques m\u00e1s, nuestro aceite gotero Energy Broad Goteroaceite 6000 MG CBD. Con una mezcla \u00fanica de terpenos de Pineapple Express, esta potente f\u00f3rmula est\u00e1 dise\u00f1ada para vigorizar tu mente y tu cuerpo. Nuestro extracto de CBD de alta calidad procede de plantas de c\u00e1\u00f1amo org\u00e1nico, lo que garantiza la m\u00e1xima potencia y eficacia. As\u00ed que, tanto si quieres entrenar como si simplemente necesitas un poco de energ\u00eda extra para pasar el d\u00eda, nuestro aceite Energy Broad con cuentagotas es la soluci\u00f3n perfecta. Pru\u00e9belo hoy mismo y experimente la diferencia por s\u00ed mismo.","robots":{"index":"index","follow":"follow","max-snippet":"max-snippet:-1","max-image-preview":"max-image-preview:large","max-video-preview":"max-video-preview:-1"},"canonical":"https:\/\/4-20.tempurl.host\/index.php\/producto\/energy-broad-gotero-aceite-6000-mg-cbd\/","og_locale":"es_ES","og_type":"article","og_title":"Energy Broad Gotero Aceite 6000 MG CBD - 4 20","og_description":"\u00bfBuscas una inyecci\u00f3n de energ\u00eda? No busques m\u00e1s, nuestro aceite gotero Energy Broad Goteroaceite 6000 MG CBD. Con una mezcla \u00fanica de terpenos de Pineapple Express, esta potente f\u00f3rmula est\u00e1 dise\u00f1ada para vigorizar tu mente y tu cuerpo. Nuestro extracto de CBD de alta calidad procede de plantas de c\u00e1\u00f1amo org\u00e1nico, lo que garantiza la m\u00e1xima potencia y eficacia. As\u00ed que, tanto si quieres entrenar como si simplemente necesitas un poco de energ\u00eda extra para pasar el d\u00eda, nuestro aceite Energy Broad con cuentagotas es la soluci\u00f3n perfecta. Pru\u00e9belo hoy mismo y experimente la diferencia por s\u00ed mismo.","og_url":"https:\/\/4-20.tempurl.host\/index.php\/producto\/energy-broad-gotero-aceite-6000-mg-cbd\/","og_site_name":"4 20","article_modified_time":"2025-12-01T18:26:28+00:00","og_image":[{"width":2000,"height":2000,"url":"https:\/\/4-20.tempurl.host\/wp-content\/uploads\/2023\/05\/broad-energy_depix.png","type":"image\/png"}],"twitter_card":"summary_large_image","twitter_misc":{"Tiempo de lectura":"1 minuto"},"schema":{"@context":"https:\/\/schema.org","@graph":[{"@type":"WebPage","@id":"https:\/\/4-20.tempurl.host\/index.php\/producto\/energy-broad-gotero-aceite-6000-mg-cbd\/","url":"https:\/\/4-20.tempurl.host\/index.php\/producto\/energy-broad-gotero-aceite-6000-mg-cbd\/","name":"Energy Broad Gotero Aceite 6000 MG CBD - 4 20","isPartOf":{"@id":"https:\/\/4-20.tempurl.host\/#website"},"primaryImageOfPage":{"@id":"https:\/\/4-20.tempurl.host\/index.php\/producto\/energy-broad-gotero-aceite-6000-mg-cbd\/#primaryimage"},"image":{"@id":"https:\/\/4-20.tempurl.host\/index.php\/producto\/energy-broad-gotero-aceite-6000-mg-cbd\/#primaryimage"},"thumbnailUrl":"https:\/\/4-20.mx\/wp-content\/uploads\/2023\/05\/broad-energy_depix.png","datePublished":"1970-01-01T00:00:00+00:00","dateModified":"2025-12-01T18:26:28+00:00","description":"\u00bfBuscas una inyecci\u00f3n de energ\u00eda? No busques m\u00e1s, nuestro aceite gotero Energy Broad Goteroaceite 6000 MG CBD. Con una mezcla \u00fanica de terpenos de Pineapple Express, esta potente f\u00f3rmula est\u00e1 dise\u00f1ada para vigorizar tu mente y tu cuerpo. Nuestro extracto de CBD de alta calidad procede de plantas de c\u00e1\u00f1amo org\u00e1nico, lo que garantiza la m\u00e1xima potencia y eficacia. As\u00ed que, tanto si quieres entrenar como si simplemente necesitas un poco de energ\u00eda extra para pasar el d\u00eda, nuestro aceite Energy Broad con cuentagotas es la soluci\u00f3n perfecta. Pru\u00e9belo hoy mismo y experimente la diferencia por s\u00ed mismo.","breadcrumb":{"@id":"https:\/\/4-20.tempurl.host\/index.php\/producto\/energy-broad-gotero-aceite-6000-mg-cbd\/#breadcrumb"},"inLanguage":"es","potentialAction":[{"@type":"ReadAction","target":["https:\/\/4-20.tempurl.host\/index.php\/producto\/energy-broad-gotero-aceite-6000-mg-cbd\/"]}]},{"@type":"ImageObject","inLanguage":"es","@id":"https:\/\/4-20.tempurl.host\/index.php\/producto\/energy-broad-gotero-aceite-6000-mg-cbd\/#primaryimage","url":"https:\/\/4-20.mx\/wp-content\/uploads\/2023\/05\/broad-energy_depix.png","contentUrl":"https:\/\/4-20.mx\/wp-content\/uploads\/2023\/05\/broad-energy_depix.png","width":2000,"height":2000},{"@type":"BreadcrumbList","@id":"https:\/\/4-20.tempurl.host\/index.php\/producto\/energy-broad-gotero-aceite-6000-mg-cbd\/#breadcrumb","itemListElement":[{"@type":"ListItem","position":1,"name":"Portada","item":"https:\/\/4-20.mx\/"},{"@type":"ListItem","position":2,"name":"Shop","item":"https:\/\/4-20.tempurl.host\/index.php\/shop\/"},{"@type":"ListItem","position":3,"name":"Energy Broad Gotero Aceite 6000 MG CBD"}]},{"@type":"WebSite","@id":"https:\/\/4-20.tempurl.host\/#website","url":"https:\/\/4-20.tempurl.host\/","name":"4 20","description":"Descubre la magia del cannabis y d\u00e9jate llevar por la experiencia.","publisher":{"@id":"https:\/\/4-20.tempurl.host\/#organization"},"potentialAction":[{"@type":"SearchAction","target":{"@type":"EntryPoint","urlTemplate":"https:\/\/4-20.tempurl.host\/?s={search_term_string}"},"query-input":{"@type":"PropertyValueSpecification","valueRequired":true,"valueName":"search_term_string"}}],"inLanguage":"es"},{"@type":"Organization","@id":"https:\/\/4-20.tempurl.host\/#organization","name":"4 20","url":"https:\/\/4-20.tempurl.host\/","logo":{"@type":"ImageObject","inLanguage":"es","@id":"https:\/\/4-20.tempurl.host\/#\/schema\/logo\/image\/","url":"https:\/\/4-20.mx\/wp-content\/uploads\/2023\/05\/logo-1.png","contentUrl":"https:\/\/4-20.mx\/wp-content\/uploads\/2023\/05\/logo-1.png","width":205,"height":102,"caption":"4 20"},"image":{"@id":"https:\/\/4-20.tempurl.host\/#\/schema\/logo\/image\/"}}]}},"_links":{"self":[{"href":"https:\/\/4-20.mx\/index.php\/wp-json\/wp\/v2\/product\/4166","targetHints":{"allow":["GET"]}}],"collection":[{"href":"https:\/\/4-20.mx\/index.php\/wp-json\/wp\/v2\/product"}],"about":[{"href":"https:\/\/4-20.mx\/index.php\/wp-json\/wp\/v2\/types\/product"}],"replies":[{"embeddable":true,"href":"https:\/\/4-20.mx\/index.php\/wp-json\/wp\/v2\/comments?post=4166"}],"wp:featuredmedia":[{"embeddable":true,"href":"https:\/\/4-20.mx\/index.php\/wp-json\/wp\/v2\/media\/532"}],"wp:attachment":[{"href":"https:\/\/4-20.mx\/index.php\/wp-json\/wp\/v2\/media?parent=4166"}],"wp:term":[{"taxonomy":"product_brand","embeddable":true,"href":"https:\/\/4-20.mx\/index.php\/wp-json\/wp\/v2\/product_brand?post=4166"},{"taxonomy":"product_cat","embeddable":true,"href":"https:\/\/4-20.mx\/index.php\/wp-json\/wp\/v2\/product_cat?post=4166"},{"taxonomy":"product_tag","embeddable":true,"href":"https:\/\/4-20.mx\/index.php\/wp-json\/wp\/v2\/product_tag?post=4166"}],"curies":[{"name":"wp","href":"https:\/\/api.w.org\/{rel}","templated":true}]}}