{"id":4165,"date":"1970-01-01T00:00:00","date_gmt":"1970-01-01T00:00:00","guid":{"rendered":"https:\/\/4-20.mx\/?post_type=product&#038;p=4165"},"modified":"2025-12-01T12:26:28","modified_gmt":"2025-12-01T18:26:28","slug":"focus-broad-gotero-aceite-3000mg-cbd","status":"publish","type":"product","link":"https:\/\/4-20.mx\/index.php\/producto\/focus-broad-gotero-aceite-3000mg-cbd\/","title":{"rendered":"Focus Broad Gotero Aceite 3000MG CBD"},"content":{"rendered":"<p><img decoding=\"async\" class=\"alignnone size-medium wp-image-537 lazyload\" data-src=\"https:\/\/4-20.mx\/wp-content\/uploads\/2023\/05\/focus-300x160.png\" alt=\"\" width=\"300\" height=\"160\" data-srcset=\"https:\/\/4-20.mx\/wp-content\/uploads\/2023\/05\/focus-300x160.png 300w, https:\/\/4-20.mx\/wp-content\/uploads\/2023\/05\/focus-768x411.png 768w, https:\/\/4-20.mx\/wp-content\/uploads\/2023\/05\/focus-600x321.png 600w, https:\/\/4-20.mx\/wp-content\/uploads\/2023\/05\/focus.png 810w\" data-sizes=\"(max-width: 300px) 100vw, 300px\" src=\"data:image\/svg+xml;base64,PHN2ZyB3aWR0aD0iMSIgaGVpZ2h0PSIxIiB4bWxucz0iaHR0cDovL3d3dy53My5vcmcvMjAwMC9zdmciPjwvc3ZnPg==\" style=\"--smush-placeholder-width: 300px; --smush-placeholder-aspect-ratio: 300\/160;\" \/>Focus Broad Gotero Aceite 3000MG CBD<\/p>\n<p class=\"text\">Nuestras aceite en gotero Focus Broad con mezcla de terpenos Focus, es la f\u00f3rmula que ayuda en los procesos cognitivos ideal para lograr la concentraci\u00f3n \u00f3ptima durante el d\u00eda.Terpenos Focus: Es una base de alfa pineno que despeja la mente y el linalol para crear un equilibrio entre la estimulaci\u00f3n y la calma apoy\u00e1ndote en controlar el estr\u00e9s y la ansiedad. Los dem\u00e1s componentes comparten un hilo conductor con los aceites esenciales para ayudar a facilitar la concentraci\u00f3n en tu d\u00eda.<\/p>\n<p><button id=\"one_focus\" class=\"tittle\"><b>INGREDIENTES<\/b><\/button><\/p>\n<div class=\"\">\n<p class=\"text\">Triglic\u00e9ridos de cadena media MCT Oil (aceite de coco).3000mg de CBD de Amplio Espectro con todos los Cannabinoides disponibles en la extracci\u00f3n sin THC.Sabor Toronja.<\/p>\n<\/div>\n<p><button id=\"two_focus\" class=\"tittle\"><b>PRESENTACI\u00d3N<\/b><\/button><\/p>\n<div class=\"\">\n<p class=\"text\">Frasco gotero de 30ml con 3000mg de concentrado CBD<\/p>\n<\/div>\n<p><button id=\"tree_focus\" class=\"tittle\"><b>BENEFICIOS<\/b><\/button><\/p>\n<div class=\"\">\n<p class=\"text\">Concentraci\u00f3n \u00f3ptima durante el d\u00eda.Controla el estr\u00e9s y la ansiedad.Ayuda en los procesos cognitivos.<\/p>\n<\/div>\n<p><button id=\"four_focus\" class=\"tittle\"><b>MODO DE USO<\/b><\/button><\/p>\n<div class=\"\">\n<p class=\"text\"><b>Modo de uso:<\/b>Sublingual, Se podr\u00e1n sentir los efectos a partir de los 20 minutos de la toma con una duraci\u00f3n de varias horas.<\/p>\n<\/div>\n<p><button id=\"five_focus\" class=\"tittle\"><b>DOSIS<\/b><\/button><\/p>\n<div class=\"\">\n<p class=\"text\">2 veces al d\u00eda, se recomienda una dosis inicial de 3 gotas por evento, 1 vez por la ma\u00f1ana y otra por la tarde. En caso de requerir un efecto mayor, aumentar la dosis poco a poco hasta 6 gotitas por dosis.<\/p>\n<\/div>\n<ul>\n<li class=\"text\"><b>Probados en Laboratorio.<\/b><\/li>\n<li class=\"text\"><b>Fabricados en M\u00e9xico.<\/b><\/li>\n<li class=\"text\"><b>Veganos y sin maltrato animal.<\/b><\/li>\n<li class=\"text\"><b>Libres de pesticidas, metales pesados o toxinas.<\/b><\/li>\n<li class=\"text\"><b>Sin GMO.<\/b><\/li>\n<li class=\"text\"><b>Sin Gluten.<\/b><\/li>\n<\/ul>\n<p><img decoding=\"async\" class=\"alignnone size-medium wp-image-482 lazyload\" data-src=\"https:\/\/4-20.mx\/wp-content\/uploads\/2023\/05\/Image-036-300x82.png\" alt=\"\" width=\"300\" height=\"82\" data-srcset=\"https:\/\/4-20.mx\/wp-content\/uploads\/2023\/05\/Image-036-300x82.png 300w, https:\/\/4-20.mx\/wp-content\/uploads\/2023\/05\/Image-036.png 461w\" data-sizes=\"(max-width: 300px) 100vw, 300px\" src=\"data:image\/svg+xml;base64,PHN2ZyB3aWR0aD0iMSIgaGVpZ2h0PSIxIiB4bWxucz0iaHR0cDovL3d3dy53My5vcmcvMjAwMC9zdmciPjwvc3ZnPg==\" style=\"--smush-placeholder-width: 300px; --smush-placeholder-aspect-ratio: 300\/82;\" \/><\/p>\n","protected":false},"excerpt":{"rendered":"<p>Focus Broad Gotero Aceite 3000MG CBD Nuestras aceite en gotero Focus Broad con mezcla de terpenos Focus, es la f\u00f3rmula que ayuda en los procesos cognitivos ideal para lograr la concentraci\u00f3n \u00f3ptima durante el d\u00eda.Terpenos Focus: Es una base de alfa pineno que despeja la mente y el linalol para crear un equilibrio entre la<a class=\"more-link\" href=\"https:\/\/4-20.mx\/index.php\/producto\/focus-broad-gotero-aceite-3000mg-cbd\/\">Ver m\u00e1s  &#10230;<\/a><\/p>\n","protected":false},"featured_media":533,"comment_status":"open","ping_status":"closed","template":"","meta":{"_angie_page":false,"_editorskit_title_hidden":false,"_editorskit_reading_time":0,"_editorskit_is_block_options_detached":false,"_editorskit_block_options_position":"{}","inline_featured_image":false},"product_brand":[],"product_cat":[41,46],"product_tag":[44,47,51,52],"class_list":{"0":"post-4165","1":"product","2":"type-product","3":"status-publish","4":"has-post-thumbnail","6":"product_cat-aceite-sublingual-cbd","7":"product_cat-aceite-sublingual-cbd-broad","8":"product_tag-aceite-cbd","9":"product_tag-aceite-cbd-broad","10":"product_tag-aceite-cbd-focus","11":"product_tag-aciete-cbd-concentracion","13":"first","14":"outofstock","15":"shipping-taxable","16":"purchasable","17":"product-type-simple"},"yoast_head":"<!-- This site is optimized with the Yoast SEO plugin v26.4 - https:\/\/yoast.com\/wordpress\/plugins\/seo\/ -->\n<title>Focus Broad Gotero Aceite 3000MG CBD - 4 20<\/title>\n<meta name=\"description\" content=\"Descubre los poderosos beneficios de nuestro Aceite Gotero Focus Broad 3000MG CBD infundido con una mezcla de terpenos Focus. Este aceite premium est\u00e1 dise\u00f1ado para ayudar a agudizar tu concentraci\u00f3n mental y aumentar tu productividad. Con su alta concentraci\u00f3n de CBD, este aceite es perfecto para aquellos que quieren experimentar los efectos terap\u00e9uticos del CBD a la vez que mejoran su funci\u00f3n cognitiva. Prueba hoy nuestro Aceite Gotero Focus Broad y lleva tu concentraci\u00f3n al siguiente nivel.\" \/>\n<meta name=\"robots\" content=\"index, follow, max-snippet:-1, max-image-preview:large, max-video-preview:-1\" \/>\n<link rel=\"canonical\" href=\"https:\/\/4-20.tempurl.host\/index.php\/producto\/focus-broad-gotero-aceite-3000mg-cbd\/\" \/>\n<meta property=\"og:locale\" content=\"es_ES\" \/>\n<meta property=\"og:type\" content=\"article\" \/>\n<meta property=\"og:title\" content=\"Focus Broad Gotero Aceite 3000MG CBD - 4 20\" \/>\n<meta property=\"og:description\" content=\"Descubre los poderosos beneficios de nuestro Aceite Gotero Focus Broad 3000MG CBD infundido con una mezcla de terpenos Focus. Este aceite premium est\u00e1 dise\u00f1ado para ayudar a agudizar tu concentraci\u00f3n mental y aumentar tu productividad. Con su alta concentraci\u00f3n de CBD, este aceite es perfecto para aquellos que quieren experimentar los efectos terap\u00e9uticos del CBD a la vez que mejoran su funci\u00f3n cognitiva. Prueba hoy nuestro Aceite Gotero Focus Broad y lleva tu concentraci\u00f3n al siguiente nivel.\" \/>\n<meta property=\"og:url\" content=\"https:\/\/4-20.tempurl.host\/index.php\/producto\/focus-broad-gotero-aceite-3000mg-cbd\/\" \/>\n<meta property=\"og:site_name\" content=\"4 20\" \/>\n<meta property=\"article:modified_time\" content=\"2025-12-01T18:26:28+00:00\" \/>\n<meta property=\"og:image\" content=\"https:\/\/4-20.tempurl.host\/wp-content\/uploads\/2023\/05\/broad-focus_depix.png\" \/>\n\t<meta property=\"og:image:width\" content=\"2000\" \/>\n\t<meta property=\"og:image:height\" content=\"2000\" \/>\n\t<meta property=\"og:image:type\" content=\"image\/png\" \/>\n<meta name=\"twitter:card\" content=\"summary_large_image\" \/>\n<meta name=\"twitter:label1\" content=\"Tiempo de lectura\" \/>\n\t<meta name=\"twitter:data1\" content=\"1 minuto\" \/>\n<script type=\"application\/ld+json\" class=\"yoast-schema-graph\">{\"@context\":\"https:\/\/schema.org\",\"@graph\":[{\"@type\":\"WebPage\",\"@id\":\"https:\/\/4-20.tempurl.host\/index.php\/producto\/focus-broad-gotero-aceite-3000mg-cbd\/\",\"url\":\"https:\/\/4-20.tempurl.host\/index.php\/producto\/focus-broad-gotero-aceite-3000mg-cbd\/\",\"name\":\"Focus Broad Gotero Aceite 3000MG CBD - 4 20\",\"isPartOf\":{\"@id\":\"https:\/\/4-20.tempurl.host\/#website\"},\"primaryImageOfPage\":{\"@id\":\"https:\/\/4-20.tempurl.host\/index.php\/producto\/focus-broad-gotero-aceite-3000mg-cbd\/#primaryimage\"},\"image\":{\"@id\":\"https:\/\/4-20.tempurl.host\/index.php\/producto\/focus-broad-gotero-aceite-3000mg-cbd\/#primaryimage\"},\"thumbnailUrl\":\"https:\/\/4-20.mx\/wp-content\/uploads\/2023\/05\/broad-focus_depix.png\",\"datePublished\":\"1970-01-01T00:00:00+00:00\",\"dateModified\":\"2025-12-01T18:26:28+00:00\",\"description\":\"Descubre los poderosos beneficios de nuestro Aceite Gotero Focus Broad 3000MG CBD infundido con una mezcla de terpenos Focus. Este aceite premium est\u00e1 dise\u00f1ado para ayudar a agudizar tu concentraci\u00f3n mental y aumentar tu productividad. Con su alta concentraci\u00f3n de CBD, este aceite es perfecto para aquellos que quieren experimentar los efectos terap\u00e9uticos del CBD a la vez que mejoran su funci\u00f3n cognitiva. Prueba hoy nuestro Aceite Gotero Focus Broad y lleva tu concentraci\u00f3n al siguiente nivel.\",\"breadcrumb\":{\"@id\":\"https:\/\/4-20.tempurl.host\/index.php\/producto\/focus-broad-gotero-aceite-3000mg-cbd\/#breadcrumb\"},\"inLanguage\":\"es\",\"potentialAction\":[{\"@type\":\"ReadAction\",\"target\":[\"https:\/\/4-20.tempurl.host\/index.php\/producto\/focus-broad-gotero-aceite-3000mg-cbd\/\"]}]},{\"@type\":\"ImageObject\",\"inLanguage\":\"es\",\"@id\":\"https:\/\/4-20.tempurl.host\/index.php\/producto\/focus-broad-gotero-aceite-3000mg-cbd\/#primaryimage\",\"url\":\"https:\/\/4-20.mx\/wp-content\/uploads\/2023\/05\/broad-focus_depix.png\",\"contentUrl\":\"https:\/\/4-20.mx\/wp-content\/uploads\/2023\/05\/broad-focus_depix.png\",\"width\":2000,\"height\":2000},{\"@type\":\"BreadcrumbList\",\"@id\":\"https:\/\/4-20.tempurl.host\/index.php\/producto\/focus-broad-gotero-aceite-3000mg-cbd\/#breadcrumb\",\"itemListElement\":[{\"@type\":\"ListItem\",\"position\":1,\"name\":\"Portada\",\"item\":\"https:\/\/4-20.mx\/\"},{\"@type\":\"ListItem\",\"position\":2,\"name\":\"Shop\",\"item\":\"https:\/\/4-20.tempurl.host\/index.php\/shop\/\"},{\"@type\":\"ListItem\",\"position\":3,\"name\":\"Focus Broad Gotero Aceite 3000MG CBD\"}]},{\"@type\":\"WebSite\",\"@id\":\"https:\/\/4-20.tempurl.host\/#website\",\"url\":\"https:\/\/4-20.tempurl.host\/\",\"name\":\"4 20\",\"description\":\"Descubre la magia del cannabis y d\u00e9jate llevar por la experiencia.\",\"publisher\":{\"@id\":\"https:\/\/4-20.tempurl.host\/#organization\"},\"potentialAction\":[{\"@type\":\"SearchAction\",\"target\":{\"@type\":\"EntryPoint\",\"urlTemplate\":\"https:\/\/4-20.tempurl.host\/?s={search_term_string}\"},\"query-input\":{\"@type\":\"PropertyValueSpecification\",\"valueRequired\":true,\"valueName\":\"search_term_string\"}}],\"inLanguage\":\"es\"},{\"@type\":\"Organization\",\"@id\":\"https:\/\/4-20.tempurl.host\/#organization\",\"name\":\"4 20\",\"url\":\"https:\/\/4-20.tempurl.host\/\",\"logo\":{\"@type\":\"ImageObject\",\"inLanguage\":\"es\",\"@id\":\"https:\/\/4-20.tempurl.host\/#\/schema\/logo\/image\/\",\"url\":\"https:\/\/4-20.mx\/wp-content\/uploads\/2023\/05\/logo-1.png\",\"contentUrl\":\"https:\/\/4-20.mx\/wp-content\/uploads\/2023\/05\/logo-1.png\",\"width\":205,\"height\":102,\"caption\":\"4 20\"},\"image\":{\"@id\":\"https:\/\/4-20.tempurl.host\/#\/schema\/logo\/image\/\"}}]}<\/script>\n<!-- \/ Yoast SEO plugin. -->","yoast_head_json":{"title":"Focus Broad Gotero Aceite 3000MG CBD - 4 20","description":"Descubre los poderosos beneficios de nuestro Aceite Gotero Focus Broad 3000MG CBD infundido con una mezcla de terpenos Focus. Este aceite premium est\u00e1 dise\u00f1ado para ayudar a agudizar tu concentraci\u00f3n mental y aumentar tu productividad. Con su alta concentraci\u00f3n de CBD, este aceite es perfecto para aquellos que quieren experimentar los efectos terap\u00e9uticos del CBD a la vez que mejoran su funci\u00f3n cognitiva. Prueba hoy nuestro Aceite Gotero Focus Broad y lleva tu concentraci\u00f3n al siguiente nivel.","robots":{"index":"index","follow":"follow","max-snippet":"max-snippet:-1","max-image-preview":"max-image-preview:large","max-video-preview":"max-video-preview:-1"},"canonical":"https:\/\/4-20.tempurl.host\/index.php\/producto\/focus-broad-gotero-aceite-3000mg-cbd\/","og_locale":"es_ES","og_type":"article","og_title":"Focus Broad Gotero Aceite 3000MG CBD - 4 20","og_description":"Descubre los poderosos beneficios de nuestro Aceite Gotero Focus Broad 3000MG CBD infundido con una mezcla de terpenos Focus. Este aceite premium est\u00e1 dise\u00f1ado para ayudar a agudizar tu concentraci\u00f3n mental y aumentar tu productividad. Con su alta concentraci\u00f3n de CBD, este aceite es perfecto para aquellos que quieren experimentar los efectos terap\u00e9uticos del CBD a la vez que mejoran su funci\u00f3n cognitiva. Prueba hoy nuestro Aceite Gotero Focus Broad y lleva tu concentraci\u00f3n al siguiente nivel.","og_url":"https:\/\/4-20.tempurl.host\/index.php\/producto\/focus-broad-gotero-aceite-3000mg-cbd\/","og_site_name":"4 20","article_modified_time":"2025-12-01T18:26:28+00:00","og_image":[{"width":2000,"height":2000,"url":"https:\/\/4-20.tempurl.host\/wp-content\/uploads\/2023\/05\/broad-focus_depix.png","type":"image\/png"}],"twitter_card":"summary_large_image","twitter_misc":{"Tiempo de lectura":"1 minuto"},"schema":{"@context":"https:\/\/schema.org","@graph":[{"@type":"WebPage","@id":"https:\/\/4-20.tempurl.host\/index.php\/producto\/focus-broad-gotero-aceite-3000mg-cbd\/","url":"https:\/\/4-20.tempurl.host\/index.php\/producto\/focus-broad-gotero-aceite-3000mg-cbd\/","name":"Focus Broad Gotero Aceite 3000MG CBD - 4 20","isPartOf":{"@id":"https:\/\/4-20.tempurl.host\/#website"},"primaryImageOfPage":{"@id":"https:\/\/4-20.tempurl.host\/index.php\/producto\/focus-broad-gotero-aceite-3000mg-cbd\/#primaryimage"},"image":{"@id":"https:\/\/4-20.tempurl.host\/index.php\/producto\/focus-broad-gotero-aceite-3000mg-cbd\/#primaryimage"},"thumbnailUrl":"https:\/\/4-20.mx\/wp-content\/uploads\/2023\/05\/broad-focus_depix.png","datePublished":"1970-01-01T00:00:00+00:00","dateModified":"2025-12-01T18:26:28+00:00","description":"Descubre los poderosos beneficios de nuestro Aceite Gotero Focus Broad 3000MG CBD infundido con una mezcla de terpenos Focus. Este aceite premium est\u00e1 dise\u00f1ado para ayudar a agudizar tu concentraci\u00f3n mental y aumentar tu productividad. Con su alta concentraci\u00f3n de CBD, este aceite es perfecto para aquellos que quieren experimentar los efectos terap\u00e9uticos del CBD a la vez que mejoran su funci\u00f3n cognitiva. Prueba hoy nuestro Aceite Gotero Focus Broad y lleva tu concentraci\u00f3n al siguiente nivel.","breadcrumb":{"@id":"https:\/\/4-20.tempurl.host\/index.php\/producto\/focus-broad-gotero-aceite-3000mg-cbd\/#breadcrumb"},"inLanguage":"es","potentialAction":[{"@type":"ReadAction","target":["https:\/\/4-20.tempurl.host\/index.php\/producto\/focus-broad-gotero-aceite-3000mg-cbd\/"]}]},{"@type":"ImageObject","inLanguage":"es","@id":"https:\/\/4-20.tempurl.host\/index.php\/producto\/focus-broad-gotero-aceite-3000mg-cbd\/#primaryimage","url":"https:\/\/4-20.mx\/wp-content\/uploads\/2023\/05\/broad-focus_depix.png","contentUrl":"https:\/\/4-20.mx\/wp-content\/uploads\/2023\/05\/broad-focus_depix.png","width":2000,"height":2000},{"@type":"BreadcrumbList","@id":"https:\/\/4-20.tempurl.host\/index.php\/producto\/focus-broad-gotero-aceite-3000mg-cbd\/#breadcrumb","itemListElement":[{"@type":"ListItem","position":1,"name":"Portada","item":"https:\/\/4-20.mx\/"},{"@type":"ListItem","position":2,"name":"Shop","item":"https:\/\/4-20.tempurl.host\/index.php\/shop\/"},{"@type":"ListItem","position":3,"name":"Focus Broad Gotero Aceite 3000MG CBD"}]},{"@type":"WebSite","@id":"https:\/\/4-20.tempurl.host\/#website","url":"https:\/\/4-20.tempurl.host\/","name":"4 20","description":"Descubre la magia del cannabis y d\u00e9jate llevar por la experiencia.","publisher":{"@id":"https:\/\/4-20.tempurl.host\/#organization"},"potentialAction":[{"@type":"SearchAction","target":{"@type":"EntryPoint","urlTemplate":"https:\/\/4-20.tempurl.host\/?s={search_term_string}"},"query-input":{"@type":"PropertyValueSpecification","valueRequired":true,"valueName":"search_term_string"}}],"inLanguage":"es"},{"@type":"Organization","@id":"https:\/\/4-20.tempurl.host\/#organization","name":"4 20","url":"https:\/\/4-20.tempurl.host\/","logo":{"@type":"ImageObject","inLanguage":"es","@id":"https:\/\/4-20.tempurl.host\/#\/schema\/logo\/image\/","url":"https:\/\/4-20.mx\/wp-content\/uploads\/2023\/05\/logo-1.png","contentUrl":"https:\/\/4-20.mx\/wp-content\/uploads\/2023\/05\/logo-1.png","width":205,"height":102,"caption":"4 20"},"image":{"@id":"https:\/\/4-20.tempurl.host\/#\/schema\/logo\/image\/"}}]}},"_links":{"self":[{"href":"https:\/\/4-20.mx\/index.php\/wp-json\/wp\/v2\/product\/4165","targetHints":{"allow":["GET"]}}],"collection":[{"href":"https:\/\/4-20.mx\/index.php\/wp-json\/wp\/v2\/product"}],"about":[{"href":"https:\/\/4-20.mx\/index.php\/wp-json\/wp\/v2\/types\/product"}],"replies":[{"embeddable":true,"href":"https:\/\/4-20.mx\/index.php\/wp-json\/wp\/v2\/comments?post=4165"}],"wp:featuredmedia":[{"embeddable":true,"href":"https:\/\/4-20.mx\/index.php\/wp-json\/wp\/v2\/media\/533"}],"wp:attachment":[{"href":"https:\/\/4-20.mx\/index.php\/wp-json\/wp\/v2\/media?parent=4165"}],"wp:term":[{"taxonomy":"product_brand","embeddable":true,"href":"https:\/\/4-20.mx\/index.php\/wp-json\/wp\/v2\/product_brand?post=4165"},{"taxonomy":"product_cat","embeddable":true,"href":"https:\/\/4-20.mx\/index.php\/wp-json\/wp\/v2\/product_cat?post=4165"},{"taxonomy":"product_tag","embeddable":true,"href":"https:\/\/4-20.mx\/index.php\/wp-json\/wp\/v2\/product_tag?post=4165"}],"curies":[{"name":"wp","href":"https:\/\/api.w.org\/{rel}","templated":true}]}}