{"id":4164,"date":"1970-01-01T00:00:00","date_gmt":"1970-01-01T00:00:00","guid":{"rendered":"https:\/\/4-20.mx\/?post_type=product&#038;p=4164"},"modified":"2025-12-01T12:26:28","modified_gmt":"2025-12-01T18:26:28","slug":"serenity-broad-gotero-aceite-3000-mg-cbd","status":"publish","type":"product","link":"https:\/\/4-20.mx\/index.php\/producto\/serenity-broad-gotero-aceite-3000-mg-cbd\/","title":{"rendered":"Serenity Broad Gotero Aceite 3000 MG CBD"},"content":{"rendered":"<p><img decoding=\"async\" class=\"alignnone size-medium wp-image-530 lazyload\" data-src=\"https:\/\/4-20.mx\/wp-content\/uploads\/2023\/05\/serenity-300x157.png\" alt=\"\" width=\"300\" height=\"157\" data-srcset=\"https:\/\/4-20.mx\/wp-content\/uploads\/2023\/05\/serenity-300x157.png 300w, https:\/\/4-20.mx\/wp-content\/uploads\/2023\/05\/serenity-768x401.png 768w, https:\/\/4-20.mx\/wp-content\/uploads\/2023\/05\/serenity-600x313.png 600w, https:\/\/4-20.mx\/wp-content\/uploads\/2023\/05\/serenity.png 1025w\" data-sizes=\"(max-width: 300px) 100vw, 300px\" src=\"data:image\/svg+xml;base64,PHN2ZyB3aWR0aD0iMSIgaGVpZ2h0PSIxIiB4bWxucz0iaHR0cDovL3d3dy53My5vcmcvMjAwMC9zdmciPjwvc3ZnPg==\" style=\"--smush-placeholder-width: 300px; --smush-placeholder-aspect-ratio: 300\/157;\" \/>Serenity Broad Gotero Aceite 3000 MG CBD<\/p>\n<p class=\"text\">Nuestras l\u00edneas de aceite en gotero Serenity Broad con mezcla de terpenos Calm, es la f\u00f3rmula ideal para aliviar el estr\u00e9s del d\u00eda a d\u00eda, cuentan los ingredientes clave que te brindar\u00e1n esa calma que necesitas para que te puedas estar sereno durante el d\u00eda.<b>Terpenos Calm:<\/b>\u00a0relajante por la interacci\u00f3n del linalol y el limoneno. El limoneno tiene un efecto que eleva el estado de \u00e1nimo, mientras que el linalol mejora la capacidad de la persona para desconectar de un mundo ajetreado.<\/p>\n<p><button id=\"one\" class=\"tittle\"><b>INGREDIENTES<\/b><\/button><\/p>\n<div class=\"\">\n<p class=\"text\">Aceite de Hemp.3000mg de CBD de Amplio Espectro con todos los Cannabinoides disponibles en la extracci\u00f3n sin THC.Sabor Hierbabuena.<\/p>\n<\/div>\n<p><button id=\"two\" class=\"tittle\"><b>PRESENTACI\u00d3N<\/b><\/button><\/p>\n<div class=\"\">\n<p class=\"text\">Frasco gotero de 30ml con 3000mg de concentrado CBD<\/p>\n<\/div>\n<p><button id=\"tree\" class=\"tittle\"><b>BENEFICIOS<\/b><\/button><\/p>\n<div class=\"\">\n<p class=\"text\">Te ayuda a mantenerte sereno durante el d\u00eda.Combate el estr\u00e9s y la ansiedad.Rico en nutrientes como Omega3 y grasas saludables que ayudan a regular el colesterol y sin causar acidez estomacal.Gran valor en salud y bienestar a nivel cardiovascular y cerebral por la proporci\u00f3n de \u00e1cidos grasos poliinsaturados y amino\u00e1cidos esenciales.Reduce el riesgo de ataques al coraz\u00f3n, debido a que reduce los efectos de coagulaci\u00f3n de la sangre y mejora los perfiles del colesterol.<\/p>\n<\/div>\n<p><button id=\"four\" class=\"tittle\"><b>MODO DE USO<\/b><\/button><\/p>\n<div class=\"\">\n<p class=\"text\">Sublingual, Se podr\u00e1n sentir los efectos a partir de los 20 minutos de la toma con una duraci\u00f3n de varias horas.<\/p>\n<\/div>\n<p><button id=\"five\" class=\"tittle\"><b>DOSIS<\/b><\/button><\/p>\n<div class=\"\">\n<p class=\"text\">2 a 3 veces al d\u00eda. La Dosis de CBD var\u00eda para cualquier persona de acuerdo a su estatura, peso, edad, sexo y padecimiento. Se recomienda comenzar con dosis bajas e ir aumentando en gotas hasta lograr los efectos deseados.<\/p>\n<\/div>\n<ul>\n<li class=\"text\"><b>Probados en Laboratorio.<\/b><\/li>\n<li class=\"text\"><b>Fabricados en M\u00e9xico.<\/b><\/li>\n<li class=\"text\"><b>Veganos y sin maltrato animal.<\/b><\/li>\n<li class=\"text\"><b>Libres de pesticidas, metales pesados o toxinas.<\/b><\/li>\n<li class=\"text\"><b>Sin GMO.<\/b><\/li>\n<li class=\"text\"><b>Sin Gluten.<\/b><\/li>\n<\/ul>\n<p><img decoding=\"async\" class=\"alignnone size-medium wp-image-482 lazyload\" data-src=\"https:\/\/4-20.mx\/wp-content\/uploads\/2023\/05\/Image-036-300x82.png\" alt=\"\" width=\"300\" height=\"82\" data-srcset=\"https:\/\/4-20.mx\/wp-content\/uploads\/2023\/05\/Image-036-300x82.png 300w, https:\/\/4-20.mx\/wp-content\/uploads\/2023\/05\/Image-036.png 461w\" data-sizes=\"(max-width: 300px) 100vw, 300px\" src=\"data:image\/svg+xml;base64,PHN2ZyB3aWR0aD0iMSIgaGVpZ2h0PSIxIiB4bWxucz0iaHR0cDovL3d3dy53My5vcmcvMjAwMC9zdmciPjwvc3ZnPg==\" style=\"--smush-placeholder-width: 300px; --smush-placeholder-aspect-ratio: 300\/82;\" \/><\/p>\n","protected":false},"excerpt":{"rendered":"<p>Nuestras l\u00edneas de aceite en gotero Serenity Broad con mezcla de terpenos Calm, es la f\u00f3rmula ideal para aliviar el estr\u00e9s del d\u00eda a d\u00eda, cuentan los ingredientes clave que te brindar\u00e1n esa calma que necesitas para que te puedas estar sereno durante el d\u00eda.<\/p>\n","protected":false},"featured_media":531,"comment_status":"open","ping_status":"closed","template":"","meta":{"_angie_page":false,"_editorskit_title_hidden":false,"_editorskit_reading_time":0,"_editorskit_is_block_options_detached":false,"_editorskit_block_options_position":"{}","inline_featured_image":false},"product_brand":[],"product_cat":[41,46],"product_tag":[],"class_list":{"0":"post-4164","1":"product","2":"type-product","3":"status-publish","4":"has-post-thumbnail","6":"product_cat-aceite-sublingual-cbd","7":"product_cat-aceite-sublingual-cbd-broad","9":"first","10":"outofstock","11":"shipping-taxable","12":"purchasable","13":"product-type-simple"},"yoast_head":"<!-- This site is optimized with the Yoast SEO plugin v26.4 - https:\/\/yoast.com\/wordpress\/plugins\/seo\/ -->\n<title>Serenity Broad Gotero Aceite 3000 MG CBD - 4 20<\/title>\n<meta name=\"description\" content=\"Descubre la experiencia de relajaci\u00f3n definitiva con nuestro Aceite de Goteo Amplio Serenity 3000 MG CBD, infundido con terpenos Calm. Nuestra f\u00f3rmula de amplio espectro proporciona CBD de alta calidad y una mezcla \u00fanica de compuestos naturales para fomentar el bienestar general y la serenidad. Explora hoy mismo nuestra gama de aceites goteros premium y encuentra tu dosis perfecta de tranquilidad.\" \/>\n<meta name=\"robots\" content=\"index, follow, max-snippet:-1, max-image-preview:large, max-video-preview:-1\" \/>\n<link rel=\"canonical\" href=\"https:\/\/4-20.tempurl.host\/index.php\/producto\/serenity-broad-gotero-aceite-3000-mg-cbd\/\" \/>\n<meta property=\"og:locale\" content=\"es_ES\" \/>\n<meta property=\"og:type\" content=\"article\" \/>\n<meta property=\"og:title\" content=\"Serenity Broad Gotero Aceite 3000 MG CBD - 4 20\" \/>\n<meta property=\"og:description\" content=\"Descubre la experiencia de relajaci\u00f3n definitiva con nuestro Aceite de Goteo Amplio Serenity 3000 MG CBD, infundido con terpenos Calm. Nuestra f\u00f3rmula de amplio espectro proporciona CBD de alta calidad y una mezcla \u00fanica de compuestos naturales para fomentar el bienestar general y la serenidad. Explora hoy mismo nuestra gama de aceites goteros premium y encuentra tu dosis perfecta de tranquilidad.\" \/>\n<meta property=\"og:url\" content=\"https:\/\/4-20.tempurl.host\/index.php\/producto\/serenity-broad-gotero-aceite-3000-mg-cbd\/\" \/>\n<meta property=\"og:site_name\" content=\"4 20\" \/>\n<meta property=\"article:modified_time\" content=\"2025-12-01T18:26:28+00:00\" \/>\n<meta property=\"og:image\" content=\"https:\/\/4-20.tempurl.host\/wp-content\/uploads\/2023\/05\/broad-serenity_depix.png\" \/>\n\t<meta property=\"og:image:width\" content=\"2000\" \/>\n\t<meta property=\"og:image:height\" content=\"2000\" \/>\n\t<meta property=\"og:image:type\" content=\"image\/png\" \/>\n<meta name=\"twitter:card\" content=\"summary_large_image\" \/>\n<meta name=\"twitter:label1\" content=\"Tiempo de lectura\" \/>\n\t<meta name=\"twitter:data1\" content=\"1 minuto\" \/>\n<script type=\"application\/ld+json\" class=\"yoast-schema-graph\">{\"@context\":\"https:\/\/schema.org\",\"@graph\":[{\"@type\":\"WebPage\",\"@id\":\"https:\/\/4-20.tempurl.host\/index.php\/producto\/serenity-broad-gotero-aceite-3000-mg-cbd\/\",\"url\":\"https:\/\/4-20.tempurl.host\/index.php\/producto\/serenity-broad-gotero-aceite-3000-mg-cbd\/\",\"name\":\"Serenity Broad Gotero Aceite 3000 MG CBD - 4 20\",\"isPartOf\":{\"@id\":\"https:\/\/4-20.tempurl.host\/#website\"},\"primaryImageOfPage\":{\"@id\":\"https:\/\/4-20.tempurl.host\/index.php\/producto\/serenity-broad-gotero-aceite-3000-mg-cbd\/#primaryimage\"},\"image\":{\"@id\":\"https:\/\/4-20.tempurl.host\/index.php\/producto\/serenity-broad-gotero-aceite-3000-mg-cbd\/#primaryimage\"},\"thumbnailUrl\":\"https:\/\/4-20.mx\/wp-content\/uploads\/2023\/05\/broad-serenity_depix.png\",\"datePublished\":\"1970-01-01T00:00:00+00:00\",\"dateModified\":\"2025-12-01T18:26:28+00:00\",\"description\":\"Descubre la experiencia de relajaci\u00f3n definitiva con nuestro Aceite de Goteo Amplio Serenity 3000 MG CBD, infundido con terpenos Calm. Nuestra f\u00f3rmula de amplio espectro proporciona CBD de alta calidad y una mezcla \u00fanica de compuestos naturales para fomentar el bienestar general y la serenidad. Explora hoy mismo nuestra gama de aceites goteros premium y encuentra tu dosis perfecta de tranquilidad.\",\"breadcrumb\":{\"@id\":\"https:\/\/4-20.tempurl.host\/index.php\/producto\/serenity-broad-gotero-aceite-3000-mg-cbd\/#breadcrumb\"},\"inLanguage\":\"es\",\"potentialAction\":[{\"@type\":\"ReadAction\",\"target\":[\"https:\/\/4-20.tempurl.host\/index.php\/producto\/serenity-broad-gotero-aceite-3000-mg-cbd\/\"]}]},{\"@type\":\"ImageObject\",\"inLanguage\":\"es\",\"@id\":\"https:\/\/4-20.tempurl.host\/index.php\/producto\/serenity-broad-gotero-aceite-3000-mg-cbd\/#primaryimage\",\"url\":\"https:\/\/4-20.mx\/wp-content\/uploads\/2023\/05\/broad-serenity_depix.png\",\"contentUrl\":\"https:\/\/4-20.mx\/wp-content\/uploads\/2023\/05\/broad-serenity_depix.png\",\"width\":2000,\"height\":2000},{\"@type\":\"BreadcrumbList\",\"@id\":\"https:\/\/4-20.tempurl.host\/index.php\/producto\/serenity-broad-gotero-aceite-3000-mg-cbd\/#breadcrumb\",\"itemListElement\":[{\"@type\":\"ListItem\",\"position\":1,\"name\":\"Portada\",\"item\":\"https:\/\/4-20.mx\/\"},{\"@type\":\"ListItem\",\"position\":2,\"name\":\"Shop\",\"item\":\"https:\/\/4-20.tempurl.host\/index.php\/shop\/\"},{\"@type\":\"ListItem\",\"position\":3,\"name\":\"Serenity Broad Gotero Aceite 3000 MG CBD\"}]},{\"@type\":\"WebSite\",\"@id\":\"https:\/\/4-20.tempurl.host\/#website\",\"url\":\"https:\/\/4-20.tempurl.host\/\",\"name\":\"4 20\",\"description\":\"Descubre la magia del cannabis y d\u00e9jate llevar por la experiencia.\",\"publisher\":{\"@id\":\"https:\/\/4-20.tempurl.host\/#organization\"},\"potentialAction\":[{\"@type\":\"SearchAction\",\"target\":{\"@type\":\"EntryPoint\",\"urlTemplate\":\"https:\/\/4-20.tempurl.host\/?s={search_term_string}\"},\"query-input\":{\"@type\":\"PropertyValueSpecification\",\"valueRequired\":true,\"valueName\":\"search_term_string\"}}],\"inLanguage\":\"es\"},{\"@type\":\"Organization\",\"@id\":\"https:\/\/4-20.tempurl.host\/#organization\",\"name\":\"4 20\",\"url\":\"https:\/\/4-20.tempurl.host\/\",\"logo\":{\"@type\":\"ImageObject\",\"inLanguage\":\"es\",\"@id\":\"https:\/\/4-20.tempurl.host\/#\/schema\/logo\/image\/\",\"url\":\"https:\/\/4-20.mx\/wp-content\/uploads\/2023\/05\/logo-1.png\",\"contentUrl\":\"https:\/\/4-20.mx\/wp-content\/uploads\/2023\/05\/logo-1.png\",\"width\":205,\"height\":102,\"caption\":\"4 20\"},\"image\":{\"@id\":\"https:\/\/4-20.tempurl.host\/#\/schema\/logo\/image\/\"}}]}<\/script>\n<!-- \/ Yoast SEO plugin. -->","yoast_head_json":{"title":"Serenity Broad Gotero Aceite 3000 MG CBD - 4 20","description":"Descubre la experiencia de relajaci\u00f3n definitiva con nuestro Aceite de Goteo Amplio Serenity 3000 MG CBD, infundido con terpenos Calm. Nuestra f\u00f3rmula de amplio espectro proporciona CBD de alta calidad y una mezcla \u00fanica de compuestos naturales para fomentar el bienestar general y la serenidad. Explora hoy mismo nuestra gama de aceites goteros premium y encuentra tu dosis perfecta de tranquilidad.","robots":{"index":"index","follow":"follow","max-snippet":"max-snippet:-1","max-image-preview":"max-image-preview:large","max-video-preview":"max-video-preview:-1"},"canonical":"https:\/\/4-20.tempurl.host\/index.php\/producto\/serenity-broad-gotero-aceite-3000-mg-cbd\/","og_locale":"es_ES","og_type":"article","og_title":"Serenity Broad Gotero Aceite 3000 MG CBD - 4 20","og_description":"Descubre la experiencia de relajaci\u00f3n definitiva con nuestro Aceite de Goteo Amplio Serenity 3000 MG CBD, infundido con terpenos Calm. Nuestra f\u00f3rmula de amplio espectro proporciona CBD de alta calidad y una mezcla \u00fanica de compuestos naturales para fomentar el bienestar general y la serenidad. Explora hoy mismo nuestra gama de aceites goteros premium y encuentra tu dosis perfecta de tranquilidad.","og_url":"https:\/\/4-20.tempurl.host\/index.php\/producto\/serenity-broad-gotero-aceite-3000-mg-cbd\/","og_site_name":"4 20","article_modified_time":"2025-12-01T18:26:28+00:00","og_image":[{"width":2000,"height":2000,"url":"https:\/\/4-20.tempurl.host\/wp-content\/uploads\/2023\/05\/broad-serenity_depix.png","type":"image\/png"}],"twitter_card":"summary_large_image","twitter_misc":{"Tiempo de lectura":"1 minuto"},"schema":{"@context":"https:\/\/schema.org","@graph":[{"@type":"WebPage","@id":"https:\/\/4-20.tempurl.host\/index.php\/producto\/serenity-broad-gotero-aceite-3000-mg-cbd\/","url":"https:\/\/4-20.tempurl.host\/index.php\/producto\/serenity-broad-gotero-aceite-3000-mg-cbd\/","name":"Serenity Broad Gotero Aceite 3000 MG CBD - 4 20","isPartOf":{"@id":"https:\/\/4-20.tempurl.host\/#website"},"primaryImageOfPage":{"@id":"https:\/\/4-20.tempurl.host\/index.php\/producto\/serenity-broad-gotero-aceite-3000-mg-cbd\/#primaryimage"},"image":{"@id":"https:\/\/4-20.tempurl.host\/index.php\/producto\/serenity-broad-gotero-aceite-3000-mg-cbd\/#primaryimage"},"thumbnailUrl":"https:\/\/4-20.mx\/wp-content\/uploads\/2023\/05\/broad-serenity_depix.png","datePublished":"1970-01-01T00:00:00+00:00","dateModified":"2025-12-01T18:26:28+00:00","description":"Descubre la experiencia de relajaci\u00f3n definitiva con nuestro Aceite de Goteo Amplio Serenity 3000 MG CBD, infundido con terpenos Calm. Nuestra f\u00f3rmula de amplio espectro proporciona CBD de alta calidad y una mezcla \u00fanica de compuestos naturales para fomentar el bienestar general y la serenidad. Explora hoy mismo nuestra gama de aceites goteros premium y encuentra tu dosis perfecta de tranquilidad.","breadcrumb":{"@id":"https:\/\/4-20.tempurl.host\/index.php\/producto\/serenity-broad-gotero-aceite-3000-mg-cbd\/#breadcrumb"},"inLanguage":"es","potentialAction":[{"@type":"ReadAction","target":["https:\/\/4-20.tempurl.host\/index.php\/producto\/serenity-broad-gotero-aceite-3000-mg-cbd\/"]}]},{"@type":"ImageObject","inLanguage":"es","@id":"https:\/\/4-20.tempurl.host\/index.php\/producto\/serenity-broad-gotero-aceite-3000-mg-cbd\/#primaryimage","url":"https:\/\/4-20.mx\/wp-content\/uploads\/2023\/05\/broad-serenity_depix.png","contentUrl":"https:\/\/4-20.mx\/wp-content\/uploads\/2023\/05\/broad-serenity_depix.png","width":2000,"height":2000},{"@type":"BreadcrumbList","@id":"https:\/\/4-20.tempurl.host\/index.php\/producto\/serenity-broad-gotero-aceite-3000-mg-cbd\/#breadcrumb","itemListElement":[{"@type":"ListItem","position":1,"name":"Portada","item":"https:\/\/4-20.mx\/"},{"@type":"ListItem","position":2,"name":"Shop","item":"https:\/\/4-20.tempurl.host\/index.php\/shop\/"},{"@type":"ListItem","position":3,"name":"Serenity Broad Gotero Aceite 3000 MG CBD"}]},{"@type":"WebSite","@id":"https:\/\/4-20.tempurl.host\/#website","url":"https:\/\/4-20.tempurl.host\/","name":"4 20","description":"Descubre la magia del cannabis y d\u00e9jate llevar por la experiencia.","publisher":{"@id":"https:\/\/4-20.tempurl.host\/#organization"},"potentialAction":[{"@type":"SearchAction","target":{"@type":"EntryPoint","urlTemplate":"https:\/\/4-20.tempurl.host\/?s={search_term_string}"},"query-input":{"@type":"PropertyValueSpecification","valueRequired":true,"valueName":"search_term_string"}}],"inLanguage":"es"},{"@type":"Organization","@id":"https:\/\/4-20.tempurl.host\/#organization","name":"4 20","url":"https:\/\/4-20.tempurl.host\/","logo":{"@type":"ImageObject","inLanguage":"es","@id":"https:\/\/4-20.tempurl.host\/#\/schema\/logo\/image\/","url":"https:\/\/4-20.mx\/wp-content\/uploads\/2023\/05\/logo-1.png","contentUrl":"https:\/\/4-20.mx\/wp-content\/uploads\/2023\/05\/logo-1.png","width":205,"height":102,"caption":"4 20"},"image":{"@id":"https:\/\/4-20.tempurl.host\/#\/schema\/logo\/image\/"}}]}},"_links":{"self":[{"href":"https:\/\/4-20.mx\/index.php\/wp-json\/wp\/v2\/product\/4164","targetHints":{"allow":["GET"]}}],"collection":[{"href":"https:\/\/4-20.mx\/index.php\/wp-json\/wp\/v2\/product"}],"about":[{"href":"https:\/\/4-20.mx\/index.php\/wp-json\/wp\/v2\/types\/product"}],"replies":[{"embeddable":true,"href":"https:\/\/4-20.mx\/index.php\/wp-json\/wp\/v2\/comments?post=4164"}],"wp:featuredmedia":[{"embeddable":true,"href":"https:\/\/4-20.mx\/index.php\/wp-json\/wp\/v2\/media\/531"}],"wp:attachment":[{"href":"https:\/\/4-20.mx\/index.php\/wp-json\/wp\/v2\/media?parent=4164"}],"wp:term":[{"taxonomy":"product_brand","embeddable":true,"href":"https:\/\/4-20.mx\/index.php\/wp-json\/wp\/v2\/product_brand?post=4164"},{"taxonomy":"product_cat","embeddable":true,"href":"https:\/\/4-20.mx\/index.php\/wp-json\/wp\/v2\/product_cat?post=4164"},{"taxonomy":"product_tag","embeddable":true,"href":"https:\/\/4-20.mx\/index.php\/wp-json\/wp\/v2\/product_tag?post=4164"}],"curies":[{"name":"wp","href":"https:\/\/api.w.org\/{rel}","templated":true}]}}