{"id":4162,"date":"1970-01-01T00:00:00","date_gmt":"1970-01-01T00:00:00","guid":{"rendered":"https:\/\/4-20.mx\/?post_type=product&#038;p=4162"},"modified":"2025-12-01T12:26:35","modified_gmt":"2025-12-01T18:26:35","slug":"serenity-full-gotero-aceite-3000-mg-cbd","status":"publish","type":"product","link":"https:\/\/4-20.mx\/index.php\/producto\/serenity-full-gotero-aceite-3000-mg-cbd\/","title":{"rendered":"Serenity Full Gotero Aceite 3000 MG CBD"},"content":{"rendered":"<p><img decoding=\"async\" class=\"alignnone size-medium wp-image-621 lazyload\" data-src=\"https:\/\/4-20.mx\/wp-content\/uploads\/2023\/05\/serenity-full-300x156.png\" alt=\"\" width=\"300\" height=\"156\" data-srcset=\"https:\/\/4-20.mx\/wp-content\/uploads\/2023\/05\/serenity-full-300x156.png 300w, https:\/\/4-20.mx\/wp-content\/uploads\/2023\/05\/serenity-full-768x400.png 768w, https:\/\/4-20.mx\/wp-content\/uploads\/2023\/05\/serenity-full-600x313.png 600w, https:\/\/4-20.mx\/wp-content\/uploads\/2023\/05\/serenity-full.png 833w\" data-sizes=\"(max-width: 300px) 100vw, 300px\" src=\"data:image\/svg+xml;base64,PHN2ZyB3aWR0aD0iMSIgaGVpZ2h0PSIxIiB4bWxucz0iaHR0cDovL3d3dy53My5vcmcvMjAwMC9zdmciPjwvc3ZnPg==\" style=\"--smush-placeholder-width: 300px; --smush-placeholder-aspect-ratio: 300\/156;\" \/>Serenity Full Gotero Aceite 3000 MG CBD<\/p>\n<p class=\"text\">Nuestras l\u00edneas de aceite en gotero Serenity Full con mezcla de terpenos Calm, es la f\u00f3rmula ideal para aliviar el estr\u00e9s del d\u00eda a d\u00eda, cuentan los ingredientes clave que te brindar\u00e1n esa calma que necesitas para que te puedas estar sereno durante el d\u00eda.<b>Terpenos Calm:<\/b>\u00a0relajante por la interacci\u00f3n del linalol y el limoneno. El limoneno tiene un efecto que eleva el estado de \u00e1nimo, mientras que el linalol mejora la capacidad de la persona para desconectar de un mundo ajetreado.<\/p>\n<p><button id=\"one\" class=\"tittle\"><b>INGREDIENTES<\/b><\/button><\/p>\n<div class=\"\">\n<p class=\"text\">Aceite de Hemp.3000mg de CBD de Amplio Espectro con todos los Cannabinoides disponibles en la extracci\u00f3n.Con micro dosis de THC que provoca el efecto s\u00e9quito, un trabajo sin\u00e9rgico entre todos los cannabinoides para potenciar los beneficios de los efectos.Sabor Hierbabuena.<\/p>\n<\/div>\n<p><button id=\"two\" class=\"tittle\"><b>PRESENTACI\u00d3N<\/b><\/button><\/p>\n<div class=\"\">\n<p class=\"text\">Frasco gotero de 30ml con 3000mg de concentrado CBD.<\/p>\n<\/div>\n<p><button id=\"tree\" class=\"tittle\"><b>BENEFICIOS<\/b><\/button><\/p>\n<div class=\"\">\n<p class=\"text\">Te ayuda a mantenerte sereno durante el d\u00eda.Combate el estr\u00e9s y la ansiedad.Rico en nutrientes como Omega3 y grasas saludables que ayudan a regular el colesterol y sin causar acidez estomacal.Gran valor en salud y bienestar a nivel cardiovascular y cerebral por la proporci\u00f3n de \u00e1cidos grasos poliinsaturados y amino\u00e1cidos esenciales.Reduce el riesgo de ataques al coraz\u00f3n, debido a que reduce los efectos de coagulaci\u00f3n de la sangre y mejora los perfiles del colesterol.<\/p>\n<\/div>\n<p><button id=\"four\" class=\"tittle\"><b>MODO DE USO<\/b><\/button><\/p>\n<div class=\"\">\n<p class=\"text\">Sublingual, Se podr\u00e1n sentir los efectos a partir de los 20 minutos de la toma con una duraci\u00f3n de varias horas.<\/p>\n<\/div>\n<p><button id=\"five\" class=\"tittle\"><b>DOSIS<\/b><\/button><\/p>\n<div class=\"\">\n<p class=\"text\">2 veces al d\u00eda, se recomienda una dosis inicial de 3 gotas por evento, 1 vez por la ma\u00f1ana y otra por la tarde. En caso de requerir un efecto mayor, aumentar la dosis poco a poco hasta 6 gotitas por dosis.<\/p>\n<ul>\n<li class=\"text\"><b>Probados en Laboratorio.<\/b><\/li>\n<li class=\"text\"><b>Fabricados en M\u00e9xico.<\/b><\/li>\n<li class=\"text\"><b>Veganos y sin maltrato animal.<\/b><\/li>\n<li class=\"text\"><b>Libres de pesticidas, metales pesados o toxinas.<\/b><\/li>\n<li class=\"text\"><b>Sin GMO.<\/b><\/li>\n<li class=\"text\"><b>Sin Gluten.<\/b><\/li>\n<\/ul>\n<p><img decoding=\"async\" class=\"alignnone size-medium wp-image-482 lazyload\" data-src=\"https:\/\/4-20.mx\/wp-content\/uploads\/2023\/05\/Image-036-300x82.png\" alt=\"\" width=\"300\" height=\"82\" data-srcset=\"https:\/\/4-20.mx\/wp-content\/uploads\/2023\/05\/Image-036-300x82.png 300w, https:\/\/4-20.mx\/wp-content\/uploads\/2023\/05\/Image-036.png 461w\" data-sizes=\"(max-width: 300px) 100vw, 300px\" src=\"data:image\/svg+xml;base64,PHN2ZyB3aWR0aD0iMSIgaGVpZ2h0PSIxIiB4bWxucz0iaHR0cDovL3d3dy53My5vcmcvMjAwMC9zdmciPjwvc3ZnPg==\" style=\"--smush-placeholder-width: 300px; --smush-placeholder-aspect-ratio: 300\/82;\" \/><\/div>\n","protected":false},"excerpt":{"rendered":"<p>Serenity Full Gotero Aceite 3000 MG CBD Nuestras l\u00edneas de aceite en gotero Serenity Full con mezcla de terpenos Calm, es la f\u00f3rmula ideal para aliviar el estr\u00e9s del d\u00eda a d\u00eda, cuentan los ingredientes clave que te brindar\u00e1n esa calma que necesitas para que te puedas estar sereno durante el d\u00eda.Terpenos Calm:\u00a0relajante por la<a class=\"more-link\" href=\"https:\/\/4-20.mx\/index.php\/producto\/serenity-full-gotero-aceite-3000-mg-cbd\/\">Ver m\u00e1s  &#10230;<\/a><\/p>\n","protected":false},"featured_media":622,"comment_status":"open","ping_status":"closed","template":"","meta":{"_angie_page":false,"_editorskit_title_hidden":false,"_editorskit_reading_time":0,"_editorskit_is_block_options_detached":false,"_editorskit_block_options_position":"{}","inline_featured_image":false},"product_brand":[],"product_cat":[53],"product_tag":[70,68,67,69],"class_list":{"0":"post-4162","1":"product","2":"type-product","3":"status-publish","4":"has-post-thumbnail","6":"product_cat-aceite-sublingual-full","7":"product_tag-cbd-calma","8":"product_tag-cbd-full-serenidad","9":"product_tag-cbd-full-serenity","10":"product_tag-cbd-serenidad","12":"first","13":"outofstock","14":"shipping-taxable","15":"purchasable","16":"product-type-simple"},"yoast_head":"<!-- This site is optimized with the Yoast SEO plugin v26.4 - https:\/\/yoast.com\/wordpress\/plugins\/seo\/ -->\n<title>Serenity Full Gotero Aceite 3000 MG CBD - 4 20<\/title>\n<meta name=\"description\" content=\"Descubra los beneficios naturales de Serenity Full Dripper Oil 3000 MG CBD y experimente una relajaci\u00f3n y alivio \u00f3ptimos. Nuestro aceite de primera calidad est\u00e1 formulado para ayudar a aliviar la ansiedad, el estr\u00e9s y el dolor cr\u00f3nico, a la vez que promueve el bienestar y el equilibrio general. Con sus efectos r\u00e1pidos y duraderos, Serenity Full Dripper Oil 3000 MG CBD es la elecci\u00f3n perfecta para aquellos que buscan mejorar su rutina diaria de bienestar. Consigue hoy mismo nuestro aceite de CBD de alta potencia y experimenta el poder de la naturaleza en su m\u00e1xima expresi\u00f3n.\" \/>\n<meta name=\"robots\" content=\"index, follow, max-snippet:-1, max-image-preview:large, max-video-preview:-1\" \/>\n<link rel=\"canonical\" href=\"https:\/\/4-20.tempurl.host\/index.php\/producto\/serenity-full-gotero-aceite-3000-mg-cbd\/\" \/>\n<meta property=\"og:locale\" content=\"es_ES\" \/>\n<meta property=\"og:type\" content=\"article\" \/>\n<meta property=\"og:title\" content=\"Serenity Full Gotero Aceite 3000 MG CBD - 4 20\" \/>\n<meta property=\"og:description\" content=\"Descubra los beneficios naturales de Serenity Full Dripper Oil 3000 MG CBD y experimente una relajaci\u00f3n y alivio \u00f3ptimos. Nuestro aceite de primera calidad est\u00e1 formulado para ayudar a aliviar la ansiedad, el estr\u00e9s y el dolor cr\u00f3nico, a la vez que promueve el bienestar y el equilibrio general. Con sus efectos r\u00e1pidos y duraderos, Serenity Full Dripper Oil 3000 MG CBD es la elecci\u00f3n perfecta para aquellos que buscan mejorar su rutina diaria de bienestar. Consigue hoy mismo nuestro aceite de CBD de alta potencia y experimenta el poder de la naturaleza en su m\u00e1xima expresi\u00f3n.\" \/>\n<meta property=\"og:url\" content=\"https:\/\/4-20.tempurl.host\/index.php\/producto\/serenity-full-gotero-aceite-3000-mg-cbd\/\" \/>\n<meta property=\"og:site_name\" content=\"4 20\" \/>\n<meta property=\"article:modified_time\" content=\"2025-12-01T18:26:35+00:00\" \/>\n<meta property=\"og:image\" content=\"https:\/\/4-20.tempurl.host\/wp-content\/uploads\/2023\/05\/serenity-full-1.png\" \/>\n\t<meta property=\"og:image:width\" content=\"1280\" \/>\n\t<meta property=\"og:image:height\" content=\"850\" \/>\n\t<meta property=\"og:image:type\" content=\"image\/png\" \/>\n<meta name=\"twitter:card\" content=\"summary_large_image\" \/>\n<meta name=\"twitter:label1\" content=\"Tiempo de lectura\" \/>\n\t<meta name=\"twitter:data1\" content=\"2 minutos\" \/>\n<script type=\"application\/ld+json\" class=\"yoast-schema-graph\">{\"@context\":\"https:\/\/schema.org\",\"@graph\":[{\"@type\":\"WebPage\",\"@id\":\"https:\/\/4-20.tempurl.host\/index.php\/producto\/serenity-full-gotero-aceite-3000-mg-cbd\/\",\"url\":\"https:\/\/4-20.tempurl.host\/index.php\/producto\/serenity-full-gotero-aceite-3000-mg-cbd\/\",\"name\":\"Serenity Full Gotero Aceite 3000 MG CBD - 4 20\",\"isPartOf\":{\"@id\":\"https:\/\/4-20.tempurl.host\/#website\"},\"primaryImageOfPage\":{\"@id\":\"https:\/\/4-20.tempurl.host\/index.php\/producto\/serenity-full-gotero-aceite-3000-mg-cbd\/#primaryimage\"},\"image\":{\"@id\":\"https:\/\/4-20.tempurl.host\/index.php\/producto\/serenity-full-gotero-aceite-3000-mg-cbd\/#primaryimage\"},\"thumbnailUrl\":\"https:\/\/4-20.mx\/wp-content\/uploads\/2023\/05\/serenity-full-1.png\",\"datePublished\":\"1970-01-01T00:00:00+00:00\",\"dateModified\":\"2025-12-01T18:26:35+00:00\",\"description\":\"Descubra los beneficios naturales de Serenity Full Dripper Oil 3000 MG CBD y experimente una relajaci\u00f3n y alivio \u00f3ptimos. Nuestro aceite de primera calidad est\u00e1 formulado para ayudar a aliviar la ansiedad, el estr\u00e9s y el dolor cr\u00f3nico, a la vez que promueve el bienestar y el equilibrio general. Con sus efectos r\u00e1pidos y duraderos, Serenity Full Dripper Oil 3000 MG CBD es la elecci\u00f3n perfecta para aquellos que buscan mejorar su rutina diaria de bienestar. Consigue hoy mismo nuestro aceite de CBD de alta potencia y experimenta el poder de la naturaleza en su m\u00e1xima expresi\u00f3n.\",\"breadcrumb\":{\"@id\":\"https:\/\/4-20.tempurl.host\/index.php\/producto\/serenity-full-gotero-aceite-3000-mg-cbd\/#breadcrumb\"},\"inLanguage\":\"es\",\"potentialAction\":[{\"@type\":\"ReadAction\",\"target\":[\"https:\/\/4-20.tempurl.host\/index.php\/producto\/serenity-full-gotero-aceite-3000-mg-cbd\/\"]}]},{\"@type\":\"ImageObject\",\"inLanguage\":\"es\",\"@id\":\"https:\/\/4-20.tempurl.host\/index.php\/producto\/serenity-full-gotero-aceite-3000-mg-cbd\/#primaryimage\",\"url\":\"https:\/\/4-20.mx\/wp-content\/uploads\/2023\/05\/serenity-full-1.png\",\"contentUrl\":\"https:\/\/4-20.mx\/wp-content\/uploads\/2023\/05\/serenity-full-1.png\",\"width\":1280,\"height\":850},{\"@type\":\"BreadcrumbList\",\"@id\":\"https:\/\/4-20.tempurl.host\/index.php\/producto\/serenity-full-gotero-aceite-3000-mg-cbd\/#breadcrumb\",\"itemListElement\":[{\"@type\":\"ListItem\",\"position\":1,\"name\":\"Portada\",\"item\":\"https:\/\/4-20.mx\/\"},{\"@type\":\"ListItem\",\"position\":2,\"name\":\"Shop\",\"item\":\"https:\/\/4-20.tempurl.host\/index.php\/shop\/\"},{\"@type\":\"ListItem\",\"position\":3,\"name\":\"Serenity Full Gotero Aceite 3000 MG CBD\"}]},{\"@type\":\"WebSite\",\"@id\":\"https:\/\/4-20.tempurl.host\/#website\",\"url\":\"https:\/\/4-20.tempurl.host\/\",\"name\":\"4 20\",\"description\":\"Descubre la magia del cannabis y d\u00e9jate llevar por la experiencia.\",\"publisher\":{\"@id\":\"https:\/\/4-20.tempurl.host\/#organization\"},\"potentialAction\":[{\"@type\":\"SearchAction\",\"target\":{\"@type\":\"EntryPoint\",\"urlTemplate\":\"https:\/\/4-20.tempurl.host\/?s={search_term_string}\"},\"query-input\":{\"@type\":\"PropertyValueSpecification\",\"valueRequired\":true,\"valueName\":\"search_term_string\"}}],\"inLanguage\":\"es\"},{\"@type\":\"Organization\",\"@id\":\"https:\/\/4-20.tempurl.host\/#organization\",\"name\":\"4 20\",\"url\":\"https:\/\/4-20.tempurl.host\/\",\"logo\":{\"@type\":\"ImageObject\",\"inLanguage\":\"es\",\"@id\":\"https:\/\/4-20.tempurl.host\/#\/schema\/logo\/image\/\",\"url\":\"https:\/\/4-20.mx\/wp-content\/uploads\/2023\/05\/logo-1.png\",\"contentUrl\":\"https:\/\/4-20.mx\/wp-content\/uploads\/2023\/05\/logo-1.png\",\"width\":205,\"height\":102,\"caption\":\"4 20\"},\"image\":{\"@id\":\"https:\/\/4-20.tempurl.host\/#\/schema\/logo\/image\/\"}}]}<\/script>\n<!-- \/ Yoast SEO plugin. -->","yoast_head_json":{"title":"Serenity Full Gotero Aceite 3000 MG CBD - 4 20","description":"Descubra los beneficios naturales de Serenity Full Dripper Oil 3000 MG CBD y experimente una relajaci\u00f3n y alivio \u00f3ptimos. Nuestro aceite de primera calidad est\u00e1 formulado para ayudar a aliviar la ansiedad, el estr\u00e9s y el dolor cr\u00f3nico, a la vez que promueve el bienestar y el equilibrio general. Con sus efectos r\u00e1pidos y duraderos, Serenity Full Dripper Oil 3000 MG CBD es la elecci\u00f3n perfecta para aquellos que buscan mejorar su rutina diaria de bienestar. Consigue hoy mismo nuestro aceite de CBD de alta potencia y experimenta el poder de la naturaleza en su m\u00e1xima expresi\u00f3n.","robots":{"index":"index","follow":"follow","max-snippet":"max-snippet:-1","max-image-preview":"max-image-preview:large","max-video-preview":"max-video-preview:-1"},"canonical":"https:\/\/4-20.tempurl.host\/index.php\/producto\/serenity-full-gotero-aceite-3000-mg-cbd\/","og_locale":"es_ES","og_type":"article","og_title":"Serenity Full Gotero Aceite 3000 MG CBD - 4 20","og_description":"Descubra los beneficios naturales de Serenity Full Dripper Oil 3000 MG CBD y experimente una relajaci\u00f3n y alivio \u00f3ptimos. Nuestro aceite de primera calidad est\u00e1 formulado para ayudar a aliviar la ansiedad, el estr\u00e9s y el dolor cr\u00f3nico, a la vez que promueve el bienestar y el equilibrio general. Con sus efectos r\u00e1pidos y duraderos, Serenity Full Dripper Oil 3000 MG CBD es la elecci\u00f3n perfecta para aquellos que buscan mejorar su rutina diaria de bienestar. Consigue hoy mismo nuestro aceite de CBD de alta potencia y experimenta el poder de la naturaleza en su m\u00e1xima expresi\u00f3n.","og_url":"https:\/\/4-20.tempurl.host\/index.php\/producto\/serenity-full-gotero-aceite-3000-mg-cbd\/","og_site_name":"4 20","article_modified_time":"2025-12-01T18:26:35+00:00","og_image":[{"width":1280,"height":850,"url":"https:\/\/4-20.tempurl.host\/wp-content\/uploads\/2023\/05\/serenity-full-1.png","type":"image\/png"}],"twitter_card":"summary_large_image","twitter_misc":{"Tiempo de lectura":"2 minutos"},"schema":{"@context":"https:\/\/schema.org","@graph":[{"@type":"WebPage","@id":"https:\/\/4-20.tempurl.host\/index.php\/producto\/serenity-full-gotero-aceite-3000-mg-cbd\/","url":"https:\/\/4-20.tempurl.host\/index.php\/producto\/serenity-full-gotero-aceite-3000-mg-cbd\/","name":"Serenity Full Gotero Aceite 3000 MG CBD - 4 20","isPartOf":{"@id":"https:\/\/4-20.tempurl.host\/#website"},"primaryImageOfPage":{"@id":"https:\/\/4-20.tempurl.host\/index.php\/producto\/serenity-full-gotero-aceite-3000-mg-cbd\/#primaryimage"},"image":{"@id":"https:\/\/4-20.tempurl.host\/index.php\/producto\/serenity-full-gotero-aceite-3000-mg-cbd\/#primaryimage"},"thumbnailUrl":"https:\/\/4-20.mx\/wp-content\/uploads\/2023\/05\/serenity-full-1.png","datePublished":"1970-01-01T00:00:00+00:00","dateModified":"2025-12-01T18:26:35+00:00","description":"Descubra los beneficios naturales de Serenity Full Dripper Oil 3000 MG CBD y experimente una relajaci\u00f3n y alivio \u00f3ptimos. Nuestro aceite de primera calidad est\u00e1 formulado para ayudar a aliviar la ansiedad, el estr\u00e9s y el dolor cr\u00f3nico, a la vez que promueve el bienestar y el equilibrio general. Con sus efectos r\u00e1pidos y duraderos, Serenity Full Dripper Oil 3000 MG CBD es la elecci\u00f3n perfecta para aquellos que buscan mejorar su rutina diaria de bienestar. Consigue hoy mismo nuestro aceite de CBD de alta potencia y experimenta el poder de la naturaleza en su m\u00e1xima expresi\u00f3n.","breadcrumb":{"@id":"https:\/\/4-20.tempurl.host\/index.php\/producto\/serenity-full-gotero-aceite-3000-mg-cbd\/#breadcrumb"},"inLanguage":"es","potentialAction":[{"@type":"ReadAction","target":["https:\/\/4-20.tempurl.host\/index.php\/producto\/serenity-full-gotero-aceite-3000-mg-cbd\/"]}]},{"@type":"ImageObject","inLanguage":"es","@id":"https:\/\/4-20.tempurl.host\/index.php\/producto\/serenity-full-gotero-aceite-3000-mg-cbd\/#primaryimage","url":"https:\/\/4-20.mx\/wp-content\/uploads\/2023\/05\/serenity-full-1.png","contentUrl":"https:\/\/4-20.mx\/wp-content\/uploads\/2023\/05\/serenity-full-1.png","width":1280,"height":850},{"@type":"BreadcrumbList","@id":"https:\/\/4-20.tempurl.host\/index.php\/producto\/serenity-full-gotero-aceite-3000-mg-cbd\/#breadcrumb","itemListElement":[{"@type":"ListItem","position":1,"name":"Portada","item":"https:\/\/4-20.mx\/"},{"@type":"ListItem","position":2,"name":"Shop","item":"https:\/\/4-20.tempurl.host\/index.php\/shop\/"},{"@type":"ListItem","position":3,"name":"Serenity Full Gotero Aceite 3000 MG CBD"}]},{"@type":"WebSite","@id":"https:\/\/4-20.tempurl.host\/#website","url":"https:\/\/4-20.tempurl.host\/","name":"4 20","description":"Descubre la magia del cannabis y d\u00e9jate llevar por la experiencia.","publisher":{"@id":"https:\/\/4-20.tempurl.host\/#organization"},"potentialAction":[{"@type":"SearchAction","target":{"@type":"EntryPoint","urlTemplate":"https:\/\/4-20.tempurl.host\/?s={search_term_string}"},"query-input":{"@type":"PropertyValueSpecification","valueRequired":true,"valueName":"search_term_string"}}],"inLanguage":"es"},{"@type":"Organization","@id":"https:\/\/4-20.tempurl.host\/#organization","name":"4 20","url":"https:\/\/4-20.tempurl.host\/","logo":{"@type":"ImageObject","inLanguage":"es","@id":"https:\/\/4-20.tempurl.host\/#\/schema\/logo\/image\/","url":"https:\/\/4-20.mx\/wp-content\/uploads\/2023\/05\/logo-1.png","contentUrl":"https:\/\/4-20.mx\/wp-content\/uploads\/2023\/05\/logo-1.png","width":205,"height":102,"caption":"4 20"},"image":{"@id":"https:\/\/4-20.tempurl.host\/#\/schema\/logo\/image\/"}}]}},"_links":{"self":[{"href":"https:\/\/4-20.mx\/index.php\/wp-json\/wp\/v2\/product\/4162","targetHints":{"allow":["GET"]}}],"collection":[{"href":"https:\/\/4-20.mx\/index.php\/wp-json\/wp\/v2\/product"}],"about":[{"href":"https:\/\/4-20.mx\/index.php\/wp-json\/wp\/v2\/types\/product"}],"replies":[{"embeddable":true,"href":"https:\/\/4-20.mx\/index.php\/wp-json\/wp\/v2\/comments?post=4162"}],"wp:featuredmedia":[{"embeddable":true,"href":"https:\/\/4-20.mx\/index.php\/wp-json\/wp\/v2\/media\/622"}],"wp:attachment":[{"href":"https:\/\/4-20.mx\/index.php\/wp-json\/wp\/v2\/media?parent=4162"}],"wp:term":[{"taxonomy":"product_brand","embeddable":true,"href":"https:\/\/4-20.mx\/index.php\/wp-json\/wp\/v2\/product_brand?post=4162"},{"taxonomy":"product_cat","embeddable":true,"href":"https:\/\/4-20.mx\/index.php\/wp-json\/wp\/v2\/product_cat?post=4162"},{"taxonomy":"product_tag","embeddable":true,"href":"https:\/\/4-20.mx\/index.php\/wp-json\/wp\/v2\/product_tag?post=4162"}],"curies":[{"name":"wp","href":"https:\/\/api.w.org\/{rel}","templated":true}]}}