{"id":4159,"date":"1970-01-01T00:00:00","date_gmt":"1970-01-01T00:00:00","guid":{"rendered":"https:\/\/4-20.mx\/?post_type=product&#038;p=4159"},"modified":"2025-12-01T12:26:35","modified_gmt":"2025-12-01T18:26:35","slug":"energy-full-gotero-aceite-6000-mg-cbd","status":"publish","type":"product","link":"https:\/\/4-20.mx\/index.php\/producto\/energy-full-gotero-aceite-6000-mg-cbd\/","title":{"rendered":"Energy Full Gotero Aceite 6000 MG CBD"},"content":{"rendered":"<p><img decoding=\"async\" class=\"alignnone size-medium wp-image-631 lazyload\" data-src=\"https:\/\/4-20.mx\/wp-content\/uploads\/2023\/05\/energy-full-300x157.png\" alt=\"\" width=\"300\" height=\"157\" data-srcset=\"https:\/\/4-20.mx\/wp-content\/uploads\/2023\/05\/energy-full-300x157.png 300w, https:\/\/4-20.mx\/wp-content\/uploads\/2023\/05\/energy-full-768x402.png 768w, https:\/\/4-20.mx\/wp-content\/uploads\/2023\/05\/energy-full-600x314.png 600w, https:\/\/4-20.mx\/wp-content\/uploads\/2023\/05\/energy-full.png 823w\" data-sizes=\"(max-width: 300px) 100vw, 300px\" src=\"data:image\/svg+xml;base64,PHN2ZyB3aWR0aD0iMSIgaGVpZ2h0PSIxIiB4bWxucz0iaHR0cDovL3d3dy53My5vcmcvMjAwMC9zdmciPjwvc3ZnPg==\" style=\"--smush-placeholder-width: 300px; --smush-placeholder-aspect-ratio: 300\/157;\" \/>Energy Full Gotero Aceite 6000 MG CBD<\/p>\n<p class=\"text\">Nuestras lineas de aceite en gotero Energy Full con mezcla de terpenos Pineapple Express, es la f\u00f3rmula que ayuda en los procesos cognitivos ideal para lograr la concentraci\u00f3n \u00f3ptima durante el d\u00eda.<b>Terpenos Pinneaple Express:<\/b>Es una base de terpenos ideal para el rendimiento de los deportistas. Ayuda restaurando los niveles \u00f3ptimos de energ\u00eda entre cuerpo y mente, levantando tu \u00e1nimo y llen\u00e1ndote de energ\u00eda.<\/p>\n<p><button id=\"one_energy\" class=\"tittle\"><b>INGREDIENTES:<\/b><\/button><\/p>\n<div class=\"\">\n<p class=\"text\">Triglic\u00e9ridos de cadena media MCT Oil (aceite de coco).6000mg de CBD de Amplio Espectro con todos los Cannabinoides disponibles en la extracci\u00f3n sin THC.Sabor Frutos Tropicales.Con micro dosis de THC que provoca el efecto s\u00e9quito, un trabajo sin\u00e9rgico entre todos los cannabinoides para potenciar los beneficios de los efectos.<\/p>\n<\/div>\n<p><button id=\"two_energy\" class=\"tittle\"><b>PRESENTACI\u00d3N<\/b><\/button><\/p>\n<div class=\"\">\n<p class=\"text\">Frasco gotero de 30ml con 6000mg de concentrado CBD.<\/p>\n<\/div>\n<p><button id=\"tree_energy\" class=\"tittle\"><b>BENEFICIOS<\/b><\/button><\/p>\n<div class=\"\">\n<p class=\"text\">Te ayuda a regular tus niveles de energ\u00eda durante el d\u00eda.Levanta tu estado de \u00e1nimo.Recupera la energ\u00eda despu\u00e9s del ejercicio.Recuperaci\u00f3n muscular.Mejora tu rendimiento.<\/p>\n<\/div>\n<p><button id=\"four_energy\" class=\"tittle\"><b>MODO DE USO<\/b><\/button><\/p>\n<div class=\"\">\n<p class=\"text\">\u00a0Sublingual, Se podr\u00e1n sentir los efectos a partir de los 20 minutos de la toma con una duraci\u00f3n de varias horas.<\/p>\n<\/div>\n<p><button id=\"five_energy\" class=\"tittle\"><b>DOSIS<\/b><\/button><\/p>\n<div class=\"\">\n<p class=\"text\">:\u00a0 1 a 2 veces al d\u00eda, se recomienda una dosis inicial de 3 gotas por evento, 1 vez por la ma\u00f1ana y otra por la tarde. En caso de requerir un efecto mayor, aumentar la dosis poco a poco hasta 6 gotitas por dosis.<\/p>\n<\/div>\n<ul>\n<li class=\"text\"><b>Probados en Laboratorio.<\/b><\/li>\n<li class=\"text\"><b>Fabricados en M\u00e9xico.<\/b><\/li>\n<li class=\"text\"><b>Veganos y sin maltrato animal.<\/b><\/li>\n<li class=\"text\"><b>Libres de pesticidas, metales pesados o toxinas.<\/b><\/li>\n<li class=\"text\"><b>Sin GMO.<\/b><\/li>\n<li class=\"text\"><b>Sin Gluten.<\/b><\/li>\n<\/ul>\n<p>&nbsp;<img decoding=\"async\" class=\"alignnone size-medium wp-image-482 lazyload\" data-src=\"https:\/\/4-20.mx\/wp-content\/uploads\/2023\/05\/Image-036-300x82.png\" alt=\"\" width=\"300\" height=\"82\" data-srcset=\"https:\/\/4-20.mx\/wp-content\/uploads\/2023\/05\/Image-036-300x82.png 300w, https:\/\/4-20.mx\/wp-content\/uploads\/2023\/05\/Image-036.png 461w\" data-sizes=\"(max-width: 300px) 100vw, 300px\" src=\"data:image\/svg+xml;base64,PHN2ZyB3aWR0aD0iMSIgaGVpZ2h0PSIxIiB4bWxucz0iaHR0cDovL3d3dy53My5vcmcvMjAwMC9zdmciPjwvc3ZnPg==\" style=\"--smush-placeholder-width: 300px; --smush-placeholder-aspect-ratio: 300\/82;\" \/><\/p>\n","protected":false},"excerpt":{"rendered":"<p>Descubre los numerosos beneficios del aceite de CBD Energy Full Gotero Aceite 6000 MG y descubre una forma natural de mejorar tu bienestar general. Desde reducir la ansiedad y promover la relajaci\u00f3n hasta controlar el dolor y la inflamaci\u00f3n, este potente aceite est\u00e1 repleto de ventajas que pueden mejorar tu vida diaria. Explora todo el potencial del aceite de CBD y experimenta la diferencia por ti mismo con Energy Full Gotero Aceite 6000 MG CBD.<\/p>\n","protected":false},"featured_media":632,"comment_status":"open","ping_status":"closed","template":"","meta":{"_angie_page":false,"_editorskit_title_hidden":false,"_editorskit_reading_time":0,"_editorskit_is_block_options_detached":false,"_editorskit_block_options_position":"{}","inline_featured_image":false},"product_brand":[],"product_cat":[41,53],"product_tag":[77,76],"class_list":{"0":"post-4159","1":"product","2":"type-product","3":"status-publish","4":"has-post-thumbnail","6":"product_cat-aceite-sublingual-cbd","7":"product_cat-aceite-sublingual-full","8":"product_tag-aceite-cbd-energy-full","9":"product_tag-cbd-energy-full","11":"first","12":"outofstock","13":"shipping-taxable","14":"purchasable","15":"product-type-simple"},"yoast_head":"<!-- This site is optimized with the Yoast SEO plugin v26.4 - https:\/\/yoast.com\/wordpress\/plugins\/seo\/ -->\n<title>Energy Full Gotero Aceite 6000 MG CBD - 4 20<\/title>\n<meta name=\"description\" content=\"Descubre los numerosos beneficios del aceite de CBD Energy Full Gotero Aceite 6000 MG y descubre una forma natural de mejorar tu bienestar general. Desde reducir la ansiedad y promover la relajaci\u00f3n hasta controlar el dolor y la inflamaci\u00f3n, este potente aceite est\u00e1 repleto de ventajas que pueden mejorar tu vida diaria. Explora todo el potencial del aceite de CBD y experimenta la diferencia por ti mismo con Energy Full Gotero Aceite 6000 MG CBD.\" \/>\n<meta name=\"robots\" content=\"index, follow, max-snippet:-1, max-image-preview:large, max-video-preview:-1\" \/>\n<link rel=\"canonical\" href=\"https:\/\/4-20.tempurl.host\/index.php\/producto\/energy-full-gotero-aceite-6000-mg-cbd\/\" \/>\n<meta property=\"og:locale\" content=\"es_ES\" \/>\n<meta property=\"og:type\" content=\"article\" \/>\n<meta property=\"og:title\" content=\"Energy Full Gotero Aceite 6000 MG CBD - 4 20\" \/>\n<meta property=\"og:description\" content=\"Descubre los numerosos beneficios del aceite de CBD Energy Full Gotero Aceite 6000 MG y descubre una forma natural de mejorar tu bienestar general. Desde reducir la ansiedad y promover la relajaci\u00f3n hasta controlar el dolor y la inflamaci\u00f3n, este potente aceite est\u00e1 repleto de ventajas que pueden mejorar tu vida diaria. Explora todo el potencial del aceite de CBD y experimenta la diferencia por ti mismo con Energy Full Gotero Aceite 6000 MG CBD.\" \/>\n<meta property=\"og:url\" content=\"https:\/\/4-20.tempurl.host\/index.php\/producto\/energy-full-gotero-aceite-6000-mg-cbd\/\" \/>\n<meta property=\"og:site_name\" content=\"4 20\" \/>\n<meta property=\"article:modified_time\" content=\"2025-12-01T18:26:35+00:00\" \/>\n<meta property=\"og:image\" content=\"https:\/\/4-20.tempurl.host\/wp-content\/uploads\/2023\/05\/energy-full-1.png\" \/>\n\t<meta property=\"og:image:width\" content=\"1280\" \/>\n\t<meta property=\"og:image:height\" content=\"850\" \/>\n\t<meta property=\"og:image:type\" content=\"image\/png\" \/>\n<meta name=\"twitter:card\" content=\"summary_large_image\" \/>\n<meta name=\"twitter:label1\" content=\"Tiempo de lectura\" \/>\n\t<meta name=\"twitter:data1\" content=\"1 minuto\" \/>\n<script type=\"application\/ld+json\" class=\"yoast-schema-graph\">{\"@context\":\"https:\/\/schema.org\",\"@graph\":[{\"@type\":\"WebPage\",\"@id\":\"https:\/\/4-20.tempurl.host\/index.php\/producto\/energy-full-gotero-aceite-6000-mg-cbd\/\",\"url\":\"https:\/\/4-20.tempurl.host\/index.php\/producto\/energy-full-gotero-aceite-6000-mg-cbd\/\",\"name\":\"Energy Full Gotero Aceite 6000 MG CBD - 4 20\",\"isPartOf\":{\"@id\":\"https:\/\/4-20.tempurl.host\/#website\"},\"primaryImageOfPage\":{\"@id\":\"https:\/\/4-20.tempurl.host\/index.php\/producto\/energy-full-gotero-aceite-6000-mg-cbd\/#primaryimage\"},\"image\":{\"@id\":\"https:\/\/4-20.tempurl.host\/index.php\/producto\/energy-full-gotero-aceite-6000-mg-cbd\/#primaryimage\"},\"thumbnailUrl\":\"https:\/\/4-20.mx\/wp-content\/uploads\/2023\/05\/energy-full-1.png\",\"datePublished\":\"1970-01-01T00:00:00+00:00\",\"dateModified\":\"2025-12-01T18:26:35+00:00\",\"description\":\"Descubre los numerosos beneficios del aceite de CBD Energy Full Gotero Aceite 6000 MG y descubre una forma natural de mejorar tu bienestar general. Desde reducir la ansiedad y promover la relajaci\u00f3n hasta controlar el dolor y la inflamaci\u00f3n, este potente aceite est\u00e1 repleto de ventajas que pueden mejorar tu vida diaria. Explora todo el potencial del aceite de CBD y experimenta la diferencia por ti mismo con Energy Full Gotero Aceite 6000 MG CBD.\",\"breadcrumb\":{\"@id\":\"https:\/\/4-20.tempurl.host\/index.php\/producto\/energy-full-gotero-aceite-6000-mg-cbd\/#breadcrumb\"},\"inLanguage\":\"es\",\"potentialAction\":[{\"@type\":\"ReadAction\",\"target\":[\"https:\/\/4-20.tempurl.host\/index.php\/producto\/energy-full-gotero-aceite-6000-mg-cbd\/\"]}]},{\"@type\":\"ImageObject\",\"inLanguage\":\"es\",\"@id\":\"https:\/\/4-20.tempurl.host\/index.php\/producto\/energy-full-gotero-aceite-6000-mg-cbd\/#primaryimage\",\"url\":\"https:\/\/4-20.mx\/wp-content\/uploads\/2023\/05\/energy-full-1.png\",\"contentUrl\":\"https:\/\/4-20.mx\/wp-content\/uploads\/2023\/05\/energy-full-1.png\",\"width\":1280,\"height\":850},{\"@type\":\"BreadcrumbList\",\"@id\":\"https:\/\/4-20.tempurl.host\/index.php\/producto\/energy-full-gotero-aceite-6000-mg-cbd\/#breadcrumb\",\"itemListElement\":[{\"@type\":\"ListItem\",\"position\":1,\"name\":\"Portada\",\"item\":\"https:\/\/4-20.mx\/\"},{\"@type\":\"ListItem\",\"position\":2,\"name\":\"Shop\",\"item\":\"https:\/\/4-20.tempurl.host\/index.php\/shop\/\"},{\"@type\":\"ListItem\",\"position\":3,\"name\":\"Energy Full Gotero Aceite 6000 MG CBD\"}]},{\"@type\":\"WebSite\",\"@id\":\"https:\/\/4-20.tempurl.host\/#website\",\"url\":\"https:\/\/4-20.tempurl.host\/\",\"name\":\"4 20\",\"description\":\"Descubre la magia del cannabis y d\u00e9jate llevar por la experiencia.\",\"publisher\":{\"@id\":\"https:\/\/4-20.tempurl.host\/#organization\"},\"potentialAction\":[{\"@type\":\"SearchAction\",\"target\":{\"@type\":\"EntryPoint\",\"urlTemplate\":\"https:\/\/4-20.tempurl.host\/?s={search_term_string}\"},\"query-input\":{\"@type\":\"PropertyValueSpecification\",\"valueRequired\":true,\"valueName\":\"search_term_string\"}}],\"inLanguage\":\"es\"},{\"@type\":\"Organization\",\"@id\":\"https:\/\/4-20.tempurl.host\/#organization\",\"name\":\"4 20\",\"url\":\"https:\/\/4-20.tempurl.host\/\",\"logo\":{\"@type\":\"ImageObject\",\"inLanguage\":\"es\",\"@id\":\"https:\/\/4-20.tempurl.host\/#\/schema\/logo\/image\/\",\"url\":\"https:\/\/4-20.mx\/wp-content\/uploads\/2023\/05\/logo-1.png\",\"contentUrl\":\"https:\/\/4-20.mx\/wp-content\/uploads\/2023\/05\/logo-1.png\",\"width\":205,\"height\":102,\"caption\":\"4 20\"},\"image\":{\"@id\":\"https:\/\/4-20.tempurl.host\/#\/schema\/logo\/image\/\"}}]}<\/script>\n<!-- \/ Yoast SEO plugin. -->","yoast_head_json":{"title":"Energy Full Gotero Aceite 6000 MG CBD - 4 20","description":"Descubre los numerosos beneficios del aceite de CBD Energy Full Gotero Aceite 6000 MG y descubre una forma natural de mejorar tu bienestar general. Desde reducir la ansiedad y promover la relajaci\u00f3n hasta controlar el dolor y la inflamaci\u00f3n, este potente aceite est\u00e1 repleto de ventajas que pueden mejorar tu vida diaria. Explora todo el potencial del aceite de CBD y experimenta la diferencia por ti mismo con Energy Full Gotero Aceite 6000 MG CBD.","robots":{"index":"index","follow":"follow","max-snippet":"max-snippet:-1","max-image-preview":"max-image-preview:large","max-video-preview":"max-video-preview:-1"},"canonical":"https:\/\/4-20.tempurl.host\/index.php\/producto\/energy-full-gotero-aceite-6000-mg-cbd\/","og_locale":"es_ES","og_type":"article","og_title":"Energy Full Gotero Aceite 6000 MG CBD - 4 20","og_description":"Descubre los numerosos beneficios del aceite de CBD Energy Full Gotero Aceite 6000 MG y descubre una forma natural de mejorar tu bienestar general. Desde reducir la ansiedad y promover la relajaci\u00f3n hasta controlar el dolor y la inflamaci\u00f3n, este potente aceite est\u00e1 repleto de ventajas que pueden mejorar tu vida diaria. Explora todo el potencial del aceite de CBD y experimenta la diferencia por ti mismo con Energy Full Gotero Aceite 6000 MG CBD.","og_url":"https:\/\/4-20.tempurl.host\/index.php\/producto\/energy-full-gotero-aceite-6000-mg-cbd\/","og_site_name":"4 20","article_modified_time":"2025-12-01T18:26:35+00:00","og_image":[{"width":1280,"height":850,"url":"https:\/\/4-20.tempurl.host\/wp-content\/uploads\/2023\/05\/energy-full-1.png","type":"image\/png"}],"twitter_card":"summary_large_image","twitter_misc":{"Tiempo de lectura":"1 minuto"},"schema":{"@context":"https:\/\/schema.org","@graph":[{"@type":"WebPage","@id":"https:\/\/4-20.tempurl.host\/index.php\/producto\/energy-full-gotero-aceite-6000-mg-cbd\/","url":"https:\/\/4-20.tempurl.host\/index.php\/producto\/energy-full-gotero-aceite-6000-mg-cbd\/","name":"Energy Full Gotero Aceite 6000 MG CBD - 4 20","isPartOf":{"@id":"https:\/\/4-20.tempurl.host\/#website"},"primaryImageOfPage":{"@id":"https:\/\/4-20.tempurl.host\/index.php\/producto\/energy-full-gotero-aceite-6000-mg-cbd\/#primaryimage"},"image":{"@id":"https:\/\/4-20.tempurl.host\/index.php\/producto\/energy-full-gotero-aceite-6000-mg-cbd\/#primaryimage"},"thumbnailUrl":"https:\/\/4-20.mx\/wp-content\/uploads\/2023\/05\/energy-full-1.png","datePublished":"1970-01-01T00:00:00+00:00","dateModified":"2025-12-01T18:26:35+00:00","description":"Descubre los numerosos beneficios del aceite de CBD Energy Full Gotero Aceite 6000 MG y descubre una forma natural de mejorar tu bienestar general. Desde reducir la ansiedad y promover la relajaci\u00f3n hasta controlar el dolor y la inflamaci\u00f3n, este potente aceite est\u00e1 repleto de ventajas que pueden mejorar tu vida diaria. Explora todo el potencial del aceite de CBD y experimenta la diferencia por ti mismo con Energy Full Gotero Aceite 6000 MG CBD.","breadcrumb":{"@id":"https:\/\/4-20.tempurl.host\/index.php\/producto\/energy-full-gotero-aceite-6000-mg-cbd\/#breadcrumb"},"inLanguage":"es","potentialAction":[{"@type":"ReadAction","target":["https:\/\/4-20.tempurl.host\/index.php\/producto\/energy-full-gotero-aceite-6000-mg-cbd\/"]}]},{"@type":"ImageObject","inLanguage":"es","@id":"https:\/\/4-20.tempurl.host\/index.php\/producto\/energy-full-gotero-aceite-6000-mg-cbd\/#primaryimage","url":"https:\/\/4-20.mx\/wp-content\/uploads\/2023\/05\/energy-full-1.png","contentUrl":"https:\/\/4-20.mx\/wp-content\/uploads\/2023\/05\/energy-full-1.png","width":1280,"height":850},{"@type":"BreadcrumbList","@id":"https:\/\/4-20.tempurl.host\/index.php\/producto\/energy-full-gotero-aceite-6000-mg-cbd\/#breadcrumb","itemListElement":[{"@type":"ListItem","position":1,"name":"Portada","item":"https:\/\/4-20.mx\/"},{"@type":"ListItem","position":2,"name":"Shop","item":"https:\/\/4-20.tempurl.host\/index.php\/shop\/"},{"@type":"ListItem","position":3,"name":"Energy Full Gotero Aceite 6000 MG CBD"}]},{"@type":"WebSite","@id":"https:\/\/4-20.tempurl.host\/#website","url":"https:\/\/4-20.tempurl.host\/","name":"4 20","description":"Descubre la magia del cannabis y d\u00e9jate llevar por la experiencia.","publisher":{"@id":"https:\/\/4-20.tempurl.host\/#organization"},"potentialAction":[{"@type":"SearchAction","target":{"@type":"EntryPoint","urlTemplate":"https:\/\/4-20.tempurl.host\/?s={search_term_string}"},"query-input":{"@type":"PropertyValueSpecification","valueRequired":true,"valueName":"search_term_string"}}],"inLanguage":"es"},{"@type":"Organization","@id":"https:\/\/4-20.tempurl.host\/#organization","name":"4 20","url":"https:\/\/4-20.tempurl.host\/","logo":{"@type":"ImageObject","inLanguage":"es","@id":"https:\/\/4-20.tempurl.host\/#\/schema\/logo\/image\/","url":"https:\/\/4-20.mx\/wp-content\/uploads\/2023\/05\/logo-1.png","contentUrl":"https:\/\/4-20.mx\/wp-content\/uploads\/2023\/05\/logo-1.png","width":205,"height":102,"caption":"4 20"},"image":{"@id":"https:\/\/4-20.tempurl.host\/#\/schema\/logo\/image\/"}}]}},"_links":{"self":[{"href":"https:\/\/4-20.mx\/index.php\/wp-json\/wp\/v2\/product\/4159","targetHints":{"allow":["GET"]}}],"collection":[{"href":"https:\/\/4-20.mx\/index.php\/wp-json\/wp\/v2\/product"}],"about":[{"href":"https:\/\/4-20.mx\/index.php\/wp-json\/wp\/v2\/types\/product"}],"replies":[{"embeddable":true,"href":"https:\/\/4-20.mx\/index.php\/wp-json\/wp\/v2\/comments?post=4159"}],"wp:featuredmedia":[{"embeddable":true,"href":"https:\/\/4-20.mx\/index.php\/wp-json\/wp\/v2\/media\/632"}],"wp:attachment":[{"href":"https:\/\/4-20.mx\/index.php\/wp-json\/wp\/v2\/media?parent=4159"}],"wp:term":[{"taxonomy":"product_brand","embeddable":true,"href":"https:\/\/4-20.mx\/index.php\/wp-json\/wp\/v2\/product_brand?post=4159"},{"taxonomy":"product_cat","embeddable":true,"href":"https:\/\/4-20.mx\/index.php\/wp-json\/wp\/v2\/product_cat?post=4159"},{"taxonomy":"product_tag","embeddable":true,"href":"https:\/\/4-20.mx\/index.php\/wp-json\/wp\/v2\/product_tag?post=4159"}],"curies":[{"name":"wp","href":"https:\/\/api.w.org\/{rel}","templated":true}]}}