{"id":4158,"date":"1970-01-01T00:00:00","date_gmt":"1970-01-01T00:00:00","guid":{"rendered":"https:\/\/4-20.mx\/?post_type=product&#038;p=4158"},"modified":"2025-12-01T12:26:43","modified_gmt":"2025-12-01T18:26:43","slug":"gomitas-cbd-pure-con-20-mg-de-cbd-2","status":"publish","type":"product","link":"https:\/\/4-20.mx\/index.php\/producto\/gomitas-cbd-pure-con-20-mg-de-cbd-2\/","title":{"rendered":"Gomitas CBD Pure Con 20 MG de CBD"},"content":{"rendered":"<p><img decoding=\"async\" class=\"alignnone size-medium wp-image-634 lazyload\" data-src=\"https:\/\/4-20.mx\/wp-content\/uploads\/2023\/05\/cbd-pure--300x156.png\" alt=\"\" width=\"300\" height=\"156\" data-srcset=\"https:\/\/4-20.mx\/wp-content\/uploads\/2023\/05\/cbd-pure--300x156.png 300w, https:\/\/4-20.mx\/wp-content\/uploads\/2023\/05\/cbd-pure--768x398.png 768w, https:\/\/4-20.mx\/wp-content\/uploads\/2023\/05\/cbd-pure--600x311.png 600w, https:\/\/4-20.mx\/wp-content\/uploads\/2023\/05\/cbd-pure-.png 843w\" data-sizes=\"(max-width: 300px) 100vw, 300px\" src=\"data:image\/svg+xml;base64,PHN2ZyB3aWR0aD0iMSIgaGVpZ2h0PSIxIiB4bWxucz0iaHR0cDovL3d3dy53My5vcmcvMjAwMC9zdmciPjwvc3ZnPg==\" style=\"--smush-placeholder-width: 300px; --smush-placeholder-aspect-ratio: 300\/156;\" \/>Gomitas CBD Pure Con 20 MG de CBD<\/p>\n<p class=\"text\">Disfruta las originales gomitas de CBD puro cada una con 20mg de CBD aislado, disfruta de su rico sabor menta\/hierbabuena, aprovecha todos los beneficios que tiene el CBD dentro del sistema endocannabinoide de tu cuerpo y empieza a mejorar tu calidad de vida.<\/p>\n<p><label><b>INGREDIENTES<\/b><\/label><\/p>\n<div class=\"div-product\">\n<p class=\"text\">JARABE DE AGAVE, AGUA, AZUCAR, PECTINA, MCT, ACIDO CITRICO, CITRATO DE POTASIO, SABORIZANTE, DESTILADO DE HEMP Y COLORANTE.<b>SABOR MENTA\/HIERBABUENA.<\/b><\/p>\n<\/div>\n<p><label><b>PRESENTACI\u00d3N<\/b><\/label><\/p>\n<div class=\"div-product\">\n<p class=\"text\">Frascos de 15 y 30 gomitas con 600mg c\/u.<\/p>\n<\/div>\n<p><label><b>EFECTOS<\/b><\/label><\/p>\n<div class=\"div-product\">\n<ul>\n<li class=\"text\"><b>Relajado.<\/b><\/li>\n<li class=\"text\"><b>Calmado.<\/b><\/li>\n<li class=\"text\"><b>Animado.<\/b><\/li>\n<li class=\"text\"><b>Uso principal: CBD.<\/b><\/li>\n<\/ul>\n<\/div>\n<p><label><b>MODO DE USO<\/b><\/label><\/p>\n<div>\n<p class=\"text\">ADULTOS: INGERIR UNA GOMITA, LOS EFECTOS SE PODRAN SENTIR A PARTIR DE 30 MINUTOS, DE SER NECESARIO AJUSTE LA DOSIS A SU CONVENIENCIA.<\/p>\n<p><img decoding=\"async\" class=\"alignnone size-medium wp-image-482 lazyload\" data-src=\"https:\/\/4-20.mx\/wp-content\/uploads\/2023\/05\/Image-036-300x82.png\" alt=\"\" width=\"300\" height=\"82\" data-srcset=\"https:\/\/4-20.mx\/wp-content\/uploads\/2023\/05\/Image-036-300x82.png 300w, https:\/\/4-20.mx\/wp-content\/uploads\/2023\/05\/Image-036.png 461w\" data-sizes=\"(max-width: 300px) 100vw, 300px\" src=\"data:image\/svg+xml;base64,PHN2ZyB3aWR0aD0iMSIgaGVpZ2h0PSIxIiB4bWxucz0iaHR0cDovL3d3dy53My5vcmcvMjAwMC9zdmciPjwvc3ZnPg==\" style=\"--smush-placeholder-width: 300px; --smush-placeholder-aspect-ratio: 300\/82;\" \/><\/div>\n","protected":false},"excerpt":{"rendered":"<p>Gomitas CBD Pure Con 20 MG de CBD Disfruta las originales gomitas de CBD puro cada una con 20mg de CBD aislado, disfruta de su rico sabor menta\/hierbabuena, aprovecha todos los beneficios que tiene el CBD dentro del sistema endocannabinoide de tu cuerpo y empieza a mejorar tu calidad de vida. INGREDIENTES JARABE DE AGAVE,<a class=\"more-link\" href=\"https:\/\/4-20.mx\/index.php\/producto\/gomitas-cbd-pure-con-20-mg-de-cbd-2\/\">Ver m\u00e1s  &#10230;<\/a><\/p>\n","protected":false},"featured_media":635,"comment_status":"open","ping_status":"closed","template":"","meta":{"_angie_page":false,"_editorskit_title_hidden":false,"_editorskit_reading_time":0,"_editorskit_is_block_options_detached":false,"_editorskit_block_options_position":"{}","inline_featured_image":false},"product_brand":[],"product_cat":[54,55],"product_tag":[78],"class_list":{"0":"post-4158","1":"product","2":"type-product","3":"status-publish","4":"has-post-thumbnail","6":"product_cat-gomitas-terapeuticas-cbd","7":"product_cat-gomitas-terapeuticas-cbd-pure","8":"product_tag-gomitas-cbd-pure","10":"first","11":"outofstock","12":"shipping-taxable","13":"product-type-variable","14":"has-default-attributes"},"yoast_head":"<!-- This site is optimized with the Yoast SEO plugin v26.4 - https:\/\/yoast.com\/wordpress\/plugins\/seo\/ -->\n<title>Gomitas CBD Pure Con 20 MG de CBD - 4 20<\/title>\n<meta name=\"description\" content=\"Descubre los numerosos beneficios de las Gominolas de CBD Puro Con 20 MG de CBD - la forma perfecta de disfrutar de las bondades naturales del CBD. Esta p\u00e1gina ofrece 30 datos sobre las ventajas de consumir gominolas de CBD, incluyendo su capacidad para aliviar el estr\u00e9s, reducir el dolor y la inflamaci\u00f3n, mejorar el sue\u00f1o y mucho m\u00e1s. Tanto si eres nuevo en el mundo del CBD como un consumidor experimentado, esta p\u00e1gina te ayudar\u00e1 a comprender los beneficios de incorporar las gominolas de CBD a tu rutina diaria.\" \/>\n<meta name=\"robots\" content=\"index, follow, max-snippet:-1, max-image-preview:large, max-video-preview:-1\" \/>\n<link rel=\"canonical\" href=\"https:\/\/4-20.tempurl.host\/index.php\/producto\/gomitas-cbd-pure-con-20-mg-de-cbd-2\/\" \/>\n<meta property=\"og:locale\" content=\"es_ES\" \/>\n<meta property=\"og:type\" content=\"article\" \/>\n<meta property=\"og:title\" content=\"Gomitas CBD Pure Con 20 MG de CBD - 4 20\" \/>\n<meta property=\"og:description\" content=\"Descubre los numerosos beneficios de las Gominolas de CBD Puro Con 20 MG de CBD - la forma perfecta de disfrutar de las bondades naturales del CBD. Esta p\u00e1gina ofrece 30 datos sobre las ventajas de consumir gominolas de CBD, incluyendo su capacidad para aliviar el estr\u00e9s, reducir el dolor y la inflamaci\u00f3n, mejorar el sue\u00f1o y mucho m\u00e1s. Tanto si eres nuevo en el mundo del CBD como un consumidor experimentado, esta p\u00e1gina te ayudar\u00e1 a comprender los beneficios de incorporar las gominolas de CBD a tu rutina diaria.\" \/>\n<meta property=\"og:url\" content=\"https:\/\/4-20.tempurl.host\/index.php\/producto\/gomitas-cbd-pure-con-20-mg-de-cbd-2\/\" \/>\n<meta property=\"og:site_name\" content=\"4 20\" \/>\n<meta property=\"article:modified_time\" content=\"2025-12-01T18:26:43+00:00\" \/>\n<meta property=\"og:image\" content=\"https:\/\/4-20.tempurl.host\/wp-content\/uploads\/2023\/05\/cbd-pure.png\" \/>\n\t<meta property=\"og:image:width\" content=\"800\" \/>\n\t<meta property=\"og:image:height\" content=\"800\" \/>\n\t<meta property=\"og:image:type\" content=\"image\/png\" \/>\n<meta name=\"twitter:card\" content=\"summary_large_image\" \/>\n<meta name=\"twitter:label1\" content=\"Tiempo de lectura\" \/>\n\t<meta name=\"twitter:data1\" content=\"1 minuto\" \/>\n<script type=\"application\/ld+json\" class=\"yoast-schema-graph\">{\"@context\":\"https:\/\/schema.org\",\"@graph\":[{\"@type\":\"WebPage\",\"@id\":\"https:\/\/4-20.tempurl.host\/index.php\/producto\/gomitas-cbd-pure-con-20-mg-de-cbd-2\/\",\"url\":\"https:\/\/4-20.tempurl.host\/index.php\/producto\/gomitas-cbd-pure-con-20-mg-de-cbd-2\/\",\"name\":\"Gomitas CBD Pure Con 20 MG de CBD - 4 20\",\"isPartOf\":{\"@id\":\"https:\/\/4-20.tempurl.host\/#website\"},\"primaryImageOfPage\":{\"@id\":\"https:\/\/4-20.tempurl.host\/index.php\/producto\/gomitas-cbd-pure-con-20-mg-de-cbd-2\/#primaryimage\"},\"image\":{\"@id\":\"https:\/\/4-20.tempurl.host\/index.php\/producto\/gomitas-cbd-pure-con-20-mg-de-cbd-2\/#primaryimage\"},\"thumbnailUrl\":\"https:\/\/4-20.mx\/wp-content\/uploads\/2023\/05\/cbd-pure.png\",\"datePublished\":\"1970-01-01T00:00:00+00:00\",\"dateModified\":\"2025-12-01T18:26:43+00:00\",\"description\":\"Descubre los numerosos beneficios de las Gominolas de CBD Puro Con 20 MG de CBD - la forma perfecta de disfrutar de las bondades naturales del CBD. Esta p\u00e1gina ofrece 30 datos sobre las ventajas de consumir gominolas de CBD, incluyendo su capacidad para aliviar el estr\u00e9s, reducir el dolor y la inflamaci\u00f3n, mejorar el sue\u00f1o y mucho m\u00e1s. Tanto si eres nuevo en el mundo del CBD como un consumidor experimentado, esta p\u00e1gina te ayudar\u00e1 a comprender los beneficios de incorporar las gominolas de CBD a tu rutina diaria.\",\"breadcrumb\":{\"@id\":\"https:\/\/4-20.tempurl.host\/index.php\/producto\/gomitas-cbd-pure-con-20-mg-de-cbd-2\/#breadcrumb\"},\"inLanguage\":\"es\",\"potentialAction\":[{\"@type\":\"ReadAction\",\"target\":[\"https:\/\/4-20.tempurl.host\/index.php\/producto\/gomitas-cbd-pure-con-20-mg-de-cbd-2\/\"]}]},{\"@type\":\"ImageObject\",\"inLanguage\":\"es\",\"@id\":\"https:\/\/4-20.tempurl.host\/index.php\/producto\/gomitas-cbd-pure-con-20-mg-de-cbd-2\/#primaryimage\",\"url\":\"https:\/\/4-20.mx\/wp-content\/uploads\/2023\/05\/cbd-pure.png\",\"contentUrl\":\"https:\/\/4-20.mx\/wp-content\/uploads\/2023\/05\/cbd-pure.png\",\"width\":800,\"height\":800},{\"@type\":\"BreadcrumbList\",\"@id\":\"https:\/\/4-20.tempurl.host\/index.php\/producto\/gomitas-cbd-pure-con-20-mg-de-cbd-2\/#breadcrumb\",\"itemListElement\":[{\"@type\":\"ListItem\",\"position\":1,\"name\":\"Portada\",\"item\":\"https:\/\/4-20.mx\/\"},{\"@type\":\"ListItem\",\"position\":2,\"name\":\"Shop\",\"item\":\"https:\/\/4-20.tempurl.host\/index.php\/shop\/\"},{\"@type\":\"ListItem\",\"position\":3,\"name\":\"Gomitas CBD Pure Con 20 MG de CBD\"}]},{\"@type\":\"WebSite\",\"@id\":\"https:\/\/4-20.tempurl.host\/#website\",\"url\":\"https:\/\/4-20.tempurl.host\/\",\"name\":\"4 20\",\"description\":\"Descubre la magia del cannabis y d\u00e9jate llevar por la experiencia.\",\"publisher\":{\"@id\":\"https:\/\/4-20.tempurl.host\/#organization\"},\"potentialAction\":[{\"@type\":\"SearchAction\",\"target\":{\"@type\":\"EntryPoint\",\"urlTemplate\":\"https:\/\/4-20.tempurl.host\/?s={search_term_string}\"},\"query-input\":{\"@type\":\"PropertyValueSpecification\",\"valueRequired\":true,\"valueName\":\"search_term_string\"}}],\"inLanguage\":\"es\"},{\"@type\":\"Organization\",\"@id\":\"https:\/\/4-20.tempurl.host\/#organization\",\"name\":\"4 20\",\"url\":\"https:\/\/4-20.tempurl.host\/\",\"logo\":{\"@type\":\"ImageObject\",\"inLanguage\":\"es\",\"@id\":\"https:\/\/4-20.tempurl.host\/#\/schema\/logo\/image\/\",\"url\":\"https:\/\/4-20.mx\/wp-content\/uploads\/2023\/05\/logo-1.png\",\"contentUrl\":\"https:\/\/4-20.mx\/wp-content\/uploads\/2023\/05\/logo-1.png\",\"width\":205,\"height\":102,\"caption\":\"4 20\"},\"image\":{\"@id\":\"https:\/\/4-20.tempurl.host\/#\/schema\/logo\/image\/\"}}]}<\/script>\n<!-- \/ Yoast SEO plugin. -->","yoast_head_json":{"title":"Gomitas CBD Pure Con 20 MG de CBD - 4 20","description":"Descubre los numerosos beneficios de las Gominolas de CBD Puro Con 20 MG de CBD - la forma perfecta de disfrutar de las bondades naturales del CBD. Esta p\u00e1gina ofrece 30 datos sobre las ventajas de consumir gominolas de CBD, incluyendo su capacidad para aliviar el estr\u00e9s, reducir el dolor y la inflamaci\u00f3n, mejorar el sue\u00f1o y mucho m\u00e1s. Tanto si eres nuevo en el mundo del CBD como un consumidor experimentado, esta p\u00e1gina te ayudar\u00e1 a comprender los beneficios de incorporar las gominolas de CBD a tu rutina diaria.","robots":{"index":"index","follow":"follow","max-snippet":"max-snippet:-1","max-image-preview":"max-image-preview:large","max-video-preview":"max-video-preview:-1"},"canonical":"https:\/\/4-20.tempurl.host\/index.php\/producto\/gomitas-cbd-pure-con-20-mg-de-cbd-2\/","og_locale":"es_ES","og_type":"article","og_title":"Gomitas CBD Pure Con 20 MG de CBD - 4 20","og_description":"Descubre los numerosos beneficios de las Gominolas de CBD Puro Con 20 MG de CBD - la forma perfecta de disfrutar de las bondades naturales del CBD. Esta p\u00e1gina ofrece 30 datos sobre las ventajas de consumir gominolas de CBD, incluyendo su capacidad para aliviar el estr\u00e9s, reducir el dolor y la inflamaci\u00f3n, mejorar el sue\u00f1o y mucho m\u00e1s. Tanto si eres nuevo en el mundo del CBD como un consumidor experimentado, esta p\u00e1gina te ayudar\u00e1 a comprender los beneficios de incorporar las gominolas de CBD a tu rutina diaria.","og_url":"https:\/\/4-20.tempurl.host\/index.php\/producto\/gomitas-cbd-pure-con-20-mg-de-cbd-2\/","og_site_name":"4 20","article_modified_time":"2025-12-01T18:26:43+00:00","og_image":[{"width":800,"height":800,"url":"https:\/\/4-20.tempurl.host\/wp-content\/uploads\/2023\/05\/cbd-pure.png","type":"image\/png"}],"twitter_card":"summary_large_image","twitter_misc":{"Tiempo de lectura":"1 minuto"},"schema":{"@context":"https:\/\/schema.org","@graph":[{"@type":"WebPage","@id":"https:\/\/4-20.tempurl.host\/index.php\/producto\/gomitas-cbd-pure-con-20-mg-de-cbd-2\/","url":"https:\/\/4-20.tempurl.host\/index.php\/producto\/gomitas-cbd-pure-con-20-mg-de-cbd-2\/","name":"Gomitas CBD Pure Con 20 MG de CBD - 4 20","isPartOf":{"@id":"https:\/\/4-20.tempurl.host\/#website"},"primaryImageOfPage":{"@id":"https:\/\/4-20.tempurl.host\/index.php\/producto\/gomitas-cbd-pure-con-20-mg-de-cbd-2\/#primaryimage"},"image":{"@id":"https:\/\/4-20.tempurl.host\/index.php\/producto\/gomitas-cbd-pure-con-20-mg-de-cbd-2\/#primaryimage"},"thumbnailUrl":"https:\/\/4-20.mx\/wp-content\/uploads\/2023\/05\/cbd-pure.png","datePublished":"1970-01-01T00:00:00+00:00","dateModified":"2025-12-01T18:26:43+00:00","description":"Descubre los numerosos beneficios de las Gominolas de CBD Puro Con 20 MG de CBD - la forma perfecta de disfrutar de las bondades naturales del CBD. Esta p\u00e1gina ofrece 30 datos sobre las ventajas de consumir gominolas de CBD, incluyendo su capacidad para aliviar el estr\u00e9s, reducir el dolor y la inflamaci\u00f3n, mejorar el sue\u00f1o y mucho m\u00e1s. Tanto si eres nuevo en el mundo del CBD como un consumidor experimentado, esta p\u00e1gina te ayudar\u00e1 a comprender los beneficios de incorporar las gominolas de CBD a tu rutina diaria.","breadcrumb":{"@id":"https:\/\/4-20.tempurl.host\/index.php\/producto\/gomitas-cbd-pure-con-20-mg-de-cbd-2\/#breadcrumb"},"inLanguage":"es","potentialAction":[{"@type":"ReadAction","target":["https:\/\/4-20.tempurl.host\/index.php\/producto\/gomitas-cbd-pure-con-20-mg-de-cbd-2\/"]}]},{"@type":"ImageObject","inLanguage":"es","@id":"https:\/\/4-20.tempurl.host\/index.php\/producto\/gomitas-cbd-pure-con-20-mg-de-cbd-2\/#primaryimage","url":"https:\/\/4-20.mx\/wp-content\/uploads\/2023\/05\/cbd-pure.png","contentUrl":"https:\/\/4-20.mx\/wp-content\/uploads\/2023\/05\/cbd-pure.png","width":800,"height":800},{"@type":"BreadcrumbList","@id":"https:\/\/4-20.tempurl.host\/index.php\/producto\/gomitas-cbd-pure-con-20-mg-de-cbd-2\/#breadcrumb","itemListElement":[{"@type":"ListItem","position":1,"name":"Portada","item":"https:\/\/4-20.mx\/"},{"@type":"ListItem","position":2,"name":"Shop","item":"https:\/\/4-20.tempurl.host\/index.php\/shop\/"},{"@type":"ListItem","position":3,"name":"Gomitas CBD Pure Con 20 MG de CBD"}]},{"@type":"WebSite","@id":"https:\/\/4-20.tempurl.host\/#website","url":"https:\/\/4-20.tempurl.host\/","name":"4 20","description":"Descubre la magia del cannabis y d\u00e9jate llevar por la experiencia.","publisher":{"@id":"https:\/\/4-20.tempurl.host\/#organization"},"potentialAction":[{"@type":"SearchAction","target":{"@type":"EntryPoint","urlTemplate":"https:\/\/4-20.tempurl.host\/?s={search_term_string}"},"query-input":{"@type":"PropertyValueSpecification","valueRequired":true,"valueName":"search_term_string"}}],"inLanguage":"es"},{"@type":"Organization","@id":"https:\/\/4-20.tempurl.host\/#organization","name":"4 20","url":"https:\/\/4-20.tempurl.host\/","logo":{"@type":"ImageObject","inLanguage":"es","@id":"https:\/\/4-20.tempurl.host\/#\/schema\/logo\/image\/","url":"https:\/\/4-20.mx\/wp-content\/uploads\/2023\/05\/logo-1.png","contentUrl":"https:\/\/4-20.mx\/wp-content\/uploads\/2023\/05\/logo-1.png","width":205,"height":102,"caption":"4 20"},"image":{"@id":"https:\/\/4-20.tempurl.host\/#\/schema\/logo\/image\/"}}]}},"_links":{"self":[{"href":"https:\/\/4-20.mx\/index.php\/wp-json\/wp\/v2\/product\/4158","targetHints":{"allow":["GET"]}}],"collection":[{"href":"https:\/\/4-20.mx\/index.php\/wp-json\/wp\/v2\/product"}],"about":[{"href":"https:\/\/4-20.mx\/index.php\/wp-json\/wp\/v2\/types\/product"}],"replies":[{"embeddable":true,"href":"https:\/\/4-20.mx\/index.php\/wp-json\/wp\/v2\/comments?post=4158"}],"wp:featuredmedia":[{"embeddable":true,"href":"https:\/\/4-20.mx\/index.php\/wp-json\/wp\/v2\/media\/635"}],"wp:attachment":[{"href":"https:\/\/4-20.mx\/index.php\/wp-json\/wp\/v2\/media?parent=4158"}],"wp:term":[{"taxonomy":"product_brand","embeddable":true,"href":"https:\/\/4-20.mx\/index.php\/wp-json\/wp\/v2\/product_brand?post=4158"},{"taxonomy":"product_cat","embeddable":true,"href":"https:\/\/4-20.mx\/index.php\/wp-json\/wp\/v2\/product_cat?post=4158"},{"taxonomy":"product_tag","embeddable":true,"href":"https:\/\/4-20.mx\/index.php\/wp-json\/wp\/v2\/product_tag?post=4158"}],"curies":[{"name":"wp","href":"https:\/\/api.w.org\/{rel}","templated":true}]}}