{"id":4156,"date":"2023-01-06T20:10:00","date_gmt":"2023-01-06T20:10:00","guid":{"rendered":"https:\/\/4-20.mx\/?post_type=product&#038;p=4156"},"modified":"2025-12-01T12:26:43","modified_gmt":"2025-12-01T18:26:43","slug":"vape-desechable-thc-delta-9","status":"publish","type":"product","link":"https:\/\/4-20.mx\/index.php\/producto\/vape-desechable-thc-delta-9\/","title":{"rendered":"Vape Desechable THC Delta 9"},"content":{"rendered":"<pre id=\"1685649761573\" class=\"chat-content chat-response\">Los vapes desechables de HHC (Hexahydrocannabinol) y Delta 9 son dispositivos de vaporizaci\u00f3n pre-cargados con una soluci\u00f3n l\u00edquida que contiene una mezcla de cannabinoides, terpenos y otros compuestos naturales de la planta de cannabis. Estos vapes son dise\u00f1ados para ser utilizados y luego desechados una vez que se agote la soluci\u00f3n l\u00edquida.Los vapes de HHC est\u00e1n formulados con una forma sint\u00e9tica de THC que se considera m\u00e1s potente que el THC natural de la planta de cannabis. Por otro lado, los vapes de Delta 9 contienen una mezcla de THC y CBD, que se cree que proporciona un efecto equilibrado de relajaci\u00f3n y euforia.Ambos tipos de vapes son convenientes y f\u00e1ciles de usar, ya que no requieren recargas ni bater\u00edas. Simplemente se inhala el vapor a trav\u00e9s del dispositivo y se disfruta de los efectos de los cannabinoides. Sin embargo, es importante tener en cuenta que los vapes desechables pueden ser menos sostenibles y generar m\u00e1s residuos que los dispositivos recargables.Varios sabores Gelato Sativa , Citrus Hibrida, Orange Chai Late Sativa, Wild Hibrida , Strawnana Sativa, Strawberry CBD<\/pre>\n","protected":false},"excerpt":{"rendered":"<p>Los vapes desechables de HHC (Hexahydrocannabinol) y Delta 9 son dispositivos de vaporizaci\u00f3n pre-cargados con una soluci\u00f3n l\u00edquida que contiene una mezcla de cannabinoides, terpenos y otros compuestos naturales de la planta de cannabis. Estos vapes son dise\u00f1ados para ser utilizados y luego desechados una vez que se agote la soluci\u00f3n l\u00edquida.Los vapes de HHC<a class=\"more-link\" href=\"https:\/\/4-20.mx\/index.php\/producto\/vape-desechable-thc-delta-9\/\">Ver m\u00e1s  &#10230;<\/a><\/p>\n","protected":false},"featured_media":658,"comment_status":"open","ping_status":"closed","template":"","meta":{"_angie_page":false,"_editorskit_title_hidden":false,"_editorskit_reading_time":0,"_editorskit_is_block_options_detached":false,"_editorskit_block_options_position":"{}","inline_featured_image":false},"product_brand":[],"product_cat":[81,82,62],"product_tag":[],"class_list":{"0":"post-4156","1":"product","2":"type-product","3":"status-publish","4":"has-post-thumbnail","6":"product_cat-desechables","7":"product_cat-thc","8":"product_cat-vapes","10":"first","11":"outofstock","12":"shipping-taxable","13":"purchasable","14":"product-type-variable","15":"has-default-attributes"},"yoast_head":"<!-- This site is optimized with the Yoast SEO plugin v26.4 - https:\/\/yoast.com\/wordpress\/plugins\/seo\/ -->\n<title>Vape Desechable THC Delta 9 - 4 20<\/title>\n<meta name=\"robots\" content=\"index, follow, max-snippet:-1, max-image-preview:large, max-video-preview:-1\" \/>\n<link rel=\"canonical\" href=\"https:\/\/4-20.tempurl.host\/index.php\/producto\/vape-desechable-thc-delta-9\/\" \/>\n<meta property=\"og:locale\" content=\"es_ES\" \/>\n<meta property=\"og:type\" content=\"article\" \/>\n<meta property=\"og:title\" content=\"Vape Desechable THC Delta 9 - 4 20\" \/>\n<meta property=\"og:description\" content=\"Los vapes desechables de HHC (Hexahydrocannabinol) y Delta 9 son dispositivos de vaporizaci\u00f3n pre-cargados con una soluci\u00f3n l\u00edquida que contiene una mezcla de cannabinoides, terpenos y otros compuestos naturales de la planta de cannabis. Estos vapes son dise\u00f1ados para ser utilizados y luego desechados una vez que se agote la soluci\u00f3n l\u00edquida.Los vapes de HHCVer m\u00e1s &#10230;\" \/>\n<meta property=\"og:url\" content=\"https:\/\/4-20.tempurl.host\/index.php\/producto\/vape-desechable-thc-delta-9\/\" \/>\n<meta property=\"og:site_name\" content=\"4 20\" \/>\n<meta property=\"article:modified_time\" content=\"2025-12-01T18:26:43+00:00\" \/>\n<meta property=\"og:image\" content=\"https:\/\/4-20.tempurl.host\/wp-content\/uploads\/2023\/06\/Captura-de-pantalla-2023-06-01-a-las-2.00.34-p.m.png\" \/>\n\t<meta property=\"og:image:width\" content=\"282\" \/>\n\t<meta property=\"og:image:height\" content=\"662\" \/>\n\t<meta property=\"og:image:type\" content=\"image\/png\" \/>\n<meta name=\"twitter:card\" content=\"summary_large_image\" \/>\n<meta name=\"twitter:label1\" content=\"Tiempo de lectura\" \/>\n\t<meta name=\"twitter:data1\" content=\"1 minuto\" \/>\n<script type=\"application\/ld+json\" class=\"yoast-schema-graph\">{\"@context\":\"https:\/\/schema.org\",\"@graph\":[{\"@type\":\"WebPage\",\"@id\":\"https:\/\/4-20.tempurl.host\/index.php\/producto\/vape-desechable-thc-delta-9\/\",\"url\":\"https:\/\/4-20.tempurl.host\/index.php\/producto\/vape-desechable-thc-delta-9\/\",\"name\":\"Vape Desechable THC Delta 9 - 4 20\",\"isPartOf\":{\"@id\":\"https:\/\/4-20.tempurl.host\/#website\"},\"primaryImageOfPage\":{\"@id\":\"https:\/\/4-20.tempurl.host\/index.php\/producto\/vape-desechable-thc-delta-9\/#primaryimage\"},\"image\":{\"@id\":\"https:\/\/4-20.tempurl.host\/index.php\/producto\/vape-desechable-thc-delta-9\/#primaryimage\"},\"thumbnailUrl\":\"https:\/\/4-20.mx\/wp-content\/uploads\/2023\/06\/Captura-de-pantalla-2023-06-01-a-las-2.00.34-p.m.png\",\"datePublished\":\"2023-01-06T20:10:00+00:00\",\"dateModified\":\"2025-12-01T18:26:43+00:00\",\"breadcrumb\":{\"@id\":\"https:\/\/4-20.tempurl.host\/index.php\/producto\/vape-desechable-thc-delta-9\/#breadcrumb\"},\"inLanguage\":\"es\",\"potentialAction\":[{\"@type\":\"ReadAction\",\"target\":[\"https:\/\/4-20.tempurl.host\/index.php\/producto\/vape-desechable-thc-delta-9\/\"]}]},{\"@type\":\"ImageObject\",\"inLanguage\":\"es\",\"@id\":\"https:\/\/4-20.tempurl.host\/index.php\/producto\/vape-desechable-thc-delta-9\/#primaryimage\",\"url\":\"https:\/\/4-20.mx\/wp-content\/uploads\/2023\/06\/Captura-de-pantalla-2023-06-01-a-las-2.00.34-p.m.png\",\"contentUrl\":\"https:\/\/4-20.mx\/wp-content\/uploads\/2023\/06\/Captura-de-pantalla-2023-06-01-a-las-2.00.34-p.m.png\",\"width\":282,\"height\":662},{\"@type\":\"BreadcrumbList\",\"@id\":\"https:\/\/4-20.tempurl.host\/index.php\/producto\/vape-desechable-thc-delta-9\/#breadcrumb\",\"itemListElement\":[{\"@type\":\"ListItem\",\"position\":1,\"name\":\"Portada\",\"item\":\"https:\/\/4-20.mx\/\"},{\"@type\":\"ListItem\",\"position\":2,\"name\":\"Shop\",\"item\":\"https:\/\/4-20.tempurl.host\/index.php\/shop\/\"},{\"@type\":\"ListItem\",\"position\":3,\"name\":\"Vape Desechable THC Delta 9\"}]},{\"@type\":\"WebSite\",\"@id\":\"https:\/\/4-20.tempurl.host\/#website\",\"url\":\"https:\/\/4-20.tempurl.host\/\",\"name\":\"4 20\",\"description\":\"Descubre la magia del cannabis y d\u00e9jate llevar por la experiencia.\",\"publisher\":{\"@id\":\"https:\/\/4-20.tempurl.host\/#organization\"},\"potentialAction\":[{\"@type\":\"SearchAction\",\"target\":{\"@type\":\"EntryPoint\",\"urlTemplate\":\"https:\/\/4-20.tempurl.host\/?s={search_term_string}\"},\"query-input\":{\"@type\":\"PropertyValueSpecification\",\"valueRequired\":true,\"valueName\":\"search_term_string\"}}],\"inLanguage\":\"es\"},{\"@type\":\"Organization\",\"@id\":\"https:\/\/4-20.tempurl.host\/#organization\",\"name\":\"4 20\",\"url\":\"https:\/\/4-20.tempurl.host\/\",\"logo\":{\"@type\":\"ImageObject\",\"inLanguage\":\"es\",\"@id\":\"https:\/\/4-20.tempurl.host\/#\/schema\/logo\/image\/\",\"url\":\"https:\/\/4-20.mx\/wp-content\/uploads\/2023\/05\/logo-1.png\",\"contentUrl\":\"https:\/\/4-20.mx\/wp-content\/uploads\/2023\/05\/logo-1.png\",\"width\":205,\"height\":102,\"caption\":\"4 20\"},\"image\":{\"@id\":\"https:\/\/4-20.tempurl.host\/#\/schema\/logo\/image\/\"}}]}<\/script>\n<!-- \/ Yoast SEO plugin. -->","yoast_head_json":{"title":"Vape Desechable THC Delta 9 - 4 20","robots":{"index":"index","follow":"follow","max-snippet":"max-snippet:-1","max-image-preview":"max-image-preview:large","max-video-preview":"max-video-preview:-1"},"canonical":"https:\/\/4-20.tempurl.host\/index.php\/producto\/vape-desechable-thc-delta-9\/","og_locale":"es_ES","og_type":"article","og_title":"Vape Desechable THC Delta 9 - 4 20","og_description":"Los vapes desechables de HHC (Hexahydrocannabinol) y Delta 9 son dispositivos de vaporizaci\u00f3n pre-cargados con una soluci\u00f3n l\u00edquida que contiene una mezcla de cannabinoides, terpenos y otros compuestos naturales de la planta de cannabis. Estos vapes son dise\u00f1ados para ser utilizados y luego desechados una vez que se agote la soluci\u00f3n l\u00edquida.Los vapes de HHCVer m\u00e1s &#10230;","og_url":"https:\/\/4-20.tempurl.host\/index.php\/producto\/vape-desechable-thc-delta-9\/","og_site_name":"4 20","article_modified_time":"2025-12-01T18:26:43+00:00","og_image":[{"width":282,"height":662,"url":"https:\/\/4-20.tempurl.host\/wp-content\/uploads\/2023\/06\/Captura-de-pantalla-2023-06-01-a-las-2.00.34-p.m.png","type":"image\/png"}],"twitter_card":"summary_large_image","twitter_misc":{"Tiempo de lectura":"1 minuto"},"schema":{"@context":"https:\/\/schema.org","@graph":[{"@type":"WebPage","@id":"https:\/\/4-20.tempurl.host\/index.php\/producto\/vape-desechable-thc-delta-9\/","url":"https:\/\/4-20.tempurl.host\/index.php\/producto\/vape-desechable-thc-delta-9\/","name":"Vape Desechable THC Delta 9 - 4 20","isPartOf":{"@id":"https:\/\/4-20.tempurl.host\/#website"},"primaryImageOfPage":{"@id":"https:\/\/4-20.tempurl.host\/index.php\/producto\/vape-desechable-thc-delta-9\/#primaryimage"},"image":{"@id":"https:\/\/4-20.tempurl.host\/index.php\/producto\/vape-desechable-thc-delta-9\/#primaryimage"},"thumbnailUrl":"https:\/\/4-20.mx\/wp-content\/uploads\/2023\/06\/Captura-de-pantalla-2023-06-01-a-las-2.00.34-p.m.png","datePublished":"2023-01-06T20:10:00+00:00","dateModified":"2025-12-01T18:26:43+00:00","breadcrumb":{"@id":"https:\/\/4-20.tempurl.host\/index.php\/producto\/vape-desechable-thc-delta-9\/#breadcrumb"},"inLanguage":"es","potentialAction":[{"@type":"ReadAction","target":["https:\/\/4-20.tempurl.host\/index.php\/producto\/vape-desechable-thc-delta-9\/"]}]},{"@type":"ImageObject","inLanguage":"es","@id":"https:\/\/4-20.tempurl.host\/index.php\/producto\/vape-desechable-thc-delta-9\/#primaryimage","url":"https:\/\/4-20.mx\/wp-content\/uploads\/2023\/06\/Captura-de-pantalla-2023-06-01-a-las-2.00.34-p.m.png","contentUrl":"https:\/\/4-20.mx\/wp-content\/uploads\/2023\/06\/Captura-de-pantalla-2023-06-01-a-las-2.00.34-p.m.png","width":282,"height":662},{"@type":"BreadcrumbList","@id":"https:\/\/4-20.tempurl.host\/index.php\/producto\/vape-desechable-thc-delta-9\/#breadcrumb","itemListElement":[{"@type":"ListItem","position":1,"name":"Portada","item":"https:\/\/4-20.mx\/"},{"@type":"ListItem","position":2,"name":"Shop","item":"https:\/\/4-20.tempurl.host\/index.php\/shop\/"},{"@type":"ListItem","position":3,"name":"Vape Desechable THC Delta 9"}]},{"@type":"WebSite","@id":"https:\/\/4-20.tempurl.host\/#website","url":"https:\/\/4-20.tempurl.host\/","name":"4 20","description":"Descubre la magia del cannabis y d\u00e9jate llevar por la experiencia.","publisher":{"@id":"https:\/\/4-20.tempurl.host\/#organization"},"potentialAction":[{"@type":"SearchAction","target":{"@type":"EntryPoint","urlTemplate":"https:\/\/4-20.tempurl.host\/?s={search_term_string}"},"query-input":{"@type":"PropertyValueSpecification","valueRequired":true,"valueName":"search_term_string"}}],"inLanguage":"es"},{"@type":"Organization","@id":"https:\/\/4-20.tempurl.host\/#organization","name":"4 20","url":"https:\/\/4-20.tempurl.host\/","logo":{"@type":"ImageObject","inLanguage":"es","@id":"https:\/\/4-20.tempurl.host\/#\/schema\/logo\/image\/","url":"https:\/\/4-20.mx\/wp-content\/uploads\/2023\/05\/logo-1.png","contentUrl":"https:\/\/4-20.mx\/wp-content\/uploads\/2023\/05\/logo-1.png","width":205,"height":102,"caption":"4 20"},"image":{"@id":"https:\/\/4-20.tempurl.host\/#\/schema\/logo\/image\/"}}]}},"_links":{"self":[{"href":"https:\/\/4-20.mx\/index.php\/wp-json\/wp\/v2\/product\/4156","targetHints":{"allow":["GET"]}}],"collection":[{"href":"https:\/\/4-20.mx\/index.php\/wp-json\/wp\/v2\/product"}],"about":[{"href":"https:\/\/4-20.mx\/index.php\/wp-json\/wp\/v2\/types\/product"}],"replies":[{"embeddable":true,"href":"https:\/\/4-20.mx\/index.php\/wp-json\/wp\/v2\/comments?post=4156"}],"wp:featuredmedia":[{"embeddable":true,"href":"https:\/\/4-20.mx\/index.php\/wp-json\/wp\/v2\/media\/658"}],"wp:attachment":[{"href":"https:\/\/4-20.mx\/index.php\/wp-json\/wp\/v2\/media?parent=4156"}],"wp:term":[{"taxonomy":"product_brand","embeddable":true,"href":"https:\/\/4-20.mx\/index.php\/wp-json\/wp\/v2\/product_brand?post=4156"},{"taxonomy":"product_cat","embeddable":true,"href":"https:\/\/4-20.mx\/index.php\/wp-json\/wp\/v2\/product_cat?post=4156"},{"taxonomy":"product_tag","embeddable":true,"href":"https:\/\/4-20.mx\/index.php\/wp-json\/wp\/v2\/product_tag?post=4156"}],"curies":[{"name":"wp","href":"https:\/\/api.w.org\/{rel}","templated":true}]}}