{"id":544,"date":"2023-05-29T04:29:42","date_gmt":"2023-05-29T04:29:42","guid":{"rendered":"https:\/\/4-20.mx\/?page_id=544"},"modified":"2023-05-29T04:48:16","modified_gmt":"2023-05-29T04:48:16","slug":"aceites-broad","status":"publish","type":"page","link":"https:\/\/4-20.mx\/index.php\/aceites-broad\/","title":{"rendered":"Aceites Broad"},"content":{"rendered":"\t\t<div data-elementor-type=\"wp-page\" data-elementor-id=\"544\" class=\"elementor elementor-544\" data-elementor-post-type=\"page\">\n\t\t\t\t\t\t<section class=\"elementor-section elementor-top-section elementor-element elementor-element-efeccce elementor-section-stretched elementor-section-boxed elementor-section-height-default elementor-section-height-default\" data-id=\"efeccce\" data-element_type=\"section\" data-settings=\"{&quot;stretch_section&quot;:&quot;section-stretched&quot;}\">\n\t\t\t\t\t\t<div class=\"elementor-container elementor-column-gap-default\">\n\t\t\t\t\t<div class=\"elementor-column elementor-col-100 elementor-top-column elementor-element elementor-element-fc2a74a\" data-id=\"fc2a74a\" data-element_type=\"column\">\n\t\t\t<div class=\"elementor-widget-wrap elementor-element-populated\">\n\t\t\t\t\t\t<div class=\"woocommerce elementor-element elementor-element-d508785 elementor-pagination-type-bullets elementor-arrows-position-inside elementor-pagination-position-outside elementor-widget elementor-widget-loop-carousel\" data-id=\"d508785\" data-element_type=\"widget\" data-settings=\"{&quot;_skin&quot;:&quot;product&quot;,&quot;template_id&quot;:554,&quot;slides_to_show&quot;:&quot;3&quot;,&quot;slides_to_show_tablet&quot;:&quot;2&quot;,&quot;slides_to_show_mobile&quot;:&quot;1&quot;,&quot;slides_to_scroll&quot;:&quot;1&quot;,&quot;edit_handle_selector&quot;:&quot;.elementor-loop-container&quot;,&quot;autoplay&quot;:&quot;yes&quot;,&quot;autoplay_speed&quot;:5000,&quot;pause_on_hover&quot;:&quot;yes&quot;,&quot;pause_on_interaction&quot;:&quot;yes&quot;,&quot;infinite&quot;:&quot;yes&quot;,&quot;speed&quot;:500,&quot;offset_sides&quot;:&quot;none&quot;,&quot;arrows&quot;:&quot;yes&quot;,&quot;pagination&quot;:&quot;bullets&quot;,&quot;image_spacing_custom&quot;:{&quot;unit&quot;:&quot;px&quot;,&quot;size&quot;:10,&quot;sizes&quot;:[]},&quot;image_spacing_custom_tablet&quot;:{&quot;unit&quot;:&quot;px&quot;,&quot;size&quot;:&quot;&quot;,&quot;sizes&quot;:[]},&quot;image_spacing_custom_mobile&quot;:{&quot;unit&quot;:&quot;px&quot;,&quot;size&quot;:&quot;&quot;,&quot;sizes&quot;:[]}}\" data-widget_type=\"loop-carousel.product\">\n\t\t\t\t<div class=\"elementor-widget-container\">\n\t\t\t\t\t\t\t<div class=\"e-loop-nothing-found-message\">\n\t\t<\/div>\n\t\t\t\t\t\t<\/div>\n\t\t\t\t<\/div>\n\t\t\t\t<div class=\"elementor-element elementor-element-f166c16 elementor-widget elementor-widget-text-editor\" data-id=\"f166c16\" data-element_type=\"widget\" data-widget_type=\"text-editor.default\">\n\t\t\t\t<div class=\"elementor-widget-container\">\n\t\t\t\t\t\t\t\t\t<p>En los \u00faltimos a\u00f1os, el cannabidiol o CBD ha acaparado una gran atenci\u00f3n en la industria del bienestar por sus posibles beneficios terap\u00e9uticos. A diferencia del tetrahidrocannabinol (THC), el CBD no tiene efectos psicoactivos, por lo que su consumo es seguro y legal. Los productos con CBD se han hecho cada vez m\u00e1s populares y, con la creciente demanda, los fabricantes est\u00e1n ideando formas innovadoras de administrar el compuesto al organismo. Uno de los m\u00e9todos m\u00e1s potentes y eficaces para consumir CBD es a trav\u00e9s de la absorci\u00f3n sublingual.<\/p><p>Los aceites de CBD son un producto sublingual muy popular en el mercado, que hace que sea f\u00e1cil y c\u00f3modo administrar la dosis con precisi\u00f3n. Los aceites de CBD sublinguales de amplio espectro est\u00e1n ganando popularidad entre los consumidores debido a su combinaci\u00f3n \u00fanica de cannabinoides, terpenos y flavonoides. Los aceites de CBD de amplio espectro contienen los mismos compuestos y beneficios que los aceites de CBD de espectro completo, sin THC, lo que los hace ideales para las personas que quieren experimentar los beneficios del CBD sin el coloc\u00f3n.<\/p><p>En esta entrada del blog, exploraremos<\/p><h2>1. Ventajas de la administraci\u00f3n sublingual<\/h2><p>La administraci\u00f3n sublingual se refiere al suministro de compuestos directamente al torrente sangu\u00edneo a trav\u00e9s de los tejidos mucosos situados debajo de la lengua. Esta v\u00eda de administraci\u00f3n ofrece una serie de ventajas en t\u00e9rminos de absorci\u00f3n y eficacia del CBD. En comparaci\u00f3n con otros m\u00e9todos, como la ingesti\u00f3n oral o la inhalaci\u00f3n, la administraci\u00f3n sublingual permite una aparici\u00f3n m\u00e1s r\u00e1pida de los efectos, una mejor biodisponibilidad y una dosificaci\u00f3n m\u00e1s constante. Adem\u00e1s, la administraci\u00f3n sublingual evita el sistema digestivo y el h\u00edgado, que a menudo pueden descomponer los cannabinoides antes de que tengan la oportunidad de llegar al torrente sangu\u00edneo. Como resultado, la administraci\u00f3n sublingual puede resultar en una entrega m\u00e1s eficiente del CBD al cuerpo y un efecto m\u00e1s potente. Por estas razones, la administraci\u00f3n sublingual es un m\u00e9todo de administraci\u00f3n popular para muchos tipos de productos de CBD, incluidos los aceites sublinguales de amplio espectro.<\/p><h2>2. Tipos de aceites de CBD de amplio espectro<\/h2><p>El aceite de CBD de amplio espectro se ha convertido en una opci\u00f3n popular entre los usuarios que buscan un producto que contenga una variedad de cannabinoides y terpenos sin los efectos psicoactivos del THC. El aceite de CBD de amplio espectro es ideal para aquellos que no pueden tomar THC debido a su trabajo o preferencias personales. Existen dos tipos de aceites de CBD de amplio espectro: refinado y sin refinar. El aceite de CBD refinado se somete a un procesamiento adicional para eliminar el THC, mientras que el aceite de CBD sin refinar contiene todos los cannabinoides y terpenos naturales presentes en la planta de c\u00e1\u00f1amo. Algunos usuarios prefieren el aceite de CBD sin refinar por sus efectos de amplio espectro. En \u00faltima instancia, el tipo de aceite de CBD de amplio espectro es una cuesti\u00f3n de preferencia personal y necesidades individuales. Siempre se recomienda consultar con un profesional sanitario antes de probar cualquier suplemento nuevo, incluido el aceite de CBD de amplio espectro, para asegurarse de que es seguro y eficaz para sus circunstancias espec\u00edficas.<\/p><h2>3. Ventajas de una f\u00f3rmula de amplio espectro<\/h2><p>Los aceites de CBD de amplio espectro han ido ganando popularidad debido a sus beneficios potenciales para las personas que quieren experimentar toda la gama de beneficios asociados con el CBD sin consumir ninguno de los componentes psicoactivos que se encuentran en los aceites de espectro completo. Una de las mayores ventajas de una f\u00f3rmula de amplio espectro es que mantiene todos los dem\u00e1s componentes vegetales beneficiosos que se dan de forma natural en la planta de cannabis, como los terpenos y otros cannabinoides, incluidos el CBG, el CBN y el CBC, al tiempo que filtra el THC. Estos compuestos trabajan juntos sin\u00e9rgicamente para producir lo que se conoce como el \u00abefecto s\u00e9quito\u00bb. Los usuarios de productos de amplio espectro afirman sentir un impacto m\u00e1s potente con dosis m\u00e1s bajas, lo que se traduce en un menor consumo de CBD y en un ahorro de costes. Adem\u00e1s, como los aceites de CBD de amplio espectro no contienen THC detectable, no hay riesgo de efectos secundarios psicoactivos, lo que los convierte en una opci\u00f3n excelente para atletas, personas con licencias profesionales o cualquier persona preocupada por los requisitos de los controles de drogas. En general, las ventajas de una f\u00f3rmula de amplio espectro la convierten en una opci\u00f3n viable para las personas que buscan un aceite de CBD de alta calidad con una s\u00f3lida gama de beneficios que sea seguro y eficaz.<\/p><h2>4. Uso y dosis recomendados<\/h2><p>El uso y la dosificaci\u00f3n adecuados de los Aceites de CBD Sublinguales de Amplio Espectro son cruciales para conseguir los efectos deseados. Recomendamos empezar con una dosis peque\u00f1a y aumentarla gradualmente hasta encontrar la cantidad \u00f3ptima para sus necesidades individuales. La dosis recomendada puede variar en funci\u00f3n de factores como el peso, el metabolismo y la gravedad de la enfermedad. Es importante tener en cuenta que la administraci\u00f3n sublingual produce un inicio m\u00e1s r\u00e1pido y efectos m\u00e1s fuertes. Por lo tanto, aconsejamos colocar las gotas de aceite debajo de la lengua y mantenerlas all\u00ed de 30 a 60 segundos antes de tragarlas. Tambi\u00e9n sugerimos tomar el aceite de forma constante, preferiblemente a la misma hora cada d\u00eda para lograr los m\u00e1ximos beneficios. Como con cualquier suplemento nuevo, recomendamos encarecidamente consultar con un profesional sanitario antes de utilizarlo, especialmente si est\u00e1 embarazada, en per\u00edodo de lactancia o padece alguna enfermedad.<\/p><h2>5. Normas de control de calidad de los productos de CBD sublingual<\/h2><p>Las normas de control de calidad de los productos de CBD sublingual son cruciales para garantizar que los clientes reciban productos seguros y eficaces. Los aceites de CBD sublinguales de amplio espectro, en particular, requieren estrictas medidas de control de calidad porque contienen varios cannabinoides y terpenos que trabajan juntos para producir los efectos deseados. Para mantener la consistencia en la calidad de nuestros productos, establecemos est\u00e1ndares de alta calidad en cada etapa del proceso de producci\u00f3n. Nuestra prioridad es utilizar pr\u00e1cticas limpias y sostenibles durante el cultivo, la extracci\u00f3n y la formulaci\u00f3n. Tambi\u00e9n realizamos pruebas exhaustivas en cada lote de aceite de CBD sublingual para garantizar que cumple nuestros estrictos est\u00e1ndares de potencia, pureza y seguridad. Al adherirnos a estrictas normas de control de calidad, proporcionamos a nuestros clientes aceites de CBD sublinguales de amplio espectro que no s\u00f3lo son eficaces, sino tambi\u00e9n fiables y seguros.<\/p><p>En conclusi\u00f3n, los Aceites de CBD Sublinguales de Amplio Espectro pueden ser una alternativa eficaz a los medicamentos tradicionales para tratar diversos problemas de salud sin causar efectos psicoactivos. Con su amplia gama de beneficios terap\u00e9uticos y su f\u00e1cil aplicaci\u00f3n, el aceite de CBD ofrece una forma c\u00f3moda de mejorar tu bienestar f\u00edsico y mental general. Es importante investigar a fondo y hablar con un profesional m\u00e9dico antes de incorporar cualquier nuevo suplemento o medicamento a tu rutina, pero para aquellos que buscan un enfoque natural y hol\u00edstico del bienestar, puede merecer la pena considerar los Aceites de CBD Sublinguales de Amplio Espectro.<\/p>\t\t\t\t\t\t\t\t<\/div>\n\t\t\t\t<\/div>\n\t\t\t\t\t<\/div>\n\t\t<\/div>\n\t\t\t\t\t<\/div>\n\t\t<\/section>\n\t\t\t\t<\/div>\n\t\t","protected":false},"excerpt":{"rendered":"<p>En los \u00faltimos a\u00f1os, el cannabidiol o CBD ha acaparado una gran atenci\u00f3n en la industria del bienestar por sus posibles beneficios terap\u00e9uticos. A diferencia del tetrahidrocannabinol (THC), el CBD no tiene efectos psicoactivos, por lo que su consumo es seguro y legal. Los productos con CBD se han hecho cada vez m\u00e1s populares y,<a class=\"more-link\" href=\"https:\/\/4-20.mx\/index.php\/aceites-broad\/\">Ver m\u00e1s  &#10230;<\/a><\/p>\n","protected":false},"author":1,"featured_media":0,"parent":0,"menu_order":0,"comment_status":"closed","ping_status":"closed","template":"elementor_header_footer","meta":{"_angie_page":false,"_editorskit_title_hidden":false,"_editorskit_reading_time":1,"_editorskit_is_block_options_detached":false,"_editorskit_block_options_position":"{}","inline_featured_image":false,"footnotes":""},"class_list":["post-544","page","type-page","status-publish","hentry"],"yoast_head":"<!-- This site is optimized with the Yoast SEO plugin v26.4 - https:\/\/yoast.com\/wordpress\/plugins\/seo\/ -->\n<title>Aceites Broad - 4 20<\/title>\n<meta name=\"robots\" content=\"index, follow, max-snippet:-1, max-image-preview:large, max-video-preview:-1\" \/>\n<link rel=\"canonical\" href=\"https:\/\/4-20.tempurl.host\/index.php\/aceites-broad\/\" \/>\n<meta property=\"og:locale\" content=\"es_ES\" \/>\n<meta property=\"og:type\" content=\"article\" \/>\n<meta property=\"og:title\" content=\"Aceites Broad - 4 20\" \/>\n<meta property=\"og:description\" content=\"En los \u00faltimos a\u00f1os, el cannabidiol o CBD ha acaparado una gran atenci\u00f3n en la industria del bienestar por sus posibles beneficios terap\u00e9uticos. A diferencia del tetrahidrocannabinol (THC), el CBD no tiene efectos psicoactivos, por lo que su consumo es seguro y legal. Los productos con CBD se han hecho cada vez m\u00e1s populares y,Ver m\u00e1s &#10230;\" \/>\n<meta property=\"og:url\" content=\"https:\/\/4-20.tempurl.host\/index.php\/aceites-broad\/\" \/>\n<meta property=\"og:site_name\" content=\"4 20\" \/>\n<meta property=\"article:modified_time\" content=\"2023-05-29T04:48:16+00:00\" \/>\n<meta name=\"twitter:card\" content=\"summary_large_image\" \/>\n<meta name=\"twitter:label1\" content=\"Tiempo de lectura\" \/>\n\t<meta name=\"twitter:data1\" content=\"11 minutos\" \/>\n<script type=\"application\/ld+json\" class=\"yoast-schema-graph\">{\"@context\":\"https:\/\/schema.org\",\"@graph\":[{\"@type\":\"WebPage\",\"@id\":\"https:\/\/4-20.tempurl.host\/index.php\/aceites-broad\/\",\"url\":\"https:\/\/4-20.tempurl.host\/index.php\/aceites-broad\/\",\"name\":\"Aceites Broad - 4 20\",\"isPartOf\":{\"@id\":\"https:\/\/4-20.tempurl.host\/#website\"},\"datePublished\":\"2023-05-29T04:29:42+00:00\",\"dateModified\":\"2023-05-29T04:48:16+00:00\",\"breadcrumb\":{\"@id\":\"https:\/\/4-20.tempurl.host\/index.php\/aceites-broad\/#breadcrumb\"},\"inLanguage\":\"es\",\"potentialAction\":[{\"@type\":\"ReadAction\",\"target\":[\"https:\/\/4-20.tempurl.host\/index.php\/aceites-broad\/\"]}]},{\"@type\":\"BreadcrumbList\",\"@id\":\"https:\/\/4-20.tempurl.host\/index.php\/aceites-broad\/#breadcrumb\",\"itemListElement\":[{\"@type\":\"ListItem\",\"position\":1,\"name\":\"Portada\",\"item\":\"https:\/\/4-20.mx\/\"},{\"@type\":\"ListItem\",\"position\":2,\"name\":\"Aceites Broad\"}]},{\"@type\":\"WebSite\",\"@id\":\"https:\/\/4-20.tempurl.host\/#website\",\"url\":\"https:\/\/4-20.tempurl.host\/\",\"name\":\"4 20\",\"description\":\"Descubre la magia del cannabis y d\u00e9jate llevar por la experiencia.\",\"publisher\":{\"@id\":\"https:\/\/4-20.tempurl.host\/#organization\"},\"potentialAction\":[{\"@type\":\"SearchAction\",\"target\":{\"@type\":\"EntryPoint\",\"urlTemplate\":\"https:\/\/4-20.tempurl.host\/?s={search_term_string}\"},\"query-input\":{\"@type\":\"PropertyValueSpecification\",\"valueRequired\":true,\"valueName\":\"search_term_string\"}}],\"inLanguage\":\"es\"},{\"@type\":\"Organization\",\"@id\":\"https:\/\/4-20.tempurl.host\/#organization\",\"name\":\"4 20\",\"url\":\"https:\/\/4-20.tempurl.host\/\",\"logo\":{\"@type\":\"ImageObject\",\"inLanguage\":\"es\",\"@id\":\"https:\/\/4-20.tempurl.host\/#\/schema\/logo\/image\/\",\"url\":\"https:\/\/4-20.mx\/wp-content\/uploads\/2023\/05\/logo-1.png\",\"contentUrl\":\"https:\/\/4-20.mx\/wp-content\/uploads\/2023\/05\/logo-1.png\",\"width\":205,\"height\":102,\"caption\":\"4 20\"},\"image\":{\"@id\":\"https:\/\/4-20.tempurl.host\/#\/schema\/logo\/image\/\"}}]}<\/script>\n<!-- \/ Yoast SEO plugin. -->","yoast_head_json":{"title":"Aceites Broad - 4 20","robots":{"index":"index","follow":"follow","max-snippet":"max-snippet:-1","max-image-preview":"max-image-preview:large","max-video-preview":"max-video-preview:-1"},"canonical":"https:\/\/4-20.tempurl.host\/index.php\/aceites-broad\/","og_locale":"es_ES","og_type":"article","og_title":"Aceites Broad - 4 20","og_description":"En los \u00faltimos a\u00f1os, el cannabidiol o CBD ha acaparado una gran atenci\u00f3n en la industria del bienestar por sus posibles beneficios terap\u00e9uticos. A diferencia del tetrahidrocannabinol (THC), el CBD no tiene efectos psicoactivos, por lo que su consumo es seguro y legal. Los productos con CBD se han hecho cada vez m\u00e1s populares y,Ver m\u00e1s &#10230;","og_url":"https:\/\/4-20.tempurl.host\/index.php\/aceites-broad\/","og_site_name":"4 20","article_modified_time":"2023-05-29T04:48:16+00:00","twitter_card":"summary_large_image","twitter_misc":{"Tiempo de lectura":"11 minutos"},"schema":{"@context":"https:\/\/schema.org","@graph":[{"@type":"WebPage","@id":"https:\/\/4-20.tempurl.host\/index.php\/aceites-broad\/","url":"https:\/\/4-20.tempurl.host\/index.php\/aceites-broad\/","name":"Aceites Broad - 4 20","isPartOf":{"@id":"https:\/\/4-20.tempurl.host\/#website"},"datePublished":"2023-05-29T04:29:42+00:00","dateModified":"2023-05-29T04:48:16+00:00","breadcrumb":{"@id":"https:\/\/4-20.tempurl.host\/index.php\/aceites-broad\/#breadcrumb"},"inLanguage":"es","potentialAction":[{"@type":"ReadAction","target":["https:\/\/4-20.tempurl.host\/index.php\/aceites-broad\/"]}]},{"@type":"BreadcrumbList","@id":"https:\/\/4-20.tempurl.host\/index.php\/aceites-broad\/#breadcrumb","itemListElement":[{"@type":"ListItem","position":1,"name":"Portada","item":"https:\/\/4-20.mx\/"},{"@type":"ListItem","position":2,"name":"Aceites Broad"}]},{"@type":"WebSite","@id":"https:\/\/4-20.tempurl.host\/#website","url":"https:\/\/4-20.tempurl.host\/","name":"4 20","description":"Descubre la magia del cannabis y d\u00e9jate llevar por la experiencia.","publisher":{"@id":"https:\/\/4-20.tempurl.host\/#organization"},"potentialAction":[{"@type":"SearchAction","target":{"@type":"EntryPoint","urlTemplate":"https:\/\/4-20.tempurl.host\/?s={search_term_string}"},"query-input":{"@type":"PropertyValueSpecification","valueRequired":true,"valueName":"search_term_string"}}],"inLanguage":"es"},{"@type":"Organization","@id":"https:\/\/4-20.tempurl.host\/#organization","name":"4 20","url":"https:\/\/4-20.tempurl.host\/","logo":{"@type":"ImageObject","inLanguage":"es","@id":"https:\/\/4-20.tempurl.host\/#\/schema\/logo\/image\/","url":"https:\/\/4-20.mx\/wp-content\/uploads\/2023\/05\/logo-1.png","contentUrl":"https:\/\/4-20.mx\/wp-content\/uploads\/2023\/05\/logo-1.png","width":205,"height":102,"caption":"4 20"},"image":{"@id":"https:\/\/4-20.tempurl.host\/#\/schema\/logo\/image\/"}}]}},"_links":{"self":[{"href":"https:\/\/4-20.mx\/index.php\/wp-json\/wp\/v2\/pages\/544","targetHints":{"allow":["GET"]}}],"collection":[{"href":"https:\/\/4-20.mx\/index.php\/wp-json\/wp\/v2\/pages"}],"about":[{"href":"https:\/\/4-20.mx\/index.php\/wp-json\/wp\/v2\/types\/page"}],"author":[{"embeddable":true,"href":"https:\/\/4-20.mx\/index.php\/wp-json\/wp\/v2\/users\/1"}],"replies":[{"embeddable":true,"href":"https:\/\/4-20.mx\/index.php\/wp-json\/wp\/v2\/comments?post=544"}],"version-history":[{"count":0,"href":"https:\/\/4-20.mx\/index.php\/wp-json\/wp\/v2\/pages\/544\/revisions"}],"wp:attachment":[{"href":"https:\/\/4-20.mx\/index.php\/wp-json\/wp\/v2\/media?parent=544"}],"curies":[{"name":"wp","href":"https:\/\/api.w.org\/{rel}","templated":true}]}}